{"id":14869,"date":"2019-06-14T09:57:15","date_gmt":"2019-06-14T09:57:15","guid":{"rendered":"https:\/\/www.dr-frati.com\/microdermoabrasione\/"},"modified":"2025-11-21T08:25:23","modified_gmt":"2025-11-21T08:25:23","slug":"microdermoabrasione","status":"publish","type":"page","link":"https:\/\/dr-frati.com\/it\/trattamenti-per-la-pelle\/microdermoabrasione\/","title":{"rendered":"Microdermoabrasione"},"content":{"rendered":"<p>global id=&#8221;209&#8243;]builder_container hundred_percent=&#8221;no&#8221; hundred_percent_height=&#8221;no&#8221; hundred_percent_height_scroll=&#8221;no&#8221; hundred_percent_height_center_content=&#8221;s\u00ec&#8221; equal_height_columns=&#8221;no&#8221; menu_anchor=&#8221;&#8221; hide_on_mobile=&#8221;small-visibility,medium-visibility,large-visibility&#8221; status=&#8221;published&#8221; publish_date=&#8221;&#8221; class=&#8221;&#8221; id=&#8221;&#8221; background_color=&#8221;&#8221; background_image=&#8221;&#8221; background_position=&#8221;center center&#8221; background_repeat=&#8221;no-repeat&#8221; fade=&#8221;no&#8221; background_parallax=&#8221;none&#8221; enable_mobile=&#8221;no&#8221; parallax_speed=&#8221;0.3&#8243; video_mp4=&#8221;&#8221; video_webm=&#8221;&#8221; video_ogv=&#8221;&#8221; video_url=&#8221;&#8221; video_aspect_ratio=&#8221;16:9&#8243; video_loop=&#8221;s\u00ec&#8221; video_mute=&#8221;s\u00ec&#8221; video_preview_image=&#8221;&#8221; border_size=&#8221;&#8221; border_color=&#8221;&#8221; border_style=&#8221;solid&#8221; margin_top=&#8221;40&#8243; margin_bottom=&#8221;40&#8243; padding_top=&#8221;&#8221; padding_right=&#8221;&#8221; padding_bottom=&#8221;&#8221; padding_left=&#8221;&#8221;]builder_row]builder_column type=&#8221;1_1&#8243; layout=&#8221;1_1&#8243; spacing=&#8221;&#8221; center_content=&#8221;no&#8221; link=&#8221;&#8221; target=&#8221;_self&#8221; min_height=&#8221;&#8221; hide_on_mobile=&#8221;small-visibility,medium-visibility,large-visibility&#8221; class=&#8221;&#8221; id=&#8221;&#8221; background_color=&#8221;&#8221; background_image=&#8221;&#8221; background_image_id=&#8221;&#8221; background_position=&#8221;left top&#8221; background_repeat=&#8221;no-repeat&#8221; hover_type=&#8221;none&#8221; border_size=&#8221;0&#8243; border_color=&#8221;&#8221; border_style=&#8221;solid&#8221; border_position=&#8221;all&#8221; padding_top=&#8221;&#8221; padding_right=&#8221;&#8221; padding_bottom=&#8221;&#8221; padding_left=&#8221;&#8221; margin_top=&#8221;&#8221; margin_bottom=&#8221;&#8221; animation_type=&#8221;&#8221; animation_direction=&#8221;left&#8221; animation_speed=&#8221;0.3&#8243; animation_offset=&#8221;&#8221; last=&#8221;no&#8221;]title hide_on_mobile=&#8221;piccola-visibilit\u00e0,media-visibilit\u00e0,grande-visibilit\u00e0&#8221; class=&#8221;&#8221; id=&#8221;&#8221; content_align=&#8221;center&#8221; size=&#8221;1&#8243; font_size=&#8221;&#8221; line_height=&#8221;&#8221; letter_spacing=&#8221;&#8221; margin_top=&#8221;&#8221; margin_bottom=&#8221;&#8221; text_color=&#8221;&#8221; style_type=&#8221;none&#8221; sep_color=&#8221;&#8221;]<\/p>\n<h1><b>Microdermoabrasione<\/b><\/h1>\n<p>_title]text columns=&#8221;&#8221; column_min_width=&#8221;&#8221; column_spacing=&#8221;&#8221; rule_style=&#8221;default&#8221; rule_size=&#8221;&#8221; rule_color=&#8221;&#8221; hide_on_mobile=&#8221;small-visibility,medium-visibility,large-visibility&#8221; class=&#8221;&#8221; id=&#8221;&#8221;]<\/p>\n<p>La microdermoabrasione, comunemente definita lifting istantaneo, rimuove le cellule morte dal viso e riduce l&#8217;effetto di linee sottili e piccole imperfezioni cutanee. Con l&#8217;invecchiamento della pelle e l&#8217;azione di fattori ambientali come fumo, danni del sole e cicatrici, che ne accelerano l&#8217;invecchiamento, la pelle pu\u00f2 apparire secca, stanca e spenta. La microdermoabrasione pu\u00f2 essere utilizzata per rivitalizzare la pelle e pu\u00f2 trattare efficacemente linee sottili e rughe, pelle danneggiata dal sole, macchie senili, iperpigmentazione, pelle grassa e pelle a chiazze e irregolari. Pu\u00f2 essere utilizzata su tutti i tipi di pelle e non provoca alterazioni del colorito.   <\/p>\n<p>Prima del trattamento avrai una consulenza per discutere le ragioni per cui desideri il trattamento e per avere una valutazione completa, al fine di garantire la tua idoneit\u00e0 e il risultato desiderato che desideri ottenere.<\/p>\n<p><img fetchpriority=\"high\" decoding=\"async\" class=\"wp-image-686 alignright\" src=\"https:\/\/www.dr-frati.com\/wp-content\/uploads\/2019\/09\/shutterstock_163928081-e1569604200964.jpg\" alt=\"Microdermoabrasione\" width=\"500\" height=\"306\" srcset=\"https:\/\/dr-frati.com\/wp-content\/uploads\/2019\/09\/shutterstock_163928081-e1569604200964.jpg 1000w, https:\/\/dr-frati.com\/wp-content\/uploads\/2019\/09\/shutterstock_163928081-e1569604200964-300x184.jpg 300w, https:\/\/dr-frati.com\/wp-content\/uploads\/2019\/09\/shutterstock_163928081-e1569604200964-768x470.jpg 768w, https:\/\/dr-frati.com\/wp-content\/uploads\/2019\/09\/shutterstock_163928081-e1569604200964-200x122.jpg 200w, https:\/\/dr-frati.com\/wp-content\/uploads\/2019\/09\/shutterstock_163928081-e1569604200964-400x245.jpg 400w, https:\/\/dr-frati.com\/wp-content\/uploads\/2019\/09\/shutterstock_163928081-e1569604200964-600x367.jpg 600w, https:\/\/dr-frati.com\/wp-content\/uploads\/2019\/09\/shutterstock_163928081-e1569604200964-800x490.jpg 800w\" sizes=\"(max-width: 500px) 100vw, 500px\" \/>Il trattamento prevede l&#8217;utilizzo di un dispositivo che, passando sul viso, espelle un flusso di cristalli. Questi cristalli, tra cui ossido di alluminio, ossido di magnesio, cloruro di sodio e bicarbonato di sodio, sciolgono le cellule morte della pelle. Un sistema di aspirazione rimuove quindi i cristalli e le cellule morte.  <\/p>\n<p>Il trattamento dura circa 30 minuti e viene eseguito in clinica. Non \u00e8 necessario il ricovero in ospedale. I risultati dovrebbero essere visibili immediatamente, anche se potrebbe verificarsi un leggero rossore che scomparir\u00e0 dopo un&#8217;ora. Si consiglia di evitare l&#8217;esposizione al sole per 2 o 3 giorni dopo il trattamento e di utilizzare sempre una protezione solare.   <\/p>\n<p>Il costo del trattamento verr\u00e0 discusso con voi durante la visita, una volta effettuata la valutazione. A seconda della condizione della pelle per cui si intende sottoporsi alla microdermoabrasione, potrebbe essere necessario un piano di trattamento che includa ulteriori sedute. <\/p>\n<p>Come per qualsiasi procedura, esistono potenziali rischi e complicazioni. Questi saranno discussi con voi prima di qualsiasi trattamento, insieme alla vostra storia clinica. Vi saranno fornite informazioni complete in relazione alla vostra specifica procedura, che potrete utilizzare e su cui riflettere dopo la visita. Non dimenticate che il nostro cordiale team \u00e8 a vostra disposizione per rispondere a qualsiasi domanda.  <\/p>\n<p>_text]_builder_column]_builder_row]_builder_container]ID globale=&#8221;450&#8243;]ID globale=&#8221;300&#8243;]<\/p>\n","protected":false},"excerpt":{"rendered":"<p>global id=&#8221;209&#8243;]builder_container hundred_percent=&#8221;no&#8221; hundred_percent_height=&#8221;no&#8221; hundred_percent_height_scroll=&#8221;no&#8221; hundred_percent_height_center_content=&#8221;s\u00ec&#8221; equal_height_columns=&#8221;no&#8221; menu_anchor=&#8221;&#8221; hide_on_mobile=&#8221;small-visibility,medium-visibility,large-visibility&#8221; status=&#8221;published&#8221; publish_date=&#8221;&#8221; class=&#8221;&#8221; id=&#8221;&#8221; background_color=&#8221;&#8221; background_image=&#8221;&#8221; background_position=&#8221;center center&#8221; background_repeat=&#8221;no-repeat&#8221; fade=&#8221;no&#8221; background_parallax=&#8221;none&#8221; enable_mobile=&#8221;no&#8221; parallax_speed=&#8221;0.3&#8243; video_mp4=&#8221;&#8221; video_webm=&#8221;&#8221; video_ogv=&#8221;&#8221; video_url=&#8221;&#8221; video_aspect_ratio=&#8221;16:9&#8243; video_loop=&#8221;s\u00ec&#8221; video_mute=&#8221;s\u00ec&#8221; video_preview_image=&#8221;&#8221; border_size=&#8221;&#8221; border_color=&#8221;&#8221; border_style=&#8221;solid&#8221; margin_top=&#8221;40&#8243; margin_bottom=&#8221;40&#8243; padding_top=&#8221;&#8221; padding_right=&#8221;&#8221; padding_bottom=&#8221;&#8221; padding_left=&#8221;&#8221;]builder_row]builder_column type=&#8221;1_1&#8243; layout=&#8221;1_1&#8243; spacing=&#8221;&#8221; center_content=&#8221;no&#8221; link=&#8221;&#8221; target=&#8221;_self&#8221; min_height=&#8221;&#8221; hide_on_mobile=&#8221;small-visibility,medium-visibility,large-visibility&#8221; class=&#8221;&#8221; id=&#8221;&#8221; background_color=&#8221;&#8221; background_image=&#8221;&#8221; background_image_id=&#8221;&#8221; background_position=&#8221;left top&#8221; background_repeat=&#8221;no-repeat&#8221; hover_type=&#8221;none&#8221; border_size=&#8221;0&#8243; border_color=&#8221;&#8221; border_style=&#8221;solid&#8221; border_position=&#8221;all&#8221; padding_top=&#8221;&#8221; padding_right=&#8221;&#8221; padding_bottom=&#8221;&#8221; padding_left=&#8221;&#8221; margin_top=&#8221;&#8221; margin_bottom=&#8221;&#8221; animation_type=&#8221;&#8221; animation_direction=&#8221;left&#8221; animation_speed=&#8221;0.3&#8243; animation_offset=&#8221;&#8221; last=&#8221;no&#8221;]title hide_on_mobile=&#8221;piccola-visibilit\u00e0,media-visibilit\u00e0,grande-visibilit\u00e0&#8221; class=&#8221;&#8221; id=&#8221;&#8221; content_align=&#8221;center&#8221; size=&#8221;1&#8243; font_size=&#8221;&#8221; line_height=&#8221;&#8221; letter_spacing=&#8221;&#8221; margin_top=&#8221;&#8221; margin_bottom=&#8221;&#8221; text_color=&#8221;&#8221; style_type=&#8221;none&#8221; sep_color=&#8221;&#8221;] Microdermoabrasione _title]text columns=&#8221;&#8221; column_min_width=&#8221;&#8221; column_spacing=&#8221;&#8221; rule_style=&#8221;default&#8221; rule_size=&#8221;&#8221; rule_color=&#8221;&#8221; hide_on_mobile=&#8221;small-visibility,medium-visibility,large-visibility&#8221; class=&#8221;&#8221; id=&#8221;&#8221;] La microdermoabrasione, comunemente definita lifting istantaneo, rimuove le cellule morte dal viso e riduce l&#8217;effetto di linee sottili e piccole imperfezioni cutanee. Con l&#8217;invecchiamento della pelle e l&#8217;azione di fattori ambientali come fumo, danni del sole e cicatrici, che ne accelerano l&#8217;invecchiamento, la pelle pu\u00f2 apparire secca, stanca e spenta. La microdermoabrasione pu\u00f2 essere utilizzata per rivitalizzare la pelle e pu\u00f2 trattare efficacemente linee sottili e rughe, pelle danneggiata dal sole, macchie senili, iperpigmentazione, pelle grassa e pelle a chiazze e irregolari. Pu\u00f2 essere utilizzata su tutti i tipi di pelle e non provoca alterazioni del colorito. Prima del trattamento avrai una consulenza per discutere le ragioni per cui desideri il trattamento e per avere una valutazione completa, al fine di garantire la tua idoneit\u00e0 e il risultato desiderato che desideri ottenere. Il trattamento prevede l&#8217;utilizzo di un dispositivo che, passando sul viso, espelle un flusso di cristalli. Questi cristalli, tra cui ossido di alluminio, ossido di magnesio, cloruro di sodio e bicarbonato di sodio, sciolgono le cellule morte della pelle. Un sistema di aspirazione rimuove quindi i cristalli e le cellule morte. Il trattamento dura circa 30 minuti e viene eseguito in clinica. Non \u00e8 necessario il ricovero in ospedale. I risultati dovrebbero essere visibili immediatamente, anche se potrebbe verificarsi un leggero rossore che scomparir\u00e0 dopo un&#8217;ora. Si consiglia di evitare l&#8217;esposizione al sole per 2 o 3 giorni dopo il trattamento e di utilizzare sempre una protezione solare. Il costo del trattamento verr\u00e0 discusso con voi durante la visita, una volta effettuata la valutazione. A seconda della condizione della pelle per cui si intende sottoporsi alla microdermoabrasione, potrebbe essere necessario un piano di trattamento che includa ulteriori sedute. Come per qualsiasi procedura, esistono potenziali rischi e complicazioni. Questi saranno discussi con voi prima di qualsiasi trattamento, insieme alla vostra storia clinica. Vi saranno fornite informazioni complete in relazione alla vostra specifica procedura, che potrete utilizzare e su cui riflettere dopo la visita. Non dimenticate che il nostro cordiale team \u00e8 a vostra disposizione per rispondere a qualsiasi domanda. _text]_builder_column]_builder_row]_builder_container]ID globale=&#8221;450&#8243;]ID globale=&#8221;300&#8243;]<\/p>\n","protected":false},"author":2,"featured_media":0,"parent":14906,"menu_order":0,"comment_status":"closed","ping_status":"closed","template":"","meta":{"_acf_changed":false,"footnotes":""},"class_list":["post-14869","page","type-page","status-publish","hentry"],"acf":[],"yoast_head":"<!-- This site is optimized with the Yoast SEO plugin v27.3 - https:\/\/yoast.com\/product\/yoast-seo-wordpress\/ -->\n<title>Microdermoabrasione nel Regno Unito | Dott. Frat<\/title>\n<meta name=\"description\" content=\"Le microdermoabrasioni rimuovono le cellule morte della pelle dal viso e riducono l&#039;effetto delle linee sottili e delle piccole imperfezioni della pelle: contattaci!\" \/>\n<meta name=\"robots\" content=\"index, follow, max-snippet:-1, max-image-preview:large, max-video-preview:-1\" \/>\n<link rel=\"canonical\" href=\"https:\/\/dr-frati.com\/it\/trattamenti-per-la-pelle\/microdermoabrasione\/\" \/>\n<meta property=\"og:locale\" content=\"it_IT\" \/>\n<meta property=\"og:type\" content=\"article\" \/>\n<meta property=\"og:title\" content=\"Microdermoabrasione nel Regno Unito | Dott. Frat\" \/>\n<meta property=\"og:description\" content=\"Le microdermoabrasioni rimuovono le cellule morte della pelle dal viso e riducono l&#039;effetto delle linee sottili e delle piccole imperfezioni della pelle: contattaci!\" \/>\n<meta property=\"og:url\" content=\"https:\/\/dr-frati.com\/it\/trattamenti-per-la-pelle\/microdermoabrasione\/\" \/>\n<meta property=\"og:site_name\" content=\"Dr Frati Cosmetic Surgery\" \/>\n<meta property=\"article:publisher\" content=\"https:\/\/www.facebook.com\/drriccardofrati\/\" \/>\n<meta property=\"article:modified_time\" content=\"2025-11-21T08:25:23+00:00\" \/>\n<meta property=\"og:image\" content=\"https:\/\/dr-frati.com\/wp-content\/uploads\/2019\/09\/shutterstock_163928081-e1569604200964.jpg\" \/>\n\t<meta property=\"og:image:width\" content=\"1000\" \/>\n\t<meta property=\"og:image:height\" content=\"612\" \/>\n\t<meta property=\"og:image:type\" content=\"image\/jpeg\" \/>\n<meta name=\"twitter:card\" content=\"summary_large_image\" \/>\n<meta name=\"twitter:site\" content=\"@drfraticosmetic\" \/>\n<meta name=\"twitter:label1\" content=\"Tempo di lettura stimato\" \/>\n\t<meta name=\"twitter:data1\" content=\"3 minuti\" \/>\n<script type=\"application\/ld+json\" class=\"yoast-schema-graph\">{\"@context\":\"https:\\\/\\\/schema.org\",\"@graph\":[{\"@type\":\"WebPage\",\"@id\":\"https:\\\/\\\/dr-frati.com\\\/it\\\/trattamenti-per-la-pelle\\\/microdermoabrasione\\\/\",\"url\":\"https:\\\/\\\/dr-frati.com\\\/it\\\/trattamenti-per-la-pelle\\\/microdermoabrasione\\\/\",\"name\":\"Microdermoabrasione nel Regno Unito | Dott. Frat\",\"isPartOf\":{\"@id\":\"https:\\\/\\\/dr-frati.com\\\/it\\\/#website\"},\"primaryImageOfPage\":{\"@id\":\"https:\\\/\\\/dr-frati.com\\\/it\\\/trattamenti-per-la-pelle\\\/microdermoabrasione\\\/#primaryimage\"},\"image\":{\"@id\":\"https:\\\/\\\/dr-frati.com\\\/it\\\/trattamenti-per-la-pelle\\\/microdermoabrasione\\\/#primaryimage\"},\"thumbnailUrl\":\"https:\\\/\\\/www.dr-frati.com\\\/wp-content\\\/uploads\\\/2019\\\/09\\\/shutterstock_163928081-e1569604200964.jpg\",\"datePublished\":\"2019-06-14T09:57:15+00:00\",\"dateModified\":\"2025-11-21T08:25:23+00:00\",\"description\":\"Le microdermoabrasioni rimuovono le cellule morte della pelle dal viso e riducono l'effetto delle linee sottili e delle piccole imperfezioni della pelle: contattaci!\",\"breadcrumb\":{\"@id\":\"https:\\\/\\\/dr-frati.com\\\/it\\\/trattamenti-per-la-pelle\\\/microdermoabrasione\\\/#breadcrumb\"},\"inLanguage\":\"it-IT\",\"potentialAction\":[{\"@type\":\"ReadAction\",\"target\":[\"https:\\\/\\\/dr-frati.com\\\/it\\\/trattamenti-per-la-pelle\\\/microdermoabrasione\\\/\"]}]},{\"@type\":\"ImageObject\",\"inLanguage\":\"it-IT\",\"@id\":\"https:\\\/\\\/dr-frati.com\\\/it\\\/trattamenti-per-la-pelle\\\/microdermoabrasione\\\/#primaryimage\",\"url\":\"https:\\\/\\\/www.dr-frati.com\\\/wp-content\\\/uploads\\\/2019\\\/09\\\/shutterstock_163928081-e1569604200964.jpg\",\"contentUrl\":\"https:\\\/\\\/www.dr-frati.com\\\/wp-content\\\/uploads\\\/2019\\\/09\\\/shutterstock_163928081-e1569604200964.jpg\"},{\"@type\":\"BreadcrumbList\",\"@id\":\"https:\\\/\\\/dr-frati.com\\\/it\\\/trattamenti-per-la-pelle\\\/microdermoabrasione\\\/#breadcrumb\",\"itemListElement\":[{\"@type\":\"ListItem\",\"position\":1,\"name\":\"Home\",\"item\":\"https:\\\/\\\/dr-frati.com\\\/it\\\/casa\\\/\"},{\"@type\":\"ListItem\",\"position\":2,\"name\":\"Trattamenti per la pelle\",\"item\":\"https:\\\/\\\/dr-frati.com\\\/it\\\/trattamenti-per-la-pelle\\\/\"},{\"@type\":\"ListItem\",\"position\":3,\"name\":\"Microdermoabrasione\"}]},{\"@type\":\"WebSite\",\"@id\":\"https:\\\/\\\/dr-frati.com\\\/it\\\/#website\",\"url\":\"https:\\\/\\\/dr-frati.com\\\/it\\\/\",\"name\":\"Dr Frati Cosmetic Surgery\",\"description\":\"Dr Frati Cosmetic Surgery\",\"publisher\":{\"@id\":\"https:\\\/\\\/dr-frati.com\\\/it\\\/#organization\"},\"potentialAction\":[{\"@type\":\"SearchAction\",\"target\":{\"@type\":\"EntryPoint\",\"urlTemplate\":\"https:\\\/\\\/dr-frati.com\\\/it\\\/?s={search_term_string}\"},\"query-input\":{\"@type\":\"PropertyValueSpecification\",\"valueRequired\":true,\"valueName\":\"search_term_string\"}}],\"inLanguage\":\"it-IT\"},{\"@type\":\"Organization\",\"@id\":\"https:\\\/\\\/dr-frati.com\\\/it\\\/#organization\",\"name\":\"Dr Frati Cosmetic Surgery\",\"url\":\"https:\\\/\\\/dr-frati.com\\\/it\\\/\",\"logo\":{\"@type\":\"ImageObject\",\"inLanguage\":\"it-IT\",\"@id\":\"https:\\\/\\\/dr-frati.com\\\/it\\\/#\\\/schema\\\/logo\\\/image\\\/\",\"url\":\"https:\\\/\\\/dr-frati.com\\\/wp-content\\\/uploads\\\/2019\\\/07\\\/frlogobw.jpg\",\"contentUrl\":\"https:\\\/\\\/dr-frati.com\\\/wp-content\\\/uploads\\\/2019\\\/07\\\/frlogobw.jpg\",\"width\":532,\"height\":201,\"caption\":\"Dr Frati Cosmetic Surgery\"},\"image\":{\"@id\":\"https:\\\/\\\/dr-frati.com\\\/it\\\/#\\\/schema\\\/logo\\\/image\\\/\"},\"sameAs\":[\"https:\\\/\\\/www.facebook.com\\\/drriccardofrati\\\/\",\"https:\\\/\\\/x.com\\\/drfraticosmetic\",\"https:\\\/\\\/www.instagram.com\\\/fraticosmeticsurgery\\\/?hl=en\"]}]}<\/script>\n<!-- \/ Yoast SEO plugin. -->","yoast_head_json":{"title":"Microdermoabrasione nel Regno Unito | Dott. Frat","description":"Le microdermoabrasioni rimuovono le cellule morte della pelle dal viso e riducono l'effetto delle linee sottili e delle piccole imperfezioni della pelle: contattaci!","robots":{"index":"index","follow":"follow","max-snippet":"max-snippet:-1","max-image-preview":"max-image-preview:large","max-video-preview":"max-video-preview:-1"},"canonical":"https:\/\/dr-frati.com\/it\/trattamenti-per-la-pelle\/microdermoabrasione\/","og_locale":"it_IT","og_type":"article","og_title":"Microdermoabrasione nel Regno Unito | Dott. Frat","og_description":"Le microdermoabrasioni rimuovono le cellule morte della pelle dal viso e riducono l'effetto delle linee sottili e delle piccole imperfezioni della pelle: contattaci!","og_url":"https:\/\/dr-frati.com\/it\/trattamenti-per-la-pelle\/microdermoabrasione\/","og_site_name":"Dr Frati Cosmetic Surgery","article_publisher":"https:\/\/www.facebook.com\/drriccardofrati\/","article_modified_time":"2025-11-21T08:25:23+00:00","og_image":[{"width":1000,"height":612,"url":"https:\/\/dr-frati.com\/wp-content\/uploads\/2019\/09\/shutterstock_163928081-e1569604200964.jpg","type":"image\/jpeg"}],"twitter_card":"summary_large_image","twitter_site":"@drfraticosmetic","twitter_misc":{"Tempo di lettura stimato":"3 minuti"},"schema":{"@context":"https:\/\/schema.org","@graph":[{"@type":"WebPage","@id":"https:\/\/dr-frati.com\/it\/trattamenti-per-la-pelle\/microdermoabrasione\/","url":"https:\/\/dr-frati.com\/it\/trattamenti-per-la-pelle\/microdermoabrasione\/","name":"Microdermoabrasione nel Regno Unito | Dott. Frat","isPartOf":{"@id":"https:\/\/dr-frati.com\/it\/#website"},"primaryImageOfPage":{"@id":"https:\/\/dr-frati.com\/it\/trattamenti-per-la-pelle\/microdermoabrasione\/#primaryimage"},"image":{"@id":"https:\/\/dr-frati.com\/it\/trattamenti-per-la-pelle\/microdermoabrasione\/#primaryimage"},"thumbnailUrl":"https:\/\/www.dr-frati.com\/wp-content\/uploads\/2019\/09\/shutterstock_163928081-e1569604200964.jpg","datePublished":"2019-06-14T09:57:15+00:00","dateModified":"2025-11-21T08:25:23+00:00","description":"Le microdermoabrasioni rimuovono le cellule morte della pelle dal viso e riducono l'effetto delle linee sottili e delle piccole imperfezioni della pelle: contattaci!","breadcrumb":{"@id":"https:\/\/dr-frati.com\/it\/trattamenti-per-la-pelle\/microdermoabrasione\/#breadcrumb"},"inLanguage":"it-IT","potentialAction":[{"@type":"ReadAction","target":["https:\/\/dr-frati.com\/it\/trattamenti-per-la-pelle\/microdermoabrasione\/"]}]},{"@type":"ImageObject","inLanguage":"it-IT","@id":"https:\/\/dr-frati.com\/it\/trattamenti-per-la-pelle\/microdermoabrasione\/#primaryimage","url":"https:\/\/www.dr-frati.com\/wp-content\/uploads\/2019\/09\/shutterstock_163928081-e1569604200964.jpg","contentUrl":"https:\/\/www.dr-frati.com\/wp-content\/uploads\/2019\/09\/shutterstock_163928081-e1569604200964.jpg"},{"@type":"BreadcrumbList","@id":"https:\/\/dr-frati.com\/it\/trattamenti-per-la-pelle\/microdermoabrasione\/#breadcrumb","itemListElement":[{"@type":"ListItem","position":1,"name":"Home","item":"https:\/\/dr-frati.com\/it\/casa\/"},{"@type":"ListItem","position":2,"name":"Trattamenti per la pelle","item":"https:\/\/dr-frati.com\/it\/trattamenti-per-la-pelle\/"},{"@type":"ListItem","position":3,"name":"Microdermoabrasione"}]},{"@type":"WebSite","@id":"https:\/\/dr-frati.com\/it\/#website","url":"https:\/\/dr-frati.com\/it\/","name":"Dr Frati Cosmetic Surgery","description":"Dr Frati Cosmetic Surgery","publisher":{"@id":"https:\/\/dr-frati.com\/it\/#organization"},"potentialAction":[{"@type":"SearchAction","target":{"@type":"EntryPoint","urlTemplate":"https:\/\/dr-frati.com\/it\/?s={search_term_string}"},"query-input":{"@type":"PropertyValueSpecification","valueRequired":true,"valueName":"search_term_string"}}],"inLanguage":"it-IT"},{"@type":"Organization","@id":"https:\/\/dr-frati.com\/it\/#organization","name":"Dr Frati Cosmetic Surgery","url":"https:\/\/dr-frati.com\/it\/","logo":{"@type":"ImageObject","inLanguage":"it-IT","@id":"https:\/\/dr-frati.com\/it\/#\/schema\/logo\/image\/","url":"https:\/\/dr-frati.com\/wp-content\/uploads\/2019\/07\/frlogobw.jpg","contentUrl":"https:\/\/dr-frati.com\/wp-content\/uploads\/2019\/07\/frlogobw.jpg","width":532,"height":201,"caption":"Dr Frati Cosmetic Surgery"},"image":{"@id":"https:\/\/dr-frati.com\/it\/#\/schema\/logo\/image\/"},"sameAs":["https:\/\/www.facebook.com\/drriccardofrati\/","https:\/\/x.com\/drfraticosmetic","https:\/\/www.instagram.com\/fraticosmeticsurgery\/?hl=en"]}]}},"_links":{"self":[{"href":"https:\/\/dr-frati.com\/it\/wp-json\/wp\/v2\/pages\/14869","targetHints":{"allow":["GET"]}}],"collection":[{"href":"https:\/\/dr-frati.com\/it\/wp-json\/wp\/v2\/pages"}],"about":[{"href":"https:\/\/dr-frati.com\/it\/wp-json\/wp\/v2\/types\/page"}],"author":[{"embeddable":true,"href":"https:\/\/dr-frati.com\/it\/wp-json\/wp\/v2\/users\/2"}],"replies":[{"embeddable":true,"href":"https:\/\/dr-frati.com\/it\/wp-json\/wp\/v2\/comments?post=14869"}],"version-history":[{"count":1,"href":"https:\/\/dr-frati.com\/it\/wp-json\/wp\/v2\/pages\/14869\/revisions"}],"predecessor-version":[{"id":14910,"href":"https:\/\/dr-frati.com\/it\/wp-json\/wp\/v2\/pages\/14869\/revisions\/14910"}],"up":[{"embeddable":true,"href":"https:\/\/dr-frati.com\/it\/wp-json\/wp\/v2\/pages\/14906"}],"wp:attachment":[{"href":"https:\/\/dr-frati.com\/it\/wp-json\/wp\/v2\/media?parent=14869"}],"curies":[{"name":"wp","href":"https:\/\/api.w.org\/{rel}","templated":true}]}}