{"id":14870,"date":"2019-06-14T10:29:52","date_gmt":"2019-06-14T10:29:52","guid":{"rendered":"https:\/\/www.dr-frati.com\/liposuzione-vaser\/"},"modified":"2019-06-14T10:29:52","modified_gmt":"2019-06-14T10:29:52","slug":"liposuzione-vaser","status":"publish","type":"page","link":"https:\/\/dr-frati.com\/it\/liposuzione-vaser\/","title":{"rendered":"Liposuzione Vaser"},"content":{"rendered":"<p>global id=&#8221;239&#8243;]builder_container hundred_percent=&#8221;no&#8221; hundred_percent_height=&#8221;no&#8221; hundred_percent_height_scroll=&#8221;no&#8221; hundred_percent_height_center_content=&#8221;s\u00ec&#8221; equal_height_columns=&#8221;no&#8221; menu_anchor=&#8221;&#8221; hide_on_mobile=&#8221;small-visibility,medium-visibility,large-visibility&#8221; status=&#8221;published&#8221; publish_date=&#8221;&#8221; class=&#8221;&#8221; id=&#8221;&#8221; background_color=&#8221;&#8221; background_image=&#8221;&#8221; background_position=&#8221;center center&#8221; background_repeat=&#8221;no-repeat&#8221; fade=&#8221;no&#8221; background_parallax=&#8221;none&#8221; enable_mobile=&#8221;no&#8221; parallax_speed=&#8221;0.3&#8243; video_mp4=&#8221;&#8221; video_webm=&#8221;&#8221; video_ogv=&#8221;&#8221; video_url=&#8221;&#8221; video_aspect_ratio=&#8221;16:9&#8243; video_loop=&#8221;s\u00ec&#8221; video_mute=&#8221;s\u00ec&#8221; video_preview_image=&#8221;&#8221; border_size=&#8221;&#8221; border_color=&#8221;&#8221; border_style=&#8221;solid&#8221; margin_top=&#8221;40&#8243; margin_bottom=&#8221;40&#8243; padding_top=&#8221;&#8221; padding_right=&#8221;&#8221; padding_bottom=&#8221;&#8221; padding_left=&#8221;&#8221;]builder_row]builder_column type=&#8221;1_1&#8243; layout=&#8221;1_1&#8243; spacing=&#8221;&#8221; center_content=&#8221;no&#8221; link=&#8221;&#8221; target=&#8221;_self&#8221; min_height=&#8221;&#8221; hide_on_mobile=&#8221;small-visibility,medium-visibility,large-visibility&#8221; class=&#8221;&#8221; id=&#8221;&#8221; background_color=&#8221;&#8221; background_image=&#8221;&#8221; background_image_id=&#8221;&#8221; background_position=&#8221;left top&#8221; background_repeat=&#8221;no-repeat&#8221; hover_type=&#8221;none&#8221; border_size=&#8221;0&#8243; border_color=&#8221;&#8221; border_style=&#8221;solid&#8221; border_position=&#8221;all&#8221; padding_top=&#8221;&#8221; padding_right=&#8221;&#8221; padding_bottom=&#8221;&#8221; padding_left=&#8221;&#8221; margin_top=&#8221;&#8221; margin_bottom=&#8221;&#8221; animation_type=&#8221;&#8221; animation_direction=&#8221;left&#8221; animation_speed=&#8221;0.3&#8243; animation_offset=&#8221;&#8221; last=&#8221;no&#8221;]title hide_on_mobile=&#8221;piccola-visibilit\u00e0,media-visibilit\u00e0,grande-visibilit\u00e0&#8221; class=&#8221;&#8221; id=&#8221;&#8221; content_align=&#8221;center&#8221; size=&#8221;1&#8243; font_size=&#8221;&#8221; line_height=&#8221;&#8221; letter_spacing=&#8221;&#8221; margin_top=&#8221;&#8221; margin_bottom=&#8221;&#8221; text_color=&#8221;&#8221; style_type=&#8221;none&#8221; sep_color=&#8221;&#8221;]<\/p>\n<p><b>Liposuzione Vaser<\/b><\/p>\n<p>_title]text columns=&#8221;&#8221; column_min_width=&#8221;&#8221; column_spacing=&#8221;&#8221; rule_style=&#8221;default&#8221; rule_size=&#8221;&#8221; rule_color=&#8221;&#8221; hide_on_mobile=&#8221;small-visibility,medium-visibility,large-visibility&#8221; class=&#8221;&#8221; id=&#8221;&#8221;]<\/p>\n<p>La liposuzione Vaser (amplificazione vibratoria dell&#8217;energia sonora a risonanza) \u00e8 un tipo di liposuzione che pu\u00f2 rimuovere il grasso da aree molto specifiche, consentendo un preciso modellamento del corpo e beneficiando di tempi di recupero molto pi\u00f9 rapidi rispetto ad altre tecniche di liposuzione. Le aree trattabili includono addome, parte superiore delle braccia, collo, mento, schiena, seno, glutei, fianchi, ginocchia, caviglie e cosce; e pu\u00f2 essere utilizzata in abbinamento a una serie di procedure come il <g id=\"gid_0\">Mummy Makeover UK<\/g> e <g id=\"gid_1\">la chirurgia di riduzione del seno<\/g> . Questa procedura \u00e8 adatta per la rimozione del grasso in eccesso laddove \u00e8 tradizionalmente difficile perdere con dieta ed esercizio fisico, non per chi \u00e8 in sovrappeso.  <\/p>\n<p>Avrete un consulto con il Dott. Frati per discutere le ragioni per cui desiderate sottoporvi alla procedura e il risultato estetico desiderato. Vi verr\u00e0 inoltre consigliato se questa \u00e8 la tecnica giusta da utilizzare per le vostre specifiche aree affette da eccesso di grasso e se potrebbero essere necessarie ulteriori procedure per ottenere i risultati migliori. A seconda delle aree da trattare e delle loro dimensioni, vi verr\u00e0 consigliato se \u00e8 necessaria una liposuzione Vaser chirurgica o non chirurgica.  <\/p>\n<h2>Liposuzione Vaser maggiori informazioni&#8230;<\/h2>\n<p><img fetchpriority=\"high\" decoding=\"async\" class=\"wp-image-674 alignright\" src=\"https:\/\/www.dr-frati.com\/wp-content\/uploads\/2019\/09\/shutterstock_774512023.jpg\" alt=\"Liposuzione Vaser\" width=\"500\" height=\"333\">La liposuzione Vaser utilizza la tecnologia a ultrasuoni per colpire specificamente le cellule adipose, fluidificarle e poi rimuoverle, modellando la zona da trattare attraverso una piccola cannula inserita nella zona. Questo metodo \u00e8 meno invasivo rispetto ad altre tecniche di liposuzione. <\/p>\n<p>Il trattamento sar\u00e0 eseguito in anestesia locale e non sar\u00e0 necessario il ricovero ospedaliero. La liposuzione Vaser durer\u00e0 dai 45 minuti alle 3 ore, a seconda del numero e delle dimensioni delle aree da trattare. Si consiglia di riposare immediatamente dopo l&#8217;intervento, con un ritorno al lavoro previsto dopo 2-4 giorni. Vi verr\u00e0 fornita una guaina compressiva da indossare fino a 6 settimane, con risultati visibili a partire dalla terza settimana. Dopo 6 settimane, dovreste essere completamente guariti e in salute. Avrete appuntamenti di controllo con l&#8217;infermiere e il chirurgo, che discuteranno del vostro recupero, risponderanno a qualsiasi dubbio e vi consiglieranno eventuali cure postoperatorie aggiuntive per favorire la guarigione e ottenere i migliori risultati possibili.     <\/p>\n<h2>Costo della liposuzione Vaser?<\/h2>\n<p>Non esiste un prezzo fisso per la liposuzione Vaser, poich\u00e9 il prezzo e il trattamento sono individuali e dipendono dal numero e dalle dimensioni delle aree da trattare, nonch\u00e9 da eventuali procedure aggiuntive necessarie per ottenere l&#8217;aspetto desiderato. Questo aspetto sar\u00e0 discusso approfonditamente con voi durante la consulenza. <\/p>\n<p>Come per qualsiasi intervento chirurgico, esistono potenziali rischi e complicazioni. Questi saranno discussi con voi prima dell&#8217;intervento, insieme alla vostra storia clinica. Vi saranno fornite informazioni complete in relazione alla vostra specifica procedura, che potrete utilizzare e su cui riflettere dopo la visita. Non dimenticate che il nostro cordiale team \u00e8 a vostra disposizione per rispondere a qualsiasi domanda. <a href=\"https:\/\/www.dr-frati.com\/contact\/\">Contattateci<\/a> oggi stesso per maggiori informazioni, saremo lieti di aiutarvi!  <\/p>\n<p>_text]_builder_column]_builder_row]_builder_container]ID globale=&#8221;450&#8243;]ID globale=&#8221;300&#8243;]<\/p>\n","protected":false},"excerpt":{"rendered":"<p>global id=&#8221;239&#8243;]builder_container hundred_percent=&#8221;no&#8221; hundred_percent_height=&#8221;no&#8221; hundred_percent_height_scroll=&#8221;no&#8221; hundred_percent_height_center_content=&#8221;s\u00ec&#8221; equal_height_columns=&#8221;no&#8221; menu_anchor=&#8221;&#8221; hide_on_mobile=&#8221;small-visibility,medium-visibility,large-visibility&#8221; status=&#8221;published&#8221; publish_date=&#8221;&#8221; class=&#8221;&#8221; id=&#8221;&#8221; background_color=&#8221;&#8221; background_image=&#8221;&#8221; background_position=&#8221;center center&#8221; background_repeat=&#8221;no-repeat&#8221; fade=&#8221;no&#8221; background_parallax=&#8221;none&#8221; enable_mobile=&#8221;no&#8221; parallax_speed=&#8221;0.3&#8243; video_mp4=&#8221;&#8221; video_webm=&#8221;&#8221; video_ogv=&#8221;&#8221; video_url=&#8221;&#8221; video_aspect_ratio=&#8221;16:9&#8243; video_loop=&#8221;s\u00ec&#8221; video_mute=&#8221;s\u00ec&#8221; video_preview_image=&#8221;&#8221; border_size=&#8221;&#8221; border_color=&#8221;&#8221; border_style=&#8221;solid&#8221; margin_top=&#8221;40&#8243; margin_bottom=&#8221;40&#8243; padding_top=&#8221;&#8221; padding_right=&#8221;&#8221; padding_bottom=&#8221;&#8221; padding_left=&#8221;&#8221;]builder_row]builder_column type=&#8221;1_1&#8243; layout=&#8221;1_1&#8243; spacing=&#8221;&#8221; center_content=&#8221;no&#8221; link=&#8221;&#8221; target=&#8221;_self&#8221; min_height=&#8221;&#8221; hide_on_mobile=&#8221;small-visibility,medium-visibility,large-visibility&#8221; class=&#8221;&#8221; id=&#8221;&#8221; background_color=&#8221;&#8221; background_image=&#8221;&#8221; background_image_id=&#8221;&#8221; background_position=&#8221;left top&#8221; background_repeat=&#8221;no-repeat&#8221; hover_type=&#8221;none&#8221; border_size=&#8221;0&#8243; border_color=&#8221;&#8221; border_style=&#8221;solid&#8221; border_position=&#8221;all&#8221; padding_top=&#8221;&#8221; padding_right=&#8221;&#8221; padding_bottom=&#8221;&#8221; padding_left=&#8221;&#8221; margin_top=&#8221;&#8221; margin_bottom=&#8221;&#8221; animation_type=&#8221;&#8221; animation_direction=&#8221;left&#8221; animation_speed=&#8221;0.3&#8243; animation_offset=&#8221;&#8221; last=&#8221;no&#8221;]title hide_on_mobile=&#8221;piccola-visibilit\u00e0,media-visibilit\u00e0,grande-visibilit\u00e0&#8221; class=&#8221;&#8221; id=&#8221;&#8221; content_align=&#8221;center&#8221; size=&#8221;1&#8243; font_size=&#8221;&#8221; line_height=&#8221;&#8221; letter_spacing=&#8221;&#8221; margin_top=&#8221;&#8221; margin_bottom=&#8221;&#8221; text_color=&#8221;&#8221; style_type=&#8221;none&#8221; sep_color=&#8221;&#8221;] Liposuzione Vaser _title]text columns=&#8221;&#8221; column_min_width=&#8221;&#8221; column_spacing=&#8221;&#8221; rule_style=&#8221;default&#8221; rule_size=&#8221;&#8221; rule_color=&#8221;&#8221; hide_on_mobile=&#8221;small-visibility,medium-visibility,large-visibility&#8221; class=&#8221;&#8221; id=&#8221;&#8221;] La liposuzione Vaser (amplificazione vibratoria dell&#8217;energia sonora a risonanza) \u00e8 un tipo di liposuzione che pu\u00f2 rimuovere il grasso da aree molto specifiche, consentendo un preciso modellamento del corpo e beneficiando di tempi di recupero molto pi\u00f9 rapidi rispetto ad altre tecniche di liposuzione. Le aree trattabili includono addome, parte superiore delle braccia, collo, mento, schiena, seno, glutei, fianchi, ginocchia, caviglie e cosce; e pu\u00f2 essere utilizzata in abbinamento a una serie di procedure come il Mummy Makeover UK e la chirurgia di riduzione del seno . Questa procedura \u00e8 adatta per la rimozione del grasso in eccesso laddove \u00e8 tradizionalmente difficile perdere con dieta ed esercizio fisico, non per chi \u00e8 in sovrappeso. Avrete un consulto con il Dott. Frati per discutere le ragioni per cui desiderate sottoporvi alla procedura e il risultato estetico desiderato. Vi verr\u00e0 inoltre consigliato se questa \u00e8 la tecnica giusta da utilizzare per le vostre specifiche aree affette da eccesso di grasso e se potrebbero essere necessarie ulteriori procedure per ottenere i risultati migliori. A seconda delle aree da trattare e delle loro dimensioni, vi verr\u00e0 consigliato se \u00e8 necessaria una liposuzione Vaser chirurgica o non chirurgica. Liposuzione Vaser maggiori informazioni&#8230; La liposuzione Vaser utilizza la tecnologia a ultrasuoni per colpire specificamente le cellule adipose, fluidificarle e poi rimuoverle, modellando la zona da trattare attraverso una piccola cannula inserita nella zona. Questo metodo \u00e8 meno invasivo rispetto ad altre tecniche di liposuzione. Il trattamento sar\u00e0 eseguito in anestesia locale e non sar\u00e0 necessario il ricovero ospedaliero. La liposuzione Vaser durer\u00e0 dai 45 minuti alle 3 ore, a seconda del numero e delle dimensioni delle aree da trattare. Si consiglia di riposare immediatamente dopo l&#8217;intervento, con un ritorno al lavoro previsto dopo 2-4 giorni. Vi verr\u00e0 fornita una guaina compressiva da indossare fino a 6 settimane, con risultati visibili a partire dalla terza settimana. Dopo 6 settimane, dovreste essere completamente guariti e in salute. Avrete appuntamenti di controllo con l&#8217;infermiere e il chirurgo, che discuteranno del vostro recupero, risponderanno a qualsiasi dubbio e vi consiglieranno eventuali cure postoperatorie aggiuntive per favorire la guarigione e ottenere i migliori risultati possibili. Costo della liposuzione Vaser? Non esiste un prezzo fisso per la liposuzione Vaser, poich\u00e9 il prezzo e il trattamento sono individuali e dipendono dal numero e dalle dimensioni delle aree da trattare, nonch\u00e9 da eventuali procedure aggiuntive necessarie per ottenere l&#8217;aspetto desiderato. Questo aspetto sar\u00e0 discusso approfonditamente con voi durante la consulenza. Come per qualsiasi intervento chirurgico, esistono potenziali rischi e complicazioni. Questi saranno discussi con voi prima dell&#8217;intervento, insieme alla vostra storia clinica. Vi saranno fornite informazioni complete in relazione alla vostra specifica procedura, che potrete utilizzare e su cui riflettere dopo la visita. Non dimenticate che il nostro cordiale team \u00e8 a vostra disposizione per rispondere a qualsiasi domanda. Contattateci oggi stesso per maggiori informazioni, saremo lieti di aiutarvi! _text]_builder_column]_builder_row]_builder_container]ID globale=&#8221;450&#8243;]ID globale=&#8221;300&#8243;]<\/p>\n","protected":false},"author":2,"featured_media":0,"parent":0,"menu_order":0,"comment_status":"closed","ping_status":"closed","template":"100-width.php","meta":{"_acf_changed":false,"footnotes":""},"class_list":["post-14870","page","type-page","status-publish","hentry"],"acf":[],"yoast_head":"<!-- This site is optimized with the Yoast SEO plugin v27.5 - https:\/\/yoast.com\/product\/yoast-seo-wordpress\/ -->\n<title>Incredibile liposuzione Vaser | Chirurgia estetica del dott. Frati<\/title>\n<meta name=\"description\" content=\"La liposuzione Vaser \u00e8 un&#039;opzione di body sculpting molto popolare tra i pazienti. Il Dott. Frati \u00e8 un chirurgo di fama mondiale che offre risultati sorprendenti.\" \/>\n<meta name=\"robots\" content=\"index, follow, max-snippet:-1, max-image-preview:large, max-video-preview:-1\" \/>\n<link rel=\"canonical\" href=\"https:\/\/dr-frati.com\/it\/liposuzione-vaser\/\" \/>\n<meta property=\"og:locale\" content=\"it_IT\" \/>\n<meta property=\"og:type\" content=\"article\" \/>\n<meta property=\"og:title\" content=\"Incredibile liposuzione Vaser | Chirurgia estetica del dott. Frati\" \/>\n<meta property=\"og:description\" content=\"La liposuzione Vaser \u00e8 un&#039;opzione di body sculpting molto popolare tra i pazienti. Il Dott. Frati \u00e8 un chirurgo di fama mondiale che offre risultati sorprendenti.\" \/>\n<meta property=\"og:url\" content=\"https:\/\/dr-frati.com\/it\/liposuzione-vaser\/\" \/>\n<meta property=\"og:site_name\" content=\"Dr Frati Cosmetic Surgery\" \/>\n<meta property=\"article:publisher\" content=\"https:\/\/www.facebook.com\/drriccardofrati\/\" \/>\n<meta property=\"og:image\" content=\"https:\/\/dr-frati.com\/wp-content\/uploads\/2019\/09\/shutterstock_774512023-e1724145213779.jpg\" \/>\n\t<meta property=\"og:image:width\" content=\"320\" \/>\n\t<meta property=\"og:image:height\" content=\"666\" \/>\n\t<meta property=\"og:image:type\" content=\"image\/jpeg\" \/>\n<meta name=\"twitter:card\" content=\"summary_large_image\" \/>\n<meta name=\"twitter:site\" content=\"@drfraticosmetic\" \/>\n<meta name=\"twitter:label1\" content=\"Tempo di lettura stimato\" \/>\n\t<meta name=\"twitter:data1\" content=\"4 minuti\" \/>\n<script type=\"application\/ld+json\" class=\"yoast-schema-graph\">{\"@context\":\"https:\\\/\\\/schema.org\",\"@graph\":[{\"@type\":\"WebPage\",\"@id\":\"https:\\\/\\\/dr-frati.com\\\/it\\\/liposuzione-vaser\\\/\",\"url\":\"https:\\\/\\\/dr-frati.com\\\/it\\\/liposuzione-vaser\\\/\",\"name\":\"Incredibile liposuzione Vaser | Chirurgia estetica del dott. Frati\",\"isPartOf\":{\"@id\":\"https:\\\/\\\/dr-frati.com\\\/it\\\/#website\"},\"primaryImageOfPage\":{\"@id\":\"https:\\\/\\\/dr-frati.com\\\/it\\\/liposuzione-vaser\\\/#primaryimage\"},\"image\":{\"@id\":\"https:\\\/\\\/dr-frati.com\\\/it\\\/liposuzione-vaser\\\/#primaryimage\"},\"thumbnailUrl\":\"https:\\\/\\\/www.dr-frati.com\\\/wp-content\\\/uploads\\\/2019\\\/09\\\/shutterstock_774512023.jpg\",\"datePublished\":\"2019-06-14T10:29:52+00:00\",\"description\":\"La liposuzione Vaser \u00e8 un'opzione di body sculpting molto popolare tra i pazienti. Il Dott. Frati \u00e8 un chirurgo di fama mondiale che offre risultati sorprendenti.\",\"breadcrumb\":{\"@id\":\"https:\\\/\\\/dr-frati.com\\\/it\\\/liposuzione-vaser\\\/#breadcrumb\"},\"inLanguage\":\"it-IT\",\"potentialAction\":[{\"@type\":\"ReadAction\",\"target\":[\"https:\\\/\\\/dr-frati.com\\\/it\\\/liposuzione-vaser\\\/\"]}]},{\"@type\":\"ImageObject\",\"inLanguage\":\"it-IT\",\"@id\":\"https:\\\/\\\/dr-frati.com\\\/it\\\/liposuzione-vaser\\\/#primaryimage\",\"url\":\"https:\\\/\\\/www.dr-frati.com\\\/wp-content\\\/uploads\\\/2019\\\/09\\\/shutterstock_774512023.jpg\",\"contentUrl\":\"https:\\\/\\\/www.dr-frati.com\\\/wp-content\\\/uploads\\\/2019\\\/09\\\/shutterstock_774512023.jpg\"},{\"@type\":\"BreadcrumbList\",\"@id\":\"https:\\\/\\\/dr-frati.com\\\/it\\\/liposuzione-vaser\\\/#breadcrumb\",\"itemListElement\":[{\"@type\":\"ListItem\",\"position\":1,\"name\":\"Home\",\"item\":\"https:\\\/\\\/dr-frati.com\\\/it\\\/casa\\\/\"},{\"@type\":\"ListItem\",\"position\":2,\"name\":\"Liposuzione Vaser\"}]},{\"@type\":\"WebSite\",\"@id\":\"https:\\\/\\\/dr-frati.com\\\/it\\\/#website\",\"url\":\"https:\\\/\\\/dr-frati.com\\\/it\\\/\",\"name\":\"Dr Frati Cosmetic Surgery\",\"description\":\"Dr Frati Cosmetic Surgery\",\"publisher\":{\"@id\":\"https:\\\/\\\/dr-frati.com\\\/it\\\/#organization\"},\"potentialAction\":[{\"@type\":\"SearchAction\",\"target\":{\"@type\":\"EntryPoint\",\"urlTemplate\":\"https:\\\/\\\/dr-frati.com\\\/it\\\/?s={search_term_string}\"},\"query-input\":{\"@type\":\"PropertyValueSpecification\",\"valueRequired\":true,\"valueName\":\"search_term_string\"}}],\"inLanguage\":\"it-IT\"},{\"@type\":\"Organization\",\"@id\":\"https:\\\/\\\/dr-frati.com\\\/it\\\/#organization\",\"name\":\"Dr Frati Cosmetic Surgery\",\"url\":\"https:\\\/\\\/dr-frati.com\\\/it\\\/\",\"logo\":{\"@type\":\"ImageObject\",\"inLanguage\":\"it-IT\",\"@id\":\"https:\\\/\\\/dr-frati.com\\\/it\\\/#\\\/schema\\\/logo\\\/image\\\/\",\"url\":\"https:\\\/\\\/dr-frati.com\\\/wp-content\\\/uploads\\\/2019\\\/07\\\/frlogobw.jpg\",\"contentUrl\":\"https:\\\/\\\/dr-frati.com\\\/wp-content\\\/uploads\\\/2019\\\/07\\\/frlogobw.jpg\",\"width\":532,\"height\":201,\"caption\":\"Dr Frati Cosmetic Surgery\"},\"image\":{\"@id\":\"https:\\\/\\\/dr-frati.com\\\/it\\\/#\\\/schema\\\/logo\\\/image\\\/\"},\"sameAs\":[\"https:\\\/\\\/www.facebook.com\\\/drriccardofrati\\\/\",\"https:\\\/\\\/x.com\\\/drfraticosmetic\",\"https:\\\/\\\/www.instagram.com\\\/fraticosmeticsurgery\\\/?hl=en\"]}]}<\/script>\n<!-- \/ Yoast SEO plugin. -->","yoast_head_json":{"title":"Incredibile liposuzione Vaser | Chirurgia estetica del dott. Frati","description":"La liposuzione Vaser \u00e8 un'opzione di body sculpting molto popolare tra i pazienti. Il Dott. Frati \u00e8 un chirurgo di fama mondiale che offre risultati sorprendenti.","robots":{"index":"index","follow":"follow","max-snippet":"max-snippet:-1","max-image-preview":"max-image-preview:large","max-video-preview":"max-video-preview:-1"},"canonical":"https:\/\/dr-frati.com\/it\/liposuzione-vaser\/","og_locale":"it_IT","og_type":"article","og_title":"Incredibile liposuzione Vaser | Chirurgia estetica del dott. Frati","og_description":"La liposuzione Vaser \u00e8 un'opzione di body sculpting molto popolare tra i pazienti. Il Dott. Frati \u00e8 un chirurgo di fama mondiale che offre risultati sorprendenti.","og_url":"https:\/\/dr-frati.com\/it\/liposuzione-vaser\/","og_site_name":"Dr Frati Cosmetic Surgery","article_publisher":"https:\/\/www.facebook.com\/drriccardofrati\/","og_image":[{"width":320,"height":666,"url":"https:\/\/dr-frati.com\/wp-content\/uploads\/2019\/09\/shutterstock_774512023-e1724145213779.jpg","type":"image\/jpeg"}],"twitter_card":"summary_large_image","twitter_site":"@drfraticosmetic","twitter_misc":{"Tempo di lettura stimato":"4 minuti"},"schema":{"@context":"https:\/\/schema.org","@graph":[{"@type":"WebPage","@id":"https:\/\/dr-frati.com\/it\/liposuzione-vaser\/","url":"https:\/\/dr-frati.com\/it\/liposuzione-vaser\/","name":"Incredibile liposuzione Vaser | Chirurgia estetica del dott. Frati","isPartOf":{"@id":"https:\/\/dr-frati.com\/it\/#website"},"primaryImageOfPage":{"@id":"https:\/\/dr-frati.com\/it\/liposuzione-vaser\/#primaryimage"},"image":{"@id":"https:\/\/dr-frati.com\/it\/liposuzione-vaser\/#primaryimage"},"thumbnailUrl":"https:\/\/www.dr-frati.com\/wp-content\/uploads\/2019\/09\/shutterstock_774512023.jpg","datePublished":"2019-06-14T10:29:52+00:00","description":"La liposuzione Vaser \u00e8 un'opzione di body sculpting molto popolare tra i pazienti. Il Dott. Frati \u00e8 un chirurgo di fama mondiale che offre risultati sorprendenti.","breadcrumb":{"@id":"https:\/\/dr-frati.com\/it\/liposuzione-vaser\/#breadcrumb"},"inLanguage":"it-IT","potentialAction":[{"@type":"ReadAction","target":["https:\/\/dr-frati.com\/it\/liposuzione-vaser\/"]}]},{"@type":"ImageObject","inLanguage":"it-IT","@id":"https:\/\/dr-frati.com\/it\/liposuzione-vaser\/#primaryimage","url":"https:\/\/www.dr-frati.com\/wp-content\/uploads\/2019\/09\/shutterstock_774512023.jpg","contentUrl":"https:\/\/www.dr-frati.com\/wp-content\/uploads\/2019\/09\/shutterstock_774512023.jpg"},{"@type":"BreadcrumbList","@id":"https:\/\/dr-frati.com\/it\/liposuzione-vaser\/#breadcrumb","itemListElement":[{"@type":"ListItem","position":1,"name":"Home","item":"https:\/\/dr-frati.com\/it\/casa\/"},{"@type":"ListItem","position":2,"name":"Liposuzione Vaser"}]},{"@type":"WebSite","@id":"https:\/\/dr-frati.com\/it\/#website","url":"https:\/\/dr-frati.com\/it\/","name":"Dr Frati Cosmetic Surgery","description":"Dr Frati Cosmetic Surgery","publisher":{"@id":"https:\/\/dr-frati.com\/it\/#organization"},"potentialAction":[{"@type":"SearchAction","target":{"@type":"EntryPoint","urlTemplate":"https:\/\/dr-frati.com\/it\/?s={search_term_string}"},"query-input":{"@type":"PropertyValueSpecification","valueRequired":true,"valueName":"search_term_string"}}],"inLanguage":"it-IT"},{"@type":"Organization","@id":"https:\/\/dr-frati.com\/it\/#organization","name":"Dr Frati Cosmetic Surgery","url":"https:\/\/dr-frati.com\/it\/","logo":{"@type":"ImageObject","inLanguage":"it-IT","@id":"https:\/\/dr-frati.com\/it\/#\/schema\/logo\/image\/","url":"https:\/\/dr-frati.com\/wp-content\/uploads\/2019\/07\/frlogobw.jpg","contentUrl":"https:\/\/dr-frati.com\/wp-content\/uploads\/2019\/07\/frlogobw.jpg","width":532,"height":201,"caption":"Dr Frati Cosmetic Surgery"},"image":{"@id":"https:\/\/dr-frati.com\/it\/#\/schema\/logo\/image\/"},"sameAs":["https:\/\/www.facebook.com\/drriccardofrati\/","https:\/\/x.com\/drfraticosmetic","https:\/\/www.instagram.com\/fraticosmeticsurgery\/?hl=en"]}]}},"_links":{"self":[{"href":"https:\/\/dr-frati.com\/it\/wp-json\/wp\/v2\/pages\/14870","targetHints":{"allow":["GET"]}}],"collection":[{"href":"https:\/\/dr-frati.com\/it\/wp-json\/wp\/v2\/pages"}],"about":[{"href":"https:\/\/dr-frati.com\/it\/wp-json\/wp\/v2\/types\/page"}],"author":[{"embeddable":true,"href":"https:\/\/dr-frati.com\/it\/wp-json\/wp\/v2\/users\/2"}],"replies":[{"embeddable":true,"href":"https:\/\/dr-frati.com\/it\/wp-json\/wp\/v2\/comments?post=14870"}],"version-history":[{"count":0,"href":"https:\/\/dr-frati.com\/it\/wp-json\/wp\/v2\/pages\/14870\/revisions"}],"wp:attachment":[{"href":"https:\/\/dr-frati.com\/it\/wp-json\/wp\/v2\/media?parent=14870"}],"curies":[{"name":"wp","href":"https:\/\/api.w.org\/{rel}","templated":true}]}}