{"id":14871,"date":"2019-06-14T10:21:24","date_gmt":"2019-06-14T10:21:24","guid":{"rendered":"https:\/\/www.dr-frati.com\/trasferimento-di-grasso\/"},"modified":"2025-11-21T08:25:58","modified_gmt":"2025-11-21T08:25:58","slug":"trasferimento-di-grasso","status":"publish","type":"page","link":"https:\/\/dr-frati.com\/it\/procedure-corporee\/trasferimento-di-grasso\/","title":{"rendered":"Trasferimento di grasso"},"content":{"rendered":"<p>global id=&#8221;239&#8243;]builder_container hundred_percent=&#8221;no&#8221; hundred_percent_height=&#8221;no&#8221; hundred_percent_height_scroll=&#8221;no&#8221; hundred_percent_height_center_content=&#8221;s\u00ec&#8221; equal_height_columns=&#8221;no&#8221; menu_anchor=&#8221;&#8221; hide_on_mobile=&#8221;small-visibility,medium-visibility,large-visibility&#8221; status=&#8221;published&#8221; publish_date=&#8221;&#8221; class=&#8221;&#8221; id=&#8221;&#8221; background_color=&#8221;&#8221; background_image=&#8221;&#8221; background_position=&#8221;center center&#8221; background_repeat=&#8221;no-repeat&#8221; fade=&#8221;no&#8221; background_parallax=&#8221;none&#8221; enable_mobile=&#8221;no&#8221; parallax_speed=&#8221;0.3&#8243; video_mp4=&#8221;&#8221; video_webm=&#8221;&#8221; video_ogv=&#8221;&#8221; video_url=&#8221;&#8221; video_aspect_ratio=&#8221;16:9&#8243; video_loop=&#8221;s\u00ec&#8221; video_mute=&#8221;s\u00ec&#8221; video_preview_image=&#8221;&#8221; border_size=&#8221;&#8221; border_color=&#8221;&#8221; border_style=&#8221;solid&#8221; margin_top=&#8221;40&#8243; margin_bottom=&#8221;40&#8243; padding_top=&#8221;&#8221; padding_right=&#8221;&#8221; padding_bottom=&#8221;&#8221; padding_left=&#8221;&#8221;]builder_row]builder_column type=&#8221;1_1&#8243; layout=&#8221;1_1&#8243; spacing=&#8221;&#8221; center_content=&#8221;no&#8221; link=&#8221;&#8221; target=&#8221;_self&#8221; min_height=&#8221;&#8221; hide_on_mobile=&#8221;small-visibility,medium-visibility,large-visibility&#8221; class=&#8221;&#8221; id=&#8221;&#8221; background_color=&#8221;&#8221; background_image=&#8221;&#8221; background_image_id=&#8221;&#8221; background_position=&#8221;left top&#8221; background_repeat=&#8221;no-repeat&#8221; hover_type=&#8221;none&#8221; border_size=&#8221;0&#8243; border_color=&#8221;&#8221; border_style=&#8221;solid&#8221; border_position=&#8221;all&#8221; padding_top=&#8221;&#8221; padding_right=&#8221;&#8221; padding_bottom=&#8221;&#8221; padding_left=&#8221;&#8221; margin_top=&#8221;&#8221; margin_bottom=&#8221;&#8221; animation_type=&#8221;&#8221; animation_direction=&#8221;left&#8221; animation_speed=&#8221;0.3&#8243; animation_offset=&#8221;&#8221; last=&#8221;no&#8221;]title hide_on_mobile=&#8221;piccola-visibilit\u00e0,media-visibilit\u00e0,grande-visibilit\u00e0&#8221; class=&#8221;&#8221; id=&#8221;&#8221; content_align=&#8221;center&#8221; size=&#8221;1&#8243; font_size=&#8221;&#8221; line_height=&#8221;&#8221; letter_spacing=&#8221;&#8221; margin_top=&#8221;&#8221; margin_bottom=&#8221;&#8221; text_color=&#8221;&#8221; style_type=&#8221;none&#8221; sep_color=&#8221;&#8221;]<\/p>\n<h1><strong>Chirurgia di trasferimento del grasso<\/strong><\/h1>\n<p>_title]text columns=&#8221;&#8221; column_min_width=&#8221;&#8221; column_spacing=&#8221;&#8221; rule_style=&#8221;default&#8221; rule_size=&#8221;&#8221; rule_color=&#8221;&#8221; hide_on_mobile=&#8221;small-visibility,medium-visibility,large-visibility&#8221; class=&#8221;&#8221; id=&#8221;&#8221;]<\/p>\n<p>L&#8217;intervento di lipofilling consiste nel prelevare grasso da una determinata area del corpo, in genere cosce o addome, e trasferirlo in un&#8217;altra zona del corpo, come viso, seno, glutei e mani. \u00c8 un trattamento efficace per levigare, definire e ingrandire le aree che presentano un calo di forma e\/o volume. <\/p>\n<p>Incontrerai il tuo chirurgo per un consulto in cui discuterai le ragioni per cui hai scelto un trasferimento di grasso, il risultato estetico desiderato e le aree da cui il grasso deve essere rimosso. Ti informeremo che la sola procedura di trasferimento di grasso non produrr\u00e0 il risultato desiderato e potrai discutere ulteriori opzioni in questa fase. <\/p>\n<p><img fetchpriority=\"high\" decoding=\"async\" class=\" wp-image-4657 alignright\" src=\"https:\/\/www.dr-frati.com\/wp-content\/uploads\/2024\/07\/shutterstock_680834449-2-300x200.jpg\" alt=\"\" width=\"464\" height=\"309\"><br \/>\nIl trasferimento di grasso \u00e8 una procedura relativamente semplice in cui il grasso viene inizialmente rimosso attraverso piccole incisioni nella pelle utilizzando la liposuzione VASER o la Micro Lipo. Le cellule adipose sane vengono quindi separate da quelle danneggiate e da altri fluidi come il sangue utilizzando un&#8217;apparecchiatura che le fa ruotare ad alta velocit\u00e0. Una volta che le cellule sono pronte per il trasferimento, vengono inserite in una siringa e quindi l&#8217;area da rifinire viene iniettata. I punti di sutura in quest&#8217;area non sono normalmente necessari a causa delle piccole dimensioni dell&#8217;ago della siringa.   <\/p>\n<p>L&#8217;intervento pu\u00f2 essere eseguito in anestesia locale o generale e, a seconda dell&#8217;estensione delle aree da trattare, dar\u00e0 i risultati desiderati e durer\u00e0 dalle 2 alle 4 ore circa. Di solito \u00e8 possibile tornare a casa il giorno stesso, ma potrebbe essere necessario un ricovero ospedaliero per una notte. Si consiglia di prendersi fino a 2 settimane di ferie dal lavoro, a seconda della natura della propria professione. I risultati saranno visibili immediatamente, tuttavia potrebbero essere necessari fino a 6 mesi prima che l&#8217;intera estensione del trasferimento sia visibile.   <\/p>\n<p>Il prezzo dell&#8217;intervento di trasferimento di grasso dipende da numerosi fattori, tra cui l&#8217;area o le aree trattate, la durata del trattamento e il numero di sedute necessarie (solitamente una sola, ma possono essere di pi\u00f9 se l&#8217;area da trattare \u00e8 ampia). Il costo finale vi verr\u00e0 comunicato durante la visita con il chirurgo. <\/p>\n<p>Come per qualsiasi intervento chirurgico, esistono potenziali rischi e complicazioni. Questi saranno discussi con voi prima dell&#8217;intervento, insieme alla vostra storia clinica. Vi saranno fornite informazioni complete in relazione alla vostra specifica procedura, che potrete utilizzare e su cui riflettere dopo la visita. Non dimenticate che il nostro cordiale team \u00e8 a vostra disposizione per rispondere a qualsiasi domanda.  <\/p>\n<p>_text]_builder_column]_builder_row]_builder_container]ID globale=&#8221;450&#8243;]ID globale=&#8221;300&#8243;]<\/p>\n","protected":false},"excerpt":{"rendered":"<p>global id=&#8221;239&#8243;]builder_container hundred_percent=&#8221;no&#8221; hundred_percent_height=&#8221;no&#8221; hundred_percent_height_scroll=&#8221;no&#8221; hundred_percent_height_center_content=&#8221;s\u00ec&#8221; equal_height_columns=&#8221;no&#8221; menu_anchor=&#8221;&#8221; hide_on_mobile=&#8221;small-visibility,medium-visibility,large-visibility&#8221; status=&#8221;published&#8221; publish_date=&#8221;&#8221; class=&#8221;&#8221; id=&#8221;&#8221; background_color=&#8221;&#8221; background_image=&#8221;&#8221; background_position=&#8221;center center&#8221; background_repeat=&#8221;no-repeat&#8221; fade=&#8221;no&#8221; background_parallax=&#8221;none&#8221; enable_mobile=&#8221;no&#8221; parallax_speed=&#8221;0.3&#8243; video_mp4=&#8221;&#8221; video_webm=&#8221;&#8221; video_ogv=&#8221;&#8221; video_url=&#8221;&#8221; video_aspect_ratio=&#8221;16:9&#8243; video_loop=&#8221;s\u00ec&#8221; video_mute=&#8221;s\u00ec&#8221; video_preview_image=&#8221;&#8221; border_size=&#8221;&#8221; border_color=&#8221;&#8221; border_style=&#8221;solid&#8221; margin_top=&#8221;40&#8243; margin_bottom=&#8221;40&#8243; padding_top=&#8221;&#8221; padding_right=&#8221;&#8221; padding_bottom=&#8221;&#8221; padding_left=&#8221;&#8221;]builder_row]builder_column type=&#8221;1_1&#8243; layout=&#8221;1_1&#8243; spacing=&#8221;&#8221; center_content=&#8221;no&#8221; link=&#8221;&#8221; target=&#8221;_self&#8221; min_height=&#8221;&#8221; hide_on_mobile=&#8221;small-visibility,medium-visibility,large-visibility&#8221; class=&#8221;&#8221; id=&#8221;&#8221; background_color=&#8221;&#8221; background_image=&#8221;&#8221; background_image_id=&#8221;&#8221; background_position=&#8221;left top&#8221; background_repeat=&#8221;no-repeat&#8221; hover_type=&#8221;none&#8221; border_size=&#8221;0&#8243; border_color=&#8221;&#8221; border_style=&#8221;solid&#8221; border_position=&#8221;all&#8221; padding_top=&#8221;&#8221; padding_right=&#8221;&#8221; padding_bottom=&#8221;&#8221; padding_left=&#8221;&#8221; margin_top=&#8221;&#8221; margin_bottom=&#8221;&#8221; animation_type=&#8221;&#8221; animation_direction=&#8221;left&#8221; animation_speed=&#8221;0.3&#8243; animation_offset=&#8221;&#8221; last=&#8221;no&#8221;]title hide_on_mobile=&#8221;piccola-visibilit\u00e0,media-visibilit\u00e0,grande-visibilit\u00e0&#8221; class=&#8221;&#8221; id=&#8221;&#8221; content_align=&#8221;center&#8221; size=&#8221;1&#8243; font_size=&#8221;&#8221; line_height=&#8221;&#8221; letter_spacing=&#8221;&#8221; margin_top=&#8221;&#8221; margin_bottom=&#8221;&#8221; text_color=&#8221;&#8221; style_type=&#8221;none&#8221; sep_color=&#8221;&#8221;] Chirurgia di trasferimento del grasso _title]text columns=&#8221;&#8221; column_min_width=&#8221;&#8221; column_spacing=&#8221;&#8221; rule_style=&#8221;default&#8221; rule_size=&#8221;&#8221; rule_color=&#8221;&#8221; hide_on_mobile=&#8221;small-visibility,medium-visibility,large-visibility&#8221; class=&#8221;&#8221; id=&#8221;&#8221;] L&#8217;intervento di lipofilling consiste nel prelevare grasso da una determinata area del corpo, in genere cosce o addome, e trasferirlo in un&#8217;altra zona del corpo, come viso, seno, glutei e mani. \u00c8 un trattamento efficace per levigare, definire e ingrandire le aree che presentano un calo di forma e\/o volume. Incontrerai il tuo chirurgo per un consulto in cui discuterai le ragioni per cui hai scelto un trasferimento di grasso, il risultato estetico desiderato e le aree da cui il grasso deve essere rimosso. Ti informeremo che la sola procedura di trasferimento di grasso non produrr\u00e0 il risultato desiderato e potrai discutere ulteriori opzioni in questa fase. Il trasferimento di grasso \u00e8 una procedura relativamente semplice in cui il grasso viene inizialmente rimosso attraverso piccole incisioni nella pelle utilizzando la liposuzione VASER o la Micro Lipo. Le cellule adipose sane vengono quindi separate da quelle danneggiate e da altri fluidi come il sangue utilizzando un&#8217;apparecchiatura che le fa ruotare ad alta velocit\u00e0. Una volta che le cellule sono pronte per il trasferimento, vengono inserite in una siringa e quindi l&#8217;area da rifinire viene iniettata. I punti di sutura in quest&#8217;area non sono normalmente necessari a causa delle piccole dimensioni dell&#8217;ago della siringa. L&#8217;intervento pu\u00f2 essere eseguito in anestesia locale o generale e, a seconda dell&#8217;estensione delle aree da trattare, dar\u00e0 i risultati desiderati e durer\u00e0 dalle 2 alle 4 ore circa. Di solito \u00e8 possibile tornare a casa il giorno stesso, ma potrebbe essere necessario un ricovero ospedaliero per una notte. Si consiglia di prendersi fino a 2 settimane di ferie dal lavoro, a seconda della natura della propria professione. I risultati saranno visibili immediatamente, tuttavia potrebbero essere necessari fino a 6 mesi prima che l&#8217;intera estensione del trasferimento sia visibile. Il prezzo dell&#8217;intervento di trasferimento di grasso dipende da numerosi fattori, tra cui l&#8217;area o le aree trattate, la durata del trattamento e il numero di sedute necessarie (solitamente una sola, ma possono essere di pi\u00f9 se l&#8217;area da trattare \u00e8 ampia). Il costo finale vi verr\u00e0 comunicato durante la visita con il chirurgo. Come per qualsiasi intervento chirurgico, esistono potenziali rischi e complicazioni. Questi saranno discussi con voi prima dell&#8217;intervento, insieme alla vostra storia clinica. Vi saranno fornite informazioni complete in relazione alla vostra specifica procedura, che potrete utilizzare e su cui riflettere dopo la visita. Non dimenticate che il nostro cordiale team \u00e8 a vostra disposizione per rispondere a qualsiasi domanda. _text]_builder_column]_builder_row]_builder_container]ID globale=&#8221;450&#8243;]ID globale=&#8221;300&#8243;]<\/p>\n","protected":false},"author":2,"featured_media":0,"parent":15012,"menu_order":0,"comment_status":"closed","ping_status":"closed","template":"","meta":{"_acf_changed":false,"footnotes":""},"class_list":["post-14871","page","type-page","status-publish","hentry"],"acf":[],"yoast_head":"<!-- This site is optimized with the Yoast SEO plugin v27.4 - https:\/\/yoast.com\/product\/yoast-seo-wordpress\/ -->\n<title>Trasferimento di grasso Londra Regno Unito | Innesto di grasso Regno Unito | Dott. Frati<\/title>\n<meta name=\"description\" content=\"L&#039;intervento di trasferimento del grasso consiste nel trasferire le cellule adipose da una zona del corpo a un&#039;altra, dove possono essere utilizzate in modo pi\u00f9 efficace. Clicca per saperne di pi\u00f9.\" \/>\n<meta name=\"robots\" content=\"index, follow, max-snippet:-1, max-image-preview:large, max-video-preview:-1\" \/>\n<link rel=\"canonical\" href=\"https:\/\/dr-frati.com\/it\/procedure-corporee\/trasferimento-di-grasso\/\" \/>\n<meta property=\"og:locale\" content=\"it_IT\" \/>\n<meta property=\"og:type\" content=\"article\" \/>\n<meta property=\"og:title\" content=\"Trasferimento di grasso Londra Regno Unito | Innesto di grasso Regno Unito | Dott. Frati\" \/>\n<meta property=\"og:description\" content=\"L&#039;intervento di trasferimento del grasso consiste nel trasferire le cellule adipose da una zona del corpo a un&#039;altra, dove possono essere utilizzate in modo pi\u00f9 efficace. Clicca per saperne di pi\u00f9.\" \/>\n<meta property=\"og:url\" content=\"https:\/\/dr-frati.com\/it\/procedure-corporee\/trasferimento-di-grasso\/\" \/>\n<meta property=\"og:site_name\" content=\"Dr Frati Cosmetic Surgery\" \/>\n<meta property=\"article:publisher\" content=\"https:\/\/www.facebook.com\/drriccardofrati\/\" \/>\n<meta property=\"article:modified_time\" content=\"2025-11-21T08:25:58+00:00\" \/>\n<meta property=\"og:image\" content=\"https:\/\/dr-frati.com\/wp-content\/uploads\/2024\/07\/shutterstock_680834449-2-e1724145494769.jpg\" \/>\n\t<meta property=\"og:image:width\" content=\"1000\" \/>\n\t<meta property=\"og:image:height\" content=\"667\" \/>\n\t<meta property=\"og:image:type\" content=\"image\/jpeg\" \/>\n<meta name=\"twitter:card\" content=\"summary_large_image\" \/>\n<meta name=\"twitter:site\" content=\"@drfraticosmetic\" \/>\n<meta name=\"twitter:label1\" content=\"Tempo di lettura stimato\" \/>\n\t<meta name=\"twitter:data1\" content=\"3 minuti\" \/>\n<script type=\"application\/ld+json\" class=\"yoast-schema-graph\">{\"@context\":\"https:\\\/\\\/schema.org\",\"@graph\":[{\"@type\":\"WebPage\",\"@id\":\"https:\\\/\\\/dr-frati.com\\\/it\\\/procedure-corporee\\\/trasferimento-di-grasso\\\/\",\"url\":\"https:\\\/\\\/dr-frati.com\\\/it\\\/procedure-corporee\\\/trasferimento-di-grasso\\\/\",\"name\":\"Trasferimento di grasso Londra Regno Unito | Innesto di grasso Regno Unito | Dott. Frati\",\"isPartOf\":{\"@id\":\"https:\\\/\\\/dr-frati.com\\\/it\\\/#website\"},\"primaryImageOfPage\":{\"@id\":\"https:\\\/\\\/dr-frati.com\\\/it\\\/procedure-corporee\\\/trasferimento-di-grasso\\\/#primaryimage\"},\"image\":{\"@id\":\"https:\\\/\\\/dr-frati.com\\\/it\\\/procedure-corporee\\\/trasferimento-di-grasso\\\/#primaryimage\"},\"thumbnailUrl\":\"https:\\\/\\\/www.dr-frati.com\\\/wp-content\\\/uploads\\\/2024\\\/07\\\/shutterstock_680834449-2-300x200.jpg\",\"datePublished\":\"2019-06-14T10:21:24+00:00\",\"dateModified\":\"2025-11-21T08:25:58+00:00\",\"description\":\"L'intervento di trasferimento del grasso consiste nel trasferire le cellule adipose da una zona del corpo a un'altra, dove possono essere utilizzate in modo pi\u00f9 efficace. Clicca per saperne di pi\u00f9.\",\"breadcrumb\":{\"@id\":\"https:\\\/\\\/dr-frati.com\\\/it\\\/procedure-corporee\\\/trasferimento-di-grasso\\\/#breadcrumb\"},\"inLanguage\":\"it-IT\",\"potentialAction\":[{\"@type\":\"ReadAction\",\"target\":[\"https:\\\/\\\/dr-frati.com\\\/it\\\/procedure-corporee\\\/trasferimento-di-grasso\\\/\"]}]},{\"@type\":\"ImageObject\",\"inLanguage\":\"it-IT\",\"@id\":\"https:\\\/\\\/dr-frati.com\\\/it\\\/procedure-corporee\\\/trasferimento-di-grasso\\\/#primaryimage\",\"url\":\"https:\\\/\\\/www.dr-frati.com\\\/wp-content\\\/uploads\\\/2024\\\/07\\\/shutterstock_680834449-2-300x200.jpg\",\"contentUrl\":\"https:\\\/\\\/www.dr-frati.com\\\/wp-content\\\/uploads\\\/2024\\\/07\\\/shutterstock_680834449-2-300x200.jpg\"},{\"@type\":\"BreadcrumbList\",\"@id\":\"https:\\\/\\\/dr-frati.com\\\/it\\\/procedure-corporee\\\/trasferimento-di-grasso\\\/#breadcrumb\",\"itemListElement\":[{\"@type\":\"ListItem\",\"position\":1,\"name\":\"Home\",\"item\":\"https:\\\/\\\/dr-frati.com\\\/it\\\/casa\\\/\"},{\"@type\":\"ListItem\",\"position\":2,\"name\":\"Procedure corporee\",\"item\":\"https:\\\/\\\/dr-frati.com\\\/it\\\/procedure-corporee\\\/\"},{\"@type\":\"ListItem\",\"position\":3,\"name\":\"Trasferimento di grasso\"}]},{\"@type\":\"WebSite\",\"@id\":\"https:\\\/\\\/dr-frati.com\\\/it\\\/#website\",\"url\":\"https:\\\/\\\/dr-frati.com\\\/it\\\/\",\"name\":\"Dr Frati Cosmetic Surgery\",\"description\":\"Dr Frati Cosmetic Surgery\",\"publisher\":{\"@id\":\"https:\\\/\\\/dr-frati.com\\\/it\\\/#organization\"},\"potentialAction\":[{\"@type\":\"SearchAction\",\"target\":{\"@type\":\"EntryPoint\",\"urlTemplate\":\"https:\\\/\\\/dr-frati.com\\\/it\\\/?s={search_term_string}\"},\"query-input\":{\"@type\":\"PropertyValueSpecification\",\"valueRequired\":true,\"valueName\":\"search_term_string\"}}],\"inLanguage\":\"it-IT\"},{\"@type\":\"Organization\",\"@id\":\"https:\\\/\\\/dr-frati.com\\\/it\\\/#organization\",\"name\":\"Dr Frati Cosmetic Surgery\",\"url\":\"https:\\\/\\\/dr-frati.com\\\/it\\\/\",\"logo\":{\"@type\":\"ImageObject\",\"inLanguage\":\"it-IT\",\"@id\":\"https:\\\/\\\/dr-frati.com\\\/it\\\/#\\\/schema\\\/logo\\\/image\\\/\",\"url\":\"https:\\\/\\\/dr-frati.com\\\/wp-content\\\/uploads\\\/2019\\\/07\\\/frlogobw.jpg\",\"contentUrl\":\"https:\\\/\\\/dr-frati.com\\\/wp-content\\\/uploads\\\/2019\\\/07\\\/frlogobw.jpg\",\"width\":532,\"height\":201,\"caption\":\"Dr Frati Cosmetic Surgery\"},\"image\":{\"@id\":\"https:\\\/\\\/dr-frati.com\\\/it\\\/#\\\/schema\\\/logo\\\/image\\\/\"},\"sameAs\":[\"https:\\\/\\\/www.facebook.com\\\/drriccardofrati\\\/\",\"https:\\\/\\\/x.com\\\/drfraticosmetic\",\"https:\\\/\\\/www.instagram.com\\\/fraticosmeticsurgery\\\/?hl=en\"]}]}<\/script>\n<!-- \/ Yoast SEO plugin. -->","yoast_head_json":{"title":"Trasferimento di grasso Londra Regno Unito | Innesto di grasso Regno Unito | Dott. Frati","description":"L'intervento di trasferimento del grasso consiste nel trasferire le cellule adipose da una zona del corpo a un'altra, dove possono essere utilizzate in modo pi\u00f9 efficace. Clicca per saperne di pi\u00f9.","robots":{"index":"index","follow":"follow","max-snippet":"max-snippet:-1","max-image-preview":"max-image-preview:large","max-video-preview":"max-video-preview:-1"},"canonical":"https:\/\/dr-frati.com\/it\/procedure-corporee\/trasferimento-di-grasso\/","og_locale":"it_IT","og_type":"article","og_title":"Trasferimento di grasso Londra Regno Unito | Innesto di grasso Regno Unito | Dott. Frati","og_description":"L'intervento di trasferimento del grasso consiste nel trasferire le cellule adipose da una zona del corpo a un'altra, dove possono essere utilizzate in modo pi\u00f9 efficace. Clicca per saperne di pi\u00f9.","og_url":"https:\/\/dr-frati.com\/it\/procedure-corporee\/trasferimento-di-grasso\/","og_site_name":"Dr Frati Cosmetic Surgery","article_publisher":"https:\/\/www.facebook.com\/drriccardofrati\/","article_modified_time":"2025-11-21T08:25:58+00:00","og_image":[{"width":1000,"height":667,"url":"https:\/\/dr-frati.com\/wp-content\/uploads\/2024\/07\/shutterstock_680834449-2-e1724145494769.jpg","type":"image\/jpeg"}],"twitter_card":"summary_large_image","twitter_site":"@drfraticosmetic","twitter_misc":{"Tempo di lettura stimato":"3 minuti"},"schema":{"@context":"https:\/\/schema.org","@graph":[{"@type":"WebPage","@id":"https:\/\/dr-frati.com\/it\/procedure-corporee\/trasferimento-di-grasso\/","url":"https:\/\/dr-frati.com\/it\/procedure-corporee\/trasferimento-di-grasso\/","name":"Trasferimento di grasso Londra Regno Unito | Innesto di grasso Regno Unito | Dott. Frati","isPartOf":{"@id":"https:\/\/dr-frati.com\/it\/#website"},"primaryImageOfPage":{"@id":"https:\/\/dr-frati.com\/it\/procedure-corporee\/trasferimento-di-grasso\/#primaryimage"},"image":{"@id":"https:\/\/dr-frati.com\/it\/procedure-corporee\/trasferimento-di-grasso\/#primaryimage"},"thumbnailUrl":"https:\/\/www.dr-frati.com\/wp-content\/uploads\/2024\/07\/shutterstock_680834449-2-300x200.jpg","datePublished":"2019-06-14T10:21:24+00:00","dateModified":"2025-11-21T08:25:58+00:00","description":"L'intervento di trasferimento del grasso consiste nel trasferire le cellule adipose da una zona del corpo a un'altra, dove possono essere utilizzate in modo pi\u00f9 efficace. Clicca per saperne di pi\u00f9.","breadcrumb":{"@id":"https:\/\/dr-frati.com\/it\/procedure-corporee\/trasferimento-di-grasso\/#breadcrumb"},"inLanguage":"it-IT","potentialAction":[{"@type":"ReadAction","target":["https:\/\/dr-frati.com\/it\/procedure-corporee\/trasferimento-di-grasso\/"]}]},{"@type":"ImageObject","inLanguage":"it-IT","@id":"https:\/\/dr-frati.com\/it\/procedure-corporee\/trasferimento-di-grasso\/#primaryimage","url":"https:\/\/www.dr-frati.com\/wp-content\/uploads\/2024\/07\/shutterstock_680834449-2-300x200.jpg","contentUrl":"https:\/\/www.dr-frati.com\/wp-content\/uploads\/2024\/07\/shutterstock_680834449-2-300x200.jpg"},{"@type":"BreadcrumbList","@id":"https:\/\/dr-frati.com\/it\/procedure-corporee\/trasferimento-di-grasso\/#breadcrumb","itemListElement":[{"@type":"ListItem","position":1,"name":"Home","item":"https:\/\/dr-frati.com\/it\/casa\/"},{"@type":"ListItem","position":2,"name":"Procedure corporee","item":"https:\/\/dr-frati.com\/it\/procedure-corporee\/"},{"@type":"ListItem","position":3,"name":"Trasferimento di grasso"}]},{"@type":"WebSite","@id":"https:\/\/dr-frati.com\/it\/#website","url":"https:\/\/dr-frati.com\/it\/","name":"Dr Frati Cosmetic Surgery","description":"Dr Frati Cosmetic Surgery","publisher":{"@id":"https:\/\/dr-frati.com\/it\/#organization"},"potentialAction":[{"@type":"SearchAction","target":{"@type":"EntryPoint","urlTemplate":"https:\/\/dr-frati.com\/it\/?s={search_term_string}"},"query-input":{"@type":"PropertyValueSpecification","valueRequired":true,"valueName":"search_term_string"}}],"inLanguage":"it-IT"},{"@type":"Organization","@id":"https:\/\/dr-frati.com\/it\/#organization","name":"Dr Frati Cosmetic Surgery","url":"https:\/\/dr-frati.com\/it\/","logo":{"@type":"ImageObject","inLanguage":"it-IT","@id":"https:\/\/dr-frati.com\/it\/#\/schema\/logo\/image\/","url":"https:\/\/dr-frati.com\/wp-content\/uploads\/2019\/07\/frlogobw.jpg","contentUrl":"https:\/\/dr-frati.com\/wp-content\/uploads\/2019\/07\/frlogobw.jpg","width":532,"height":201,"caption":"Dr Frati Cosmetic Surgery"},"image":{"@id":"https:\/\/dr-frati.com\/it\/#\/schema\/logo\/image\/"},"sameAs":["https:\/\/www.facebook.com\/drriccardofrati\/","https:\/\/x.com\/drfraticosmetic","https:\/\/www.instagram.com\/fraticosmeticsurgery\/?hl=en"]}]}},"_links":{"self":[{"href":"https:\/\/dr-frati.com\/it\/wp-json\/wp\/v2\/pages\/14871","targetHints":{"allow":["GET"]}}],"collection":[{"href":"https:\/\/dr-frati.com\/it\/wp-json\/wp\/v2\/pages"}],"about":[{"href":"https:\/\/dr-frati.com\/it\/wp-json\/wp\/v2\/types\/page"}],"author":[{"embeddable":true,"href":"https:\/\/dr-frati.com\/it\/wp-json\/wp\/v2\/users\/2"}],"replies":[{"embeddable":true,"href":"https:\/\/dr-frati.com\/it\/wp-json\/wp\/v2\/comments?post=14871"}],"version-history":[{"count":1,"href":"https:\/\/dr-frati.com\/it\/wp-json\/wp\/v2\/pages\/14871\/revisions"}],"predecessor-version":[{"id":15013,"href":"https:\/\/dr-frati.com\/it\/wp-json\/wp\/v2\/pages\/14871\/revisions\/15013"}],"up":[{"embeddable":true,"href":"https:\/\/dr-frati.com\/it\/wp-json\/wp\/v2\/pages\/15012"}],"wp:attachment":[{"href":"https:\/\/dr-frati.com\/it\/wp-json\/wp\/v2\/media?parent=14871"}],"curies":[{"name":"wp","href":"https:\/\/api.w.org\/{rel}","templated":true}]}}