{"id":14879,"date":"2019-06-14T10:24:59","date_gmt":"2019-06-14T10:24:59","guid":{"rendered":"https:\/\/www.dr-frati.com\/addominoplastica\/"},"modified":"2025-11-21T08:25:59","modified_gmt":"2025-11-21T08:25:59","slug":"addominoplastica","status":"publish","type":"page","link":"https:\/\/dr-frati.com\/it\/procedure-corporee\/addominoplastica\/","title":{"rendered":"Addominoplastica"},"content":{"rendered":"<p>global id=&#8221;239&#8243;]builder_container hundred_percent=&#8221;no&#8221; hundred_percent_height=&#8221;no&#8221; hundred_percent_height_scroll=&#8221;no&#8221; hundred_percent_height_center_content=&#8221;s\u00ec&#8221; equal_height_columns=&#8221;no&#8221; menu_anchor=&#8221;&#8221; hide_on_mobile=&#8221;small-visibility,medium-visibility,large-visibility&#8221; status=&#8221;published&#8221; publish_date=&#8221;&#8221; class=&#8221;&#8221; id=&#8221;&#8221; background_color=&#8221;&#8221; background_image=&#8221;&#8221; background_position=&#8221;center center&#8221; background_repeat=&#8221;no-repeat&#8221; fade=&#8221;no&#8221; background_parallax=&#8221;none&#8221; enable_mobile=&#8221;no&#8221; parallax_speed=&#8221;0.3&#8243; video_mp4=&#8221;&#8221; video_webm=&#8221;&#8221; video_ogv=&#8221;&#8221; video_url=&#8221;&#8221; video_aspect_ratio=&#8221;16:9&#8243; video_loop=&#8221;s\u00ec&#8221; video_mute=&#8221;s\u00ec&#8221; video_preview_image=&#8221;&#8221; border_size=&#8221;&#8221; border_color=&#8221;&#8221; border_style=&#8221;solid&#8221; margin_top=&#8221;40&#8243; margin_bottom=&#8221;40&#8243; padding_top=&#8221;&#8221; padding_right=&#8221;&#8221; padding_bottom=&#8221;&#8221; padding_left=&#8221;&#8221;]builder_row]builder_column type=&#8221;1_1&#8243; layout=&#8221;1_1&#8243; spacing=&#8221;&#8221; center_content=&#8221;no&#8221; link=&#8221;&#8221; target=&#8221;_self&#8221; min_height=&#8221;&#8221; hide_on_mobile=&#8221;small-visibility,medium-visibility,large-visibility&#8221; class=&#8221;&#8221; id=&#8221;&#8221; background_color=&#8221;&#8221; background_image=&#8221;&#8221; background_image_id=&#8221;&#8221; background_position=&#8221;left top&#8221; background_repeat=&#8221;no-repeat&#8221; hover_type=&#8221;none&#8221; border_size=&#8221;0&#8243; border_color=&#8221;&#8221; border_style=&#8221;solid&#8221; border_position=&#8221;all&#8221; padding_top=&#8221;&#8221; padding_right=&#8221;&#8221; padding_bottom=&#8221;&#8221; padding_left=&#8221;&#8221; margin_top=&#8221;&#8221; margin_bottom=&#8221;&#8221; animation_type=&#8221;&#8221; animation_direction=&#8221;left&#8221; animation_speed=&#8221;0.3&#8243; animation_offset=&#8221;&#8221; last=&#8221;no&#8221;]title hide_on_mobile=&#8221;piccola-visibilit\u00e0,media-visibilit\u00e0,grande-visibilit\u00e0&#8221; class=&#8221;&#8221; id=&#8221;&#8221; content_align=&#8221;center&#8221; size=&#8221;1&#8243; font_size=&#8221;&#8221; line_height=&#8221;&#8221; letter_spacing=&#8221;&#8221; margin_top=&#8221;&#8221; margin_bottom=&#8221;&#8221; text_color=&#8221;&#8221; style_type=&#8221;none&#8221; sep_color=&#8221;&#8221;]<\/p>\n<p><b>Addominoplastica<\/b><\/p>\n<p>_title]text columns=&#8221;&#8221; column_min_width=&#8221;&#8221; column_spacing=&#8221;&#8221; rule_style=&#8221;default&#8221; rule_size=&#8221;&#8221; rule_color=&#8221;&#8221; hide_on_mobile=&#8221;small-visibility,medium-visibility,large-visibility&#8221; class=&#8221;&#8221; id=&#8221;&#8221;]<\/p>\n<p>L&#8217;addominoplastica, nota anche come addominoplastica, prevede la rimozione del grasso e della pelle in eccesso, nonch\u00e9 il rassodamento dei muscoli nella zona addominale.<img fetchpriority=\"high\" decoding=\"async\" class=\"size-medium wp-image-1312 alignright\" src=\"https:\/\/www.dr-frati.com\/wp-content\/uploads\/2023\/01\/shutterstock_131052257-compressed-1024x1390-1-221x300.jpeg\" alt=\"una donna che mostra la pancia dopo un'addominoplastica\" width=\"221\" height=\"300\"> Fattori come l&#8217;invecchiamento naturale, la perdita di peso e la gravidanza possono causare un accumulo di pelle in eccesso e danneggiare i muscoli addominali. L&#8217;addominoplastica pu\u00f2 risolvere qualsiasi problema di eccesso di pelle rimuovendo pelle e grasso, riparando i muscoli indeboliti e rassodando la pelle rimanente. <\/p>\n<p>Questo intervento \u00e8 adatto sia agli uomini che alle donne e pu\u00f2 essere complementare ad altri interventi chirurgici come il lifting del seno, l&#8217;aumento del seno, la riduzione del seno maschile, il lifting delle cosce e molti altri.<\/p>\n<h2>Cos&#8217;\u00e8 un&#8217;addominoplastica?<\/h2>\n<p>L&#8217;addominoplastica pu\u00f2 essere una delle due procedure: addominoplastica completa o mini addominoplastica. Le differenze sono spiegate di seguito. <\/p>\n<h3>Addominoplastica completa<\/h3>\n<p>Un&#8217;addominoplastica completa prevede un&#8217;incisione nella parte inferiore dell&#8217;addome, solitamente da un fianco all&#8217;altro, e poi un&#8217;altra intorno all&#8217;ombelico. Una volta separata la pelle dalla parete addominale, i muscoli vengono tesi e il grasso e la pelle in eccesso vengono rimossi. L&#8217;ombelico viene quindi riposizionato e le incisioni vengono suturate.  <span class=\"Apple-converted-space\"> <\/span><\/p>\n<h3>Mini addominoplastica<\/h3>\n<p>Una mini addominoplastica \u00e8 molto meno invasiva e prevede un&#8217;incisione nella parte inferiore dell&#8217;addome, la separazione della pelle dalla parete addominale, l&#8217;asportazione di pelle e grasso in eccesso e la sutura dell&#8217;incisione. Con una mini addominoplastica, i muscoli addominali e l&#8217;ombelico rimangono in sede. <\/p>\n<p>Sia l&#8217;addominoplastica completa che quella mini vengono eseguite in anestesia generale e possono durare dalle 2 alle 4 ore.<\/p>\n<h2>Benefici dell&#8217;addominoplastica<\/h2>\n<ul>\n<li>Meno pelle in eccesso che rivela meglio gli addominali<span class=\"Apple-converted-space\"> <\/span><\/li>\n<li>Ripara i muscoli addominali tesi<\/li>\n<li>Migliora la fiducia in se stessi e l&#8217;autostima<\/li>\n<li>Miglior rapporto corpo-fianchi\/vita<\/li>\n<li>Aumenta la tua scelta di abbigliamento<span class=\"Apple-converted-space\"> <\/span><\/li>\n<li>Risultati duraturi<\/li>\n<li>Aspetto pi\u00f9 giovanile e possibilit\u00e0 di tornare all&#8217;aspetto pre-parto.<\/li>\n<\/ul>\n<h2><\/h2>\n<h2>Addominoplastica con il Dott. Frati<\/h2>\n<p>Il Dott. Frati \u00e8 uno dei massimi specialisti in chirurgia estetica. Opera a Londra, Manchester, Chelmsford e Dubai. \u00c8 spesso soprannominato il &#8220;Chirurgo delle Star&#8221;, grazie alla sua ineguagliabile reputazione per alcuni dei migliori risultati nel settore che gli ha fatto guadagnare popolarit\u00e0 nel mondo della chirurgia estetica.  <\/p>\n<p>Sottoporsi a un&#8217;addominoplastica \u00e8 una procedura seria, in cui non si pu\u00f2 permettersi di risparmiare e che richiede chirurghi all&#8217;avanguardia per ottenere i risultati migliori e pi\u00f9 sicuri. \u00c8 qui che il Dott. Frati pu\u00f2 aiutare. Le tecniche all&#8217;avanguardia e la natura calorosa del Dott. Frati possono offrire un servizio che riduce al minimo i rischi, riduce i tempi di recupero, garantisce i migliori risultati possibili e offre anche una mano comoda da tenere durante l&#8217;intervento di addominoplastica. <span class=\"Apple-converted-space\"> <\/span><\/p>\n<p>Se hai altre domande o desideri parlare della fase successiva del tuo percorso di addominoplastica, <a href=\"https:\/\/www.dr-frati.com\/contact\/\">contattaci<\/a> : saremo lieti di consigliarti in qualsiasi modo tu ne abbia bisogno.<\/p>\n<p>[sp_easyaccordion id=&#8221;1715&#8243;]<\/p>\n<p>_text]_builder_column]_builder_row]_builder_container]ID globale=&#8221;450&#8243;]ID globale=&#8221;300&#8243;]<\/p>\n","protected":false},"excerpt":{"rendered":"<p>global id=&#8221;239&#8243;]builder_container hundred_percent=&#8221;no&#8221; hundred_percent_height=&#8221;no&#8221; hundred_percent_height_scroll=&#8221;no&#8221; hundred_percent_height_center_content=&#8221;s\u00ec&#8221; equal_height_columns=&#8221;no&#8221; menu_anchor=&#8221;&#8221; hide_on_mobile=&#8221;small-visibility,medium-visibility,large-visibility&#8221; status=&#8221;published&#8221; publish_date=&#8221;&#8221; class=&#8221;&#8221; id=&#8221;&#8221; background_color=&#8221;&#8221; background_image=&#8221;&#8221; background_position=&#8221;center center&#8221; background_repeat=&#8221;no-repeat&#8221; fade=&#8221;no&#8221; background_parallax=&#8221;none&#8221; enable_mobile=&#8221;no&#8221; parallax_speed=&#8221;0.3&#8243; video_mp4=&#8221;&#8221; video_webm=&#8221;&#8221; video_ogv=&#8221;&#8221; video_url=&#8221;&#8221; video_aspect_ratio=&#8221;16:9&#8243; video_loop=&#8221;s\u00ec&#8221; video_mute=&#8221;s\u00ec&#8221; video_preview_image=&#8221;&#8221; border_size=&#8221;&#8221; border_color=&#8221;&#8221; border_style=&#8221;solid&#8221; margin_top=&#8221;40&#8243; margin_bottom=&#8221;40&#8243; padding_top=&#8221;&#8221; padding_right=&#8221;&#8221; padding_bottom=&#8221;&#8221; padding_left=&#8221;&#8221;]builder_row]builder_column type=&#8221;1_1&#8243; layout=&#8221;1_1&#8243; spacing=&#8221;&#8221; center_content=&#8221;no&#8221; link=&#8221;&#8221; target=&#8221;_self&#8221; min_height=&#8221;&#8221; hide_on_mobile=&#8221;small-visibility,medium-visibility,large-visibility&#8221; class=&#8221;&#8221; id=&#8221;&#8221; background_color=&#8221;&#8221; background_image=&#8221;&#8221; background_image_id=&#8221;&#8221; background_position=&#8221;left top&#8221; background_repeat=&#8221;no-repeat&#8221; hover_type=&#8221;none&#8221; border_size=&#8221;0&#8243; border_color=&#8221;&#8221; border_style=&#8221;solid&#8221; border_position=&#8221;all&#8221; padding_top=&#8221;&#8221; padding_right=&#8221;&#8221; padding_bottom=&#8221;&#8221; padding_left=&#8221;&#8221; margin_top=&#8221;&#8221; margin_bottom=&#8221;&#8221; animation_type=&#8221;&#8221; animation_direction=&#8221;left&#8221; animation_speed=&#8221;0.3&#8243; animation_offset=&#8221;&#8221; last=&#8221;no&#8221;]title hide_on_mobile=&#8221;piccola-visibilit\u00e0,media-visibilit\u00e0,grande-visibilit\u00e0&#8221; class=&#8221;&#8221; id=&#8221;&#8221; content_align=&#8221;center&#8221; size=&#8221;1&#8243; font_size=&#8221;&#8221; line_height=&#8221;&#8221; letter_spacing=&#8221;&#8221; margin_top=&#8221;&#8221; margin_bottom=&#8221;&#8221; text_color=&#8221;&#8221; style_type=&#8221;none&#8221; sep_color=&#8221;&#8221;] Addominoplastica _title]text columns=&#8221;&#8221; column_min_width=&#8221;&#8221; column_spacing=&#8221;&#8221; rule_style=&#8221;default&#8221; rule_size=&#8221;&#8221; rule_color=&#8221;&#8221; hide_on_mobile=&#8221;small-visibility,medium-visibility,large-visibility&#8221; class=&#8221;&#8221; id=&#8221;&#8221;] L&#8217;addominoplastica, nota anche come addominoplastica, prevede la rimozione del grasso e della pelle in eccesso, nonch\u00e9 il rassodamento dei muscoli nella zona addominale. Fattori come l&#8217;invecchiamento naturale, la perdita di peso e la gravidanza possono causare un accumulo di pelle in eccesso e danneggiare i muscoli addominali. L&#8217;addominoplastica pu\u00f2 risolvere qualsiasi problema di eccesso di pelle rimuovendo pelle e grasso, riparando i muscoli indeboliti e rassodando la pelle rimanente. Questo intervento \u00e8 adatto sia agli uomini che alle donne e pu\u00f2 essere complementare ad altri interventi chirurgici come il lifting del seno, l&#8217;aumento del seno, la riduzione del seno maschile, il lifting delle cosce e molti altri. Cos&#8217;\u00e8 un&#8217;addominoplastica? L&#8217;addominoplastica pu\u00f2 essere una delle due procedure: addominoplastica completa o mini addominoplastica. Le differenze sono spiegate di seguito. Addominoplastica completa Un&#8217;addominoplastica completa prevede un&#8217;incisione nella parte inferiore dell&#8217;addome, solitamente da un fianco all&#8217;altro, e poi un&#8217;altra intorno all&#8217;ombelico. Una volta separata la pelle dalla parete addominale, i muscoli vengono tesi e il grasso e la pelle in eccesso vengono rimossi. L&#8217;ombelico viene quindi riposizionato e le incisioni vengono suturate. Mini addominoplastica Una mini addominoplastica \u00e8 molto meno invasiva e prevede un&#8217;incisione nella parte inferiore dell&#8217;addome, la separazione della pelle dalla parete addominale, l&#8217;asportazione di pelle e grasso in eccesso e la sutura dell&#8217;incisione. Con una mini addominoplastica, i muscoli addominali e l&#8217;ombelico rimangono in sede. Sia l&#8217;addominoplastica completa che quella mini vengono eseguite in anestesia generale e possono durare dalle 2 alle 4 ore. Benefici dell&#8217;addominoplastica Meno pelle in eccesso che rivela meglio gli addominali Ripara i muscoli addominali tesi Migliora la fiducia in se stessi e l&#8217;autostima Miglior rapporto corpo-fianchi\/vita Aumenta la tua scelta di abbigliamento Risultati duraturi Aspetto pi\u00f9 giovanile e possibilit\u00e0 di tornare all&#8217;aspetto pre-parto. Addominoplastica con il Dott. Frati Il Dott. Frati \u00e8 uno dei massimi specialisti in chirurgia estetica. Opera a Londra, Manchester, Chelmsford e Dubai. \u00c8 spesso soprannominato il &#8220;Chirurgo delle Star&#8221;, grazie alla sua ineguagliabile reputazione per alcuni dei migliori risultati nel settore che gli ha fatto guadagnare popolarit\u00e0 nel mondo della chirurgia estetica. Sottoporsi a un&#8217;addominoplastica \u00e8 una procedura seria, in cui non si pu\u00f2 permettersi di risparmiare e che richiede chirurghi all&#8217;avanguardia per ottenere i risultati migliori e pi\u00f9 sicuri. \u00c8 qui che il Dott. Frati pu\u00f2 aiutare. Le tecniche all&#8217;avanguardia e la natura calorosa del Dott. Frati possono offrire un servizio che riduce al minimo i rischi, riduce i tempi di recupero, garantisce i migliori risultati possibili e offre anche una mano comoda da tenere durante l&#8217;intervento di addominoplastica. Se hai altre domande o desideri parlare della fase successiva del tuo percorso di addominoplastica, contattaci : saremo lieti di consigliarti in qualsiasi modo tu ne abbia bisogno. [sp_easyaccordion id=&#8221;1715&#8243;] _text]_builder_column]_builder_row]_builder_container]ID globale=&#8221;450&#8243;]ID globale=&#8221;300&#8243;]<\/p>\n","protected":false},"author":2,"featured_media":0,"parent":15012,"menu_order":0,"comment_status":"closed","ping_status":"closed","template":"","meta":{"_acf_changed":false,"footnotes":""},"class_list":["post-14879","page","type-page","status-publish","hentry"],"acf":[],"yoast_head":"<!-- This site is optimized with the Yoast SEO plugin v27.4 - https:\/\/yoast.com\/product\/yoast-seo-wordpress\/ -->\n<title>Addominoplastica eseguita dal chirurgo di fama mondiale Dr. Frati<\/title>\n<meta name=\"description\" content=\"Addominoplastica dal migliore del settore, il Dott. R. Frati. Soprannominato da molti &quot;il chirurgo delle star&quot;, il lavoro e la competenza del Dott. Frati sono ineguagliabili.\" \/>\n<meta name=\"robots\" content=\"index, follow, max-snippet:-1, max-image-preview:large, max-video-preview:-1\" \/>\n<link rel=\"canonical\" href=\"https:\/\/dr-frati.com\/it\/procedure-corporee\/addominoplastica\/\" \/>\n<meta property=\"og:locale\" content=\"it_IT\" \/>\n<meta property=\"og:type\" content=\"article\" \/>\n<meta property=\"og:title\" content=\"Addominoplastica eseguita dal chirurgo di fama mondiale Dr. Frati\" \/>\n<meta property=\"og:description\" content=\"Addominoplastica dal migliore del settore, il Dott. R. Frati. Soprannominato da molti &quot;il chirurgo delle star&quot;, il lavoro e la competenza del Dott. Frati sono ineguagliabili.\" \/>\n<meta property=\"og:url\" content=\"https:\/\/dr-frati.com\/it\/procedure-corporee\/addominoplastica\/\" \/>\n<meta property=\"og:site_name\" content=\"Dr Frati Cosmetic Surgery\" \/>\n<meta property=\"article:publisher\" content=\"https:\/\/www.facebook.com\/drriccardofrati\/\" \/>\n<meta property=\"article:modified_time\" content=\"2025-11-21T08:25:59+00:00\" \/>\n<meta property=\"og:image\" content=\"https:\/\/dr-frati.com\/wp-content\/uploads\/2023\/01\/shutterstock_131052257-compressed-1024x1390-1-e1743682066976.jpeg\" \/>\n\t<meta property=\"og:image:width\" content=\"530\" \/>\n\t<meta property=\"og:image:height\" content=\"355\" \/>\n\t<meta property=\"og:image:type\" content=\"image\/jpeg\" \/>\n<meta name=\"twitter:card\" content=\"summary_large_image\" \/>\n<meta name=\"twitter:site\" content=\"@drfraticosmetic\" \/>\n<meta name=\"twitter:label1\" content=\"Tempo di lettura stimato\" \/>\n\t<meta name=\"twitter:data1\" content=\"3 minuti\" \/>\n<script type=\"application\/ld+json\" class=\"yoast-schema-graph\">{\"@context\":\"https:\\\/\\\/schema.org\",\"@graph\":[{\"@type\":\"WebPage\",\"@id\":\"https:\\\/\\\/dr-frati.com\\\/it\\\/procedure-corporee\\\/addominoplastica\\\/\",\"url\":\"https:\\\/\\\/dr-frati.com\\\/it\\\/procedure-corporee\\\/addominoplastica\\\/\",\"name\":\"Addominoplastica eseguita dal chirurgo di fama mondiale Dr. Frati\",\"isPartOf\":{\"@id\":\"https:\\\/\\\/dr-frati.com\\\/it\\\/#website\"},\"primaryImageOfPage\":{\"@id\":\"https:\\\/\\\/dr-frati.com\\\/it\\\/procedure-corporee\\\/addominoplastica\\\/#primaryimage\"},\"image\":{\"@id\":\"https:\\\/\\\/dr-frati.com\\\/it\\\/procedure-corporee\\\/addominoplastica\\\/#primaryimage\"},\"thumbnailUrl\":\"https:\\\/\\\/www.dr-frati.com\\\/wp-content\\\/uploads\\\/2023\\\/01\\\/shutterstock_131052257-compressed-1024x1390-1-221x300.jpeg\",\"datePublished\":\"2019-06-14T10:24:59+00:00\",\"dateModified\":\"2025-11-21T08:25:59+00:00\",\"description\":\"Addominoplastica dal migliore del settore, il Dott. R. Frati. Soprannominato da molti \\\"il chirurgo delle star\\\", il lavoro e la competenza del Dott. Frati sono ineguagliabili.\",\"breadcrumb\":{\"@id\":\"https:\\\/\\\/dr-frati.com\\\/it\\\/procedure-corporee\\\/addominoplastica\\\/#breadcrumb\"},\"inLanguage\":\"it-IT\",\"potentialAction\":[{\"@type\":\"ReadAction\",\"target\":[\"https:\\\/\\\/dr-frati.com\\\/it\\\/procedure-corporee\\\/addominoplastica\\\/\"]}]},{\"@type\":\"ImageObject\",\"inLanguage\":\"it-IT\",\"@id\":\"https:\\\/\\\/dr-frati.com\\\/it\\\/procedure-corporee\\\/addominoplastica\\\/#primaryimage\",\"url\":\"https:\\\/\\\/www.dr-frati.com\\\/wp-content\\\/uploads\\\/2023\\\/01\\\/shutterstock_131052257-compressed-1024x1390-1-221x300.jpeg\",\"contentUrl\":\"https:\\\/\\\/www.dr-frati.com\\\/wp-content\\\/uploads\\\/2023\\\/01\\\/shutterstock_131052257-compressed-1024x1390-1-221x300.jpeg\"},{\"@type\":\"BreadcrumbList\",\"@id\":\"https:\\\/\\\/dr-frati.com\\\/it\\\/procedure-corporee\\\/addominoplastica\\\/#breadcrumb\",\"itemListElement\":[{\"@type\":\"ListItem\",\"position\":1,\"name\":\"Home\",\"item\":\"https:\\\/\\\/dr-frati.com\\\/it\\\/casa\\\/\"},{\"@type\":\"ListItem\",\"position\":2,\"name\":\"Procedure corporee\",\"item\":\"https:\\\/\\\/dr-frati.com\\\/it\\\/procedure-corporee\\\/\"},{\"@type\":\"ListItem\",\"position\":3,\"name\":\"Addominoplastica\"}]},{\"@type\":\"WebSite\",\"@id\":\"https:\\\/\\\/dr-frati.com\\\/it\\\/#website\",\"url\":\"https:\\\/\\\/dr-frati.com\\\/it\\\/\",\"name\":\"Dr Frati Cosmetic Surgery\",\"description\":\"Dr Frati Cosmetic Surgery\",\"publisher\":{\"@id\":\"https:\\\/\\\/dr-frati.com\\\/it\\\/#organization\"},\"potentialAction\":[{\"@type\":\"SearchAction\",\"target\":{\"@type\":\"EntryPoint\",\"urlTemplate\":\"https:\\\/\\\/dr-frati.com\\\/it\\\/?s={search_term_string}\"},\"query-input\":{\"@type\":\"PropertyValueSpecification\",\"valueRequired\":true,\"valueName\":\"search_term_string\"}}],\"inLanguage\":\"it-IT\"},{\"@type\":\"Organization\",\"@id\":\"https:\\\/\\\/dr-frati.com\\\/it\\\/#organization\",\"name\":\"Dr Frati Cosmetic Surgery\",\"url\":\"https:\\\/\\\/dr-frati.com\\\/it\\\/\",\"logo\":{\"@type\":\"ImageObject\",\"inLanguage\":\"it-IT\",\"@id\":\"https:\\\/\\\/dr-frati.com\\\/it\\\/#\\\/schema\\\/logo\\\/image\\\/\",\"url\":\"https:\\\/\\\/dr-frati.com\\\/wp-content\\\/uploads\\\/2019\\\/07\\\/frlogobw.jpg\",\"contentUrl\":\"https:\\\/\\\/dr-frati.com\\\/wp-content\\\/uploads\\\/2019\\\/07\\\/frlogobw.jpg\",\"width\":532,\"height\":201,\"caption\":\"Dr Frati Cosmetic Surgery\"},\"image\":{\"@id\":\"https:\\\/\\\/dr-frati.com\\\/it\\\/#\\\/schema\\\/logo\\\/image\\\/\"},\"sameAs\":[\"https:\\\/\\\/www.facebook.com\\\/drriccardofrati\\\/\",\"https:\\\/\\\/x.com\\\/drfraticosmetic\",\"https:\\\/\\\/www.instagram.com\\\/fraticosmeticsurgery\\\/?hl=en\"]}]}<\/script>\n<!-- \/ Yoast SEO plugin. -->","yoast_head_json":{"title":"Addominoplastica eseguita dal chirurgo di fama mondiale Dr. Frati","description":"Addominoplastica dal migliore del settore, il Dott. R. Frati. Soprannominato da molti \"il chirurgo delle star\", il lavoro e la competenza del Dott. Frati sono ineguagliabili.","robots":{"index":"index","follow":"follow","max-snippet":"max-snippet:-1","max-image-preview":"max-image-preview:large","max-video-preview":"max-video-preview:-1"},"canonical":"https:\/\/dr-frati.com\/it\/procedure-corporee\/addominoplastica\/","og_locale":"it_IT","og_type":"article","og_title":"Addominoplastica eseguita dal chirurgo di fama mondiale Dr. Frati","og_description":"Addominoplastica dal migliore del settore, il Dott. R. Frati. Soprannominato da molti \"il chirurgo delle star\", il lavoro e la competenza del Dott. Frati sono ineguagliabili.","og_url":"https:\/\/dr-frati.com\/it\/procedure-corporee\/addominoplastica\/","og_site_name":"Dr Frati Cosmetic Surgery","article_publisher":"https:\/\/www.facebook.com\/drriccardofrati\/","article_modified_time":"2025-11-21T08:25:59+00:00","og_image":[{"width":530,"height":355,"url":"https:\/\/dr-frati.com\/wp-content\/uploads\/2023\/01\/shutterstock_131052257-compressed-1024x1390-1-e1743682066976.jpeg","type":"image\/jpeg"}],"twitter_card":"summary_large_image","twitter_site":"@drfraticosmetic","twitter_misc":{"Tempo di lettura stimato":"3 minuti"},"schema":{"@context":"https:\/\/schema.org","@graph":[{"@type":"WebPage","@id":"https:\/\/dr-frati.com\/it\/procedure-corporee\/addominoplastica\/","url":"https:\/\/dr-frati.com\/it\/procedure-corporee\/addominoplastica\/","name":"Addominoplastica eseguita dal chirurgo di fama mondiale Dr. Frati","isPartOf":{"@id":"https:\/\/dr-frati.com\/it\/#website"},"primaryImageOfPage":{"@id":"https:\/\/dr-frati.com\/it\/procedure-corporee\/addominoplastica\/#primaryimage"},"image":{"@id":"https:\/\/dr-frati.com\/it\/procedure-corporee\/addominoplastica\/#primaryimage"},"thumbnailUrl":"https:\/\/www.dr-frati.com\/wp-content\/uploads\/2023\/01\/shutterstock_131052257-compressed-1024x1390-1-221x300.jpeg","datePublished":"2019-06-14T10:24:59+00:00","dateModified":"2025-11-21T08:25:59+00:00","description":"Addominoplastica dal migliore del settore, il Dott. R. Frati. Soprannominato da molti \"il chirurgo delle star\", il lavoro e la competenza del Dott. Frati sono ineguagliabili.","breadcrumb":{"@id":"https:\/\/dr-frati.com\/it\/procedure-corporee\/addominoplastica\/#breadcrumb"},"inLanguage":"it-IT","potentialAction":[{"@type":"ReadAction","target":["https:\/\/dr-frati.com\/it\/procedure-corporee\/addominoplastica\/"]}]},{"@type":"ImageObject","inLanguage":"it-IT","@id":"https:\/\/dr-frati.com\/it\/procedure-corporee\/addominoplastica\/#primaryimage","url":"https:\/\/www.dr-frati.com\/wp-content\/uploads\/2023\/01\/shutterstock_131052257-compressed-1024x1390-1-221x300.jpeg","contentUrl":"https:\/\/www.dr-frati.com\/wp-content\/uploads\/2023\/01\/shutterstock_131052257-compressed-1024x1390-1-221x300.jpeg"},{"@type":"BreadcrumbList","@id":"https:\/\/dr-frati.com\/it\/procedure-corporee\/addominoplastica\/#breadcrumb","itemListElement":[{"@type":"ListItem","position":1,"name":"Home","item":"https:\/\/dr-frati.com\/it\/casa\/"},{"@type":"ListItem","position":2,"name":"Procedure corporee","item":"https:\/\/dr-frati.com\/it\/procedure-corporee\/"},{"@type":"ListItem","position":3,"name":"Addominoplastica"}]},{"@type":"WebSite","@id":"https:\/\/dr-frati.com\/it\/#website","url":"https:\/\/dr-frati.com\/it\/","name":"Dr Frati Cosmetic Surgery","description":"Dr Frati Cosmetic Surgery","publisher":{"@id":"https:\/\/dr-frati.com\/it\/#organization"},"potentialAction":[{"@type":"SearchAction","target":{"@type":"EntryPoint","urlTemplate":"https:\/\/dr-frati.com\/it\/?s={search_term_string}"},"query-input":{"@type":"PropertyValueSpecification","valueRequired":true,"valueName":"search_term_string"}}],"inLanguage":"it-IT"},{"@type":"Organization","@id":"https:\/\/dr-frati.com\/it\/#organization","name":"Dr Frati Cosmetic Surgery","url":"https:\/\/dr-frati.com\/it\/","logo":{"@type":"ImageObject","inLanguage":"it-IT","@id":"https:\/\/dr-frati.com\/it\/#\/schema\/logo\/image\/","url":"https:\/\/dr-frati.com\/wp-content\/uploads\/2019\/07\/frlogobw.jpg","contentUrl":"https:\/\/dr-frati.com\/wp-content\/uploads\/2019\/07\/frlogobw.jpg","width":532,"height":201,"caption":"Dr Frati Cosmetic Surgery"},"image":{"@id":"https:\/\/dr-frati.com\/it\/#\/schema\/logo\/image\/"},"sameAs":["https:\/\/www.facebook.com\/drriccardofrati\/","https:\/\/x.com\/drfraticosmetic","https:\/\/www.instagram.com\/fraticosmeticsurgery\/?hl=en"]}]}},"_links":{"self":[{"href":"https:\/\/dr-frati.com\/it\/wp-json\/wp\/v2\/pages\/14879","targetHints":{"allow":["GET"]}}],"collection":[{"href":"https:\/\/dr-frati.com\/it\/wp-json\/wp\/v2\/pages"}],"about":[{"href":"https:\/\/dr-frati.com\/it\/wp-json\/wp\/v2\/types\/page"}],"author":[{"embeddable":true,"href":"https:\/\/dr-frati.com\/it\/wp-json\/wp\/v2\/users\/2"}],"replies":[{"embeddable":true,"href":"https:\/\/dr-frati.com\/it\/wp-json\/wp\/v2\/comments?post=14879"}],"version-history":[{"count":1,"href":"https:\/\/dr-frati.com\/it\/wp-json\/wp\/v2\/pages\/14879\/revisions"}],"predecessor-version":[{"id":15015,"href":"https:\/\/dr-frati.com\/it\/wp-json\/wp\/v2\/pages\/14879\/revisions\/15015"}],"up":[{"embeddable":true,"href":"https:\/\/dr-frati.com\/it\/wp-json\/wp\/v2\/pages\/15012"}],"wp:attachment":[{"href":"https:\/\/dr-frati.com\/it\/wp-json\/wp\/v2\/media?parent=14879"}],"curies":[{"name":"wp","href":"https:\/\/api.w.org\/{rel}","templated":true}]}}