{"id":14884,"date":"2023-01-25T22:08:32","date_gmt":"2023-01-25T22:08:32","guid":{"rendered":"https:\/\/www.dr-frati.com\/lifting-londra\/"},"modified":"2023-01-25T22:08:32","modified_gmt":"2023-01-25T22:08:32","slug":"lifting-londra","status":"publish","type":"page","link":"https:\/\/dr-frati.com\/it\/lifting-londra\/","title":{"rendered":"Lifting Londra"},"content":{"rendered":"<p>Facelift Londra: il Dott. Frati \u00e8 il tuo esperto di riferimento per la chirurgia estetica<\/p>\n<h2>Cosa pu\u00f2 fare per te il nostro team Facelift London?<\/h2>\n<p><img fetchpriority=\"high\" decoding=\"async\" class=\"size-medium wp-image-924 alignright\" src=\"https:\/\/www.dr-frati.com\/wp-content\/uploads\/2019\/12\/shutterstock_487887496-300x222.jpg\" alt=\"Lifting del viso a Londra e lifting del collo su una donna\" width=\"300\" height=\"222\"><br \/>\nPresso Frati Cosmetic Surgery, sappiamo che apparire al meglio pu\u00f2 avere un impatto positivo sulla fiducia in se stessi e sul benessere generale. Per aiutarvi a ottenere l&#8217;aspetto desiderato, i nostri chirurghi esperti offrono una vasta gamma di procedure per il viso, tra cui il lifting. <\/p>\n<p>&nbsp;<\/p>\n<h4>Visita la nostra pagina principale <a href=\"https:\/\/www.dr-frati.com\/it\/chirurgia-del-lifting-del-viso\/\">dedicata alla chirurgia del lifting del viso<\/a> o dai un&#8217;occhiata ad alcune foto <a href=\"https:\/\/www.dr-frati.com\/facelift-before-and-after\/\">del prima e del dopo del lifting<\/a> .<\/h4>\n<h2><strong>Come pu\u00f2 il Dott. Frati fornire un servizio di cos\u00ec alta qualit\u00e0 per Facelift London?<\/strong><\/h2>\n<p>Il nostro acclamato chirurgo estetico, il Dott. Frati, \u00e8 rinomato tra celebrit\u00e0 e influencer per il suo approccio magistrale nel creare risultati straordinari mantenendo un&#8217;estetica naturale. Come visto in TV, il Dott. Frati vanta anni di esperienza nel fornire risultati sorprendenti, dall&#8217;aspetto naturale e giovanile. Crede fermamente nella collaborazione con i suoi pazienti per creare un piano d&#8217;azione personalizzato che consenta di raggiungere il risultato desiderato.  <\/p>\n<p>Che tu stia cercando un miglioramento sottile o una trasformazione radicale, il Dott. Frati si prender\u00e0 il tempo necessario per discutere con te i tuoi obiettivi e le tue aspettative prima di creare un piano personalizzato per le tue esigenze. I dettagli di questo piano saranno discussi durante la consulenza iniziale presso il nostro ufficio di Londra, situato nella famosa Harley Street, nel quartiere <a href=\"https:\/\/www.timeout.com\/london\/things-to-do\/marylebone-area-guide\">di Marylebone<\/a> , dove accogliamo clienti da tutta Londra e non solo per interventi di lifting. <\/p>\n<p>La procedura in s\u00e9 prevede l&#8217;utilizzo di tecniche moderne, come la chirurgia senza incisioni, che pu\u00f2 aiutare a ridurre al minimo le cicatrici, e di metodi tradizionali come mini-lifting e lifting completi, progettati per aiutare a ripristinare tonicit\u00e0 e carnagione in coloro che non vogliono o non possono utilizzare iniettabili come i filler dermici. Durante l&#8217;operazione, la pelle in eccesso viene rimossa dal viso praticando incisioni intorno all&#8217;attaccatura dei capelli, prima di rassodare i muscoli e i tessuti sottostanti, in modo che appaiano di nuovo naturalmente lisci e sodi. <\/p>\n<h2><strong>Contattaci per i nostri servizi di lifting a Londra.<\/strong><\/h2>\n<p>Presso Frati Cosmetic Surgery siamo orgogliosi del nostro impegno nell&#8217;assistenza post-operatoria; tutti i nostri clienti ricevono visite di controllo in cui valutiamo i loro progressi e garantiamo risultati eccellenti ogni volta, non solo fisicamente ma anche mentalmente. Sappiamo che un intervento di lifting pu\u00f2 essere scoraggiante, ma grazie alle nostre strutture all&#8217;avanguardia, ai chirurghi qualificati e all&#8217;eccellente team di assistenza post-operatoria, garantiamo la massima soddisfazione ogni volta! <\/p>\n<p>Se sei pronto per la fase successiva del tuo percorso di lifting, saremo lieti di aiutarti a scegliere il percorso pi\u00f9 adatto. Per prenotare una consulenza a Londra, o se preferisci il nostro servizio di lifting a Manchester, o per saperne di pi\u00f9 sui nostri servizi in generale, <a href=\"https:\/\/www.dr-frati.com\/contact\/\">contattaci<\/a> oggi stesso o chiamaci allo <a href=\"tel:+442036332619\">020 3633 2619.<\/a> <\/p>\n","protected":false},"excerpt":{"rendered":"<p>Facelift Londra: il Dott. Frati \u00e8 il tuo esperto di riferimento per la chirurgia estetica Cosa pu\u00f2 fare per te il nostro team Facelift London? Presso Frati Cosmetic Surgery, sappiamo che apparire al meglio pu\u00f2 avere un impatto positivo sulla fiducia in se stessi e sul benessere generale. Per aiutarvi a ottenere l&#8217;aspetto desiderato, i nostri chirurghi esperti offrono una vasta gamma di procedure per il viso, tra cui il lifting. &nbsp; Visita la nostra pagina principale dedicata alla chirurgia del lifting del viso o dai un&#8217;occhiata ad alcune foto del prima e del dopo del lifting . Come pu\u00f2 il Dott. Frati fornire un servizio di cos\u00ec alta qualit\u00e0 per Facelift London? Il nostro acclamato chirurgo estetico, il Dott. Frati, \u00e8 rinomato tra celebrit\u00e0 e influencer per il suo approccio magistrale nel creare risultati straordinari mantenendo un&#8217;estetica naturale. Come visto in TV, il Dott. Frati vanta anni di esperienza nel fornire risultati sorprendenti, dall&#8217;aspetto naturale e giovanile. Crede fermamente nella collaborazione con i suoi pazienti per creare un piano d&#8217;azione personalizzato che consenta di raggiungere il risultato desiderato. Che tu stia cercando un miglioramento sottile o una trasformazione radicale, il Dott. Frati si prender\u00e0 il tempo necessario per discutere con te i tuoi obiettivi e le tue aspettative prima di creare un piano personalizzato per le tue esigenze. I dettagli di questo piano saranno discussi durante la consulenza iniziale presso il nostro ufficio di Londra, situato nella famosa Harley Street, nel quartiere di Marylebone , dove accogliamo clienti da tutta Londra e non solo per interventi di lifting. La procedura in s\u00e9 prevede l&#8217;utilizzo di tecniche moderne, come la chirurgia senza incisioni, che pu\u00f2 aiutare a ridurre al minimo le cicatrici, e di metodi tradizionali come mini-lifting e lifting completi, progettati per aiutare a ripristinare tonicit\u00e0 e carnagione in coloro che non vogliono o non possono utilizzare iniettabili come i filler dermici. Durante l&#8217;operazione, la pelle in eccesso viene rimossa dal viso praticando incisioni intorno all&#8217;attaccatura dei capelli, prima di rassodare i muscoli e i tessuti sottostanti, in modo che appaiano di nuovo naturalmente lisci e sodi. Contattaci per i nostri servizi di lifting a Londra. Presso Frati Cosmetic Surgery siamo orgogliosi del nostro impegno nell&#8217;assistenza post-operatoria; tutti i nostri clienti ricevono visite di controllo in cui valutiamo i loro progressi e garantiamo risultati eccellenti ogni volta, non solo fisicamente ma anche mentalmente. Sappiamo che un intervento di lifting pu\u00f2 essere scoraggiante, ma grazie alle nostre strutture all&#8217;avanguardia, ai chirurghi qualificati e all&#8217;eccellente team di assistenza post-operatoria, garantiamo la massima soddisfazione ogni volta! Se sei pronto per la fase successiva del tuo percorso di lifting, saremo lieti di aiutarti a scegliere il percorso pi\u00f9 adatto. Per prenotare una consulenza a Londra, o se preferisci il nostro servizio di lifting a Manchester, o per saperne di pi\u00f9 sui nostri servizi in generale, contattaci oggi stesso o chiamaci allo 020 3633 2619.<\/p>\n","protected":false},"author":2,"featured_media":0,"parent":0,"menu_order":0,"comment_status":"closed","ping_status":"closed","template":"","meta":{"_acf_changed":false,"footnotes":""},"class_list":["post-14884","page","type-page","status-publish","hentry"],"acf":[],"yoast_head":"<!-- This site is optimized with the Yoast SEO plugin v27.4 - https:\/\/yoast.com\/product\/yoast-seo-wordpress\/ -->\n<title>Miglior lifting Londra | Dr Frati Cosmetic Surgery<\/title>\n<meta name=\"description\" content=\"Il miglior lifting a Londra del Dott. Frati. Il chirurgo di riferimento per celebrit\u00e0 e influencer, il Dott. Frati pu\u00f2 garantire i migliori risultati in circolazione!\" \/>\n<meta name=\"robots\" content=\"index, follow, max-snippet:-1, max-image-preview:large, max-video-preview:-1\" \/>\n<link rel=\"canonical\" href=\"https:\/\/dr-frati.com\/it\/lifting-londra\/\" \/>\n<meta property=\"og:locale\" content=\"it_IT\" \/>\n<meta property=\"og:type\" content=\"article\" \/>\n<meta property=\"og:title\" content=\"Miglior lifting Londra | Dr Frati Cosmetic Surgery\" \/>\n<meta property=\"og:description\" content=\"Il miglior lifting a Londra del Dott. Frati. Il chirurgo di riferimento per celebrit\u00e0 e influencer, il Dott. Frati pu\u00f2 garantire i migliori risultati in circolazione!\" \/>\n<meta property=\"og:url\" content=\"https:\/\/dr-frati.com\/it\/lifting-londra\/\" \/>\n<meta property=\"og:site_name\" content=\"Dr Frati Cosmetic Surgery\" \/>\n<meta property=\"article:publisher\" content=\"https:\/\/www.facebook.com\/drriccardofrati\/\" \/>\n<meta property=\"og:image\" content=\"https:\/\/dr-frati.com\/wp-content\/uploads\/2019\/12\/shutterstock_487887496-scaled-e1743681886334.jpg\" \/>\n\t<meta property=\"og:image:width\" content=\"530\" \/>\n\t<meta property=\"og:image:height\" content=\"355\" \/>\n\t<meta property=\"og:image:type\" content=\"image\/jpeg\" \/>\n<meta name=\"twitter:card\" content=\"summary_large_image\" \/>\n<meta name=\"twitter:site\" content=\"@drfraticosmetic\" \/>\n<meta name=\"twitter:label1\" content=\"Tempo di lettura stimato\" \/>\n\t<meta name=\"twitter:data1\" content=\"2 minuti\" \/>\n<script type=\"application\/ld+json\" class=\"yoast-schema-graph\">{\"@context\":\"https:\\\/\\\/schema.org\",\"@graph\":[{\"@type\":\"WebPage\",\"@id\":\"https:\\\/\\\/dr-frati.com\\\/it\\\/lifting-londra\\\/\",\"url\":\"https:\\\/\\\/dr-frati.com\\\/it\\\/lifting-londra\\\/\",\"name\":\"Miglior lifting Londra | Dr Frati Cosmetic Surgery\",\"isPartOf\":{\"@id\":\"https:\\\/\\\/dr-frati.com\\\/it\\\/#website\"},\"primaryImageOfPage\":{\"@id\":\"https:\\\/\\\/dr-frati.com\\\/it\\\/lifting-londra\\\/#primaryimage\"},\"image\":{\"@id\":\"https:\\\/\\\/dr-frati.com\\\/it\\\/lifting-londra\\\/#primaryimage\"},\"thumbnailUrl\":\"https:\\\/\\\/www.dr-frati.com\\\/wp-content\\\/uploads\\\/2019\\\/12\\\/shutterstock_487887496-300x222.jpg\",\"datePublished\":\"2023-01-25T22:08:32+00:00\",\"description\":\"Il miglior lifting a Londra del Dott. Frati. Il chirurgo di riferimento per celebrit\u00e0 e influencer, il Dott. Frati pu\u00f2 garantire i migliori risultati in circolazione!\",\"breadcrumb\":{\"@id\":\"https:\\\/\\\/dr-frati.com\\\/it\\\/lifting-londra\\\/#breadcrumb\"},\"inLanguage\":\"it-IT\",\"potentialAction\":[{\"@type\":\"ReadAction\",\"target\":[\"https:\\\/\\\/dr-frati.com\\\/it\\\/lifting-londra\\\/\"]}]},{\"@type\":\"ImageObject\",\"inLanguage\":\"it-IT\",\"@id\":\"https:\\\/\\\/dr-frati.com\\\/it\\\/lifting-londra\\\/#primaryimage\",\"url\":\"https:\\\/\\\/www.dr-frati.com\\\/wp-content\\\/uploads\\\/2019\\\/12\\\/shutterstock_487887496-300x222.jpg\",\"contentUrl\":\"https:\\\/\\\/www.dr-frati.com\\\/wp-content\\\/uploads\\\/2019\\\/12\\\/shutterstock_487887496-300x222.jpg\"},{\"@type\":\"BreadcrumbList\",\"@id\":\"https:\\\/\\\/dr-frati.com\\\/it\\\/lifting-londra\\\/#breadcrumb\",\"itemListElement\":[{\"@type\":\"ListItem\",\"position\":1,\"name\":\"Home\",\"item\":\"https:\\\/\\\/dr-frati.com\\\/it\\\/casa\\\/\"},{\"@type\":\"ListItem\",\"position\":2,\"name\":\"Lifting Londra\"}]},{\"@type\":\"WebSite\",\"@id\":\"https:\\\/\\\/dr-frati.com\\\/it\\\/#website\",\"url\":\"https:\\\/\\\/dr-frati.com\\\/it\\\/\",\"name\":\"Dr Frati Cosmetic Surgery\",\"description\":\"Dr Frati Cosmetic Surgery\",\"publisher\":{\"@id\":\"https:\\\/\\\/dr-frati.com\\\/it\\\/#organization\"},\"potentialAction\":[{\"@type\":\"SearchAction\",\"target\":{\"@type\":\"EntryPoint\",\"urlTemplate\":\"https:\\\/\\\/dr-frati.com\\\/it\\\/?s={search_term_string}\"},\"query-input\":{\"@type\":\"PropertyValueSpecification\",\"valueRequired\":true,\"valueName\":\"search_term_string\"}}],\"inLanguage\":\"it-IT\"},{\"@type\":\"Organization\",\"@id\":\"https:\\\/\\\/dr-frati.com\\\/it\\\/#organization\",\"name\":\"Dr Frati Cosmetic Surgery\",\"url\":\"https:\\\/\\\/dr-frati.com\\\/it\\\/\",\"logo\":{\"@type\":\"ImageObject\",\"inLanguage\":\"it-IT\",\"@id\":\"https:\\\/\\\/dr-frati.com\\\/it\\\/#\\\/schema\\\/logo\\\/image\\\/\",\"url\":\"https:\\\/\\\/dr-frati.com\\\/wp-content\\\/uploads\\\/2019\\\/07\\\/frlogobw.jpg\",\"contentUrl\":\"https:\\\/\\\/dr-frati.com\\\/wp-content\\\/uploads\\\/2019\\\/07\\\/frlogobw.jpg\",\"width\":532,\"height\":201,\"caption\":\"Dr Frati Cosmetic Surgery\"},\"image\":{\"@id\":\"https:\\\/\\\/dr-frati.com\\\/it\\\/#\\\/schema\\\/logo\\\/image\\\/\"},\"sameAs\":[\"https:\\\/\\\/www.facebook.com\\\/drriccardofrati\\\/\",\"https:\\\/\\\/x.com\\\/drfraticosmetic\",\"https:\\\/\\\/www.instagram.com\\\/fraticosmeticsurgery\\\/?hl=en\"]}]}<\/script>\n<!-- \/ Yoast SEO plugin. -->","yoast_head_json":{"title":"Miglior lifting Londra | Dr Frati Cosmetic Surgery","description":"Il miglior lifting a Londra del Dott. Frati. Il chirurgo di riferimento per celebrit\u00e0 e influencer, il Dott. Frati pu\u00f2 garantire i migliori risultati in circolazione!","robots":{"index":"index","follow":"follow","max-snippet":"max-snippet:-1","max-image-preview":"max-image-preview:large","max-video-preview":"max-video-preview:-1"},"canonical":"https:\/\/dr-frati.com\/it\/lifting-londra\/","og_locale":"it_IT","og_type":"article","og_title":"Miglior lifting Londra | Dr Frati Cosmetic Surgery","og_description":"Il miglior lifting a Londra del Dott. Frati. Il chirurgo di riferimento per celebrit\u00e0 e influencer, il Dott. Frati pu\u00f2 garantire i migliori risultati in circolazione!","og_url":"https:\/\/dr-frati.com\/it\/lifting-londra\/","og_site_name":"Dr Frati Cosmetic Surgery","article_publisher":"https:\/\/www.facebook.com\/drriccardofrati\/","og_image":[{"width":530,"height":355,"url":"https:\/\/dr-frati.com\/wp-content\/uploads\/2019\/12\/shutterstock_487887496-scaled-e1743681886334.jpg","type":"image\/jpeg"}],"twitter_card":"summary_large_image","twitter_site":"@drfraticosmetic","twitter_misc":{"Tempo di lettura stimato":"2 minuti"},"schema":{"@context":"https:\/\/schema.org","@graph":[{"@type":"WebPage","@id":"https:\/\/dr-frati.com\/it\/lifting-londra\/","url":"https:\/\/dr-frati.com\/it\/lifting-londra\/","name":"Miglior lifting Londra | Dr Frati Cosmetic Surgery","isPartOf":{"@id":"https:\/\/dr-frati.com\/it\/#website"},"primaryImageOfPage":{"@id":"https:\/\/dr-frati.com\/it\/lifting-londra\/#primaryimage"},"image":{"@id":"https:\/\/dr-frati.com\/it\/lifting-londra\/#primaryimage"},"thumbnailUrl":"https:\/\/www.dr-frati.com\/wp-content\/uploads\/2019\/12\/shutterstock_487887496-300x222.jpg","datePublished":"2023-01-25T22:08:32+00:00","description":"Il miglior lifting a Londra del Dott. Frati. Il chirurgo di riferimento per celebrit\u00e0 e influencer, il Dott. Frati pu\u00f2 garantire i migliori risultati in circolazione!","breadcrumb":{"@id":"https:\/\/dr-frati.com\/it\/lifting-londra\/#breadcrumb"},"inLanguage":"it-IT","potentialAction":[{"@type":"ReadAction","target":["https:\/\/dr-frati.com\/it\/lifting-londra\/"]}]},{"@type":"ImageObject","inLanguage":"it-IT","@id":"https:\/\/dr-frati.com\/it\/lifting-londra\/#primaryimage","url":"https:\/\/www.dr-frati.com\/wp-content\/uploads\/2019\/12\/shutterstock_487887496-300x222.jpg","contentUrl":"https:\/\/www.dr-frati.com\/wp-content\/uploads\/2019\/12\/shutterstock_487887496-300x222.jpg"},{"@type":"BreadcrumbList","@id":"https:\/\/dr-frati.com\/it\/lifting-londra\/#breadcrumb","itemListElement":[{"@type":"ListItem","position":1,"name":"Home","item":"https:\/\/dr-frati.com\/it\/casa\/"},{"@type":"ListItem","position":2,"name":"Lifting Londra"}]},{"@type":"WebSite","@id":"https:\/\/dr-frati.com\/it\/#website","url":"https:\/\/dr-frati.com\/it\/","name":"Dr Frati Cosmetic Surgery","description":"Dr Frati Cosmetic Surgery","publisher":{"@id":"https:\/\/dr-frati.com\/it\/#organization"},"potentialAction":[{"@type":"SearchAction","target":{"@type":"EntryPoint","urlTemplate":"https:\/\/dr-frati.com\/it\/?s={search_term_string}"},"query-input":{"@type":"PropertyValueSpecification","valueRequired":true,"valueName":"search_term_string"}}],"inLanguage":"it-IT"},{"@type":"Organization","@id":"https:\/\/dr-frati.com\/it\/#organization","name":"Dr Frati Cosmetic Surgery","url":"https:\/\/dr-frati.com\/it\/","logo":{"@type":"ImageObject","inLanguage":"it-IT","@id":"https:\/\/dr-frati.com\/it\/#\/schema\/logo\/image\/","url":"https:\/\/dr-frati.com\/wp-content\/uploads\/2019\/07\/frlogobw.jpg","contentUrl":"https:\/\/dr-frati.com\/wp-content\/uploads\/2019\/07\/frlogobw.jpg","width":532,"height":201,"caption":"Dr Frati Cosmetic Surgery"},"image":{"@id":"https:\/\/dr-frati.com\/it\/#\/schema\/logo\/image\/"},"sameAs":["https:\/\/www.facebook.com\/drriccardofrati\/","https:\/\/x.com\/drfraticosmetic","https:\/\/www.instagram.com\/fraticosmeticsurgery\/?hl=en"]}]}},"_links":{"self":[{"href":"https:\/\/dr-frati.com\/it\/wp-json\/wp\/v2\/pages\/14884","targetHints":{"allow":["GET"]}}],"collection":[{"href":"https:\/\/dr-frati.com\/it\/wp-json\/wp\/v2\/pages"}],"about":[{"href":"https:\/\/dr-frati.com\/it\/wp-json\/wp\/v2\/types\/page"}],"author":[{"embeddable":true,"href":"https:\/\/dr-frati.com\/it\/wp-json\/wp\/v2\/users\/2"}],"replies":[{"embeddable":true,"href":"https:\/\/dr-frati.com\/it\/wp-json\/wp\/v2\/comments?post=14884"}],"version-history":[{"count":0,"href":"https:\/\/dr-frati.com\/it\/wp-json\/wp\/v2\/pages\/14884\/revisions"}],"wp:attachment":[{"href":"https:\/\/dr-frati.com\/it\/wp-json\/wp\/v2\/media?parent=14884"}],"curies":[{"name":"wp","href":"https:\/\/api.w.org\/{rel}","templated":true}]}}