{"id":14887,"date":"2023-01-25T22:49:06","date_gmt":"2023-01-25T22:49:06","guid":{"rendered":"https:\/\/www.dr-frati.com\/addominoplastica-manchester\/"},"modified":"2023-01-25T22:49:06","modified_gmt":"2023-01-25T22:49:06","slug":"addominoplastica-manchester","status":"publish","type":"page","link":"https:\/\/dr-frati.com\/it\/addominoplastica-manchester\/","title":{"rendered":"Addominoplastica Manchester"},"content":{"rendered":"<p>Stai pensando di sottoporti a un intervento di addominoplastica a Manchester? Il Dott. Frati \u00e8 il tuo esperto di riferimento per la chirurgia estetica.<\/p>\n<p>&nbsp;<\/p>\n<h2>Cosa pu\u00f2 fare per te il nostro team di addominoplastica di Manchester?<\/h2>\n<p><img fetchpriority=\"high\" decoding=\"async\" class=\"size-medium wp-image-671 alignright\" src=\"https:\/\/www.dr-frati.com\/wp-content\/uploads\/2019\/09\/shutterstock_378909058-300x200.jpg\" alt=\"Mini addominoplastica Manchester dopo la procedura\" width=\"300\" height=\"200\" srcset=\"https:\/\/dr-frati.com\/wp-content\/uploads\/2019\/09\/shutterstock_378909058-300x200.jpg 300w, https:\/\/dr-frati.com\/wp-content\/uploads\/2019\/09\/shutterstock_378909058-768x512.jpg 768w, https:\/\/dr-frati.com\/wp-content\/uploads\/2019\/09\/shutterstock_378909058-200x133.jpg 200w, https:\/\/dr-frati.com\/wp-content\/uploads\/2019\/09\/shutterstock_378909058-400x267.jpg 400w, https:\/\/dr-frati.com\/wp-content\/uploads\/2019\/09\/shutterstock_378909058-600x400.jpg 600w, https:\/\/dr-frati.com\/wp-content\/uploads\/2019\/09\/shutterstock_378909058-800x534.jpg 800w, https:\/\/dr-frati.com\/wp-content\/uploads\/2019\/09\/shutterstock_378909058.jpg 1000w\" sizes=\"(max-width: 300px) 100vw, 300px\" \/><br \/>\nPresso Frati Cosmetic Surgery, il nostro team specializzato in addominoplastica a Manchester si impegna a fornire ai propri clienti un servizio di altissima qualit\u00e0. Il nostro chirurgo esperto e altamente qualificato, il Dott. Frati, si impegna a fornirvi i migliori risultati possibili per le vostre esigenze individuali. Siamo specializzati nell&#8217;offrire una variet\u00e0 di trattamenti di addominoplastica e il nostro team specializzato \u00e8 a vostra disposizione per aiutarvi a trovare l&#8217;opzione pi\u00f9 adatta alle vostre esigenze individuali.  <\/p>\n<h4>Visita la nostra pagina principale <a href=\"https:\/\/www.dr-frati.com\/it\/addominoplastica\/\">dedicata all&#8217;addominoplastica<\/a> o dai un&#8217;occhiata ad alcune foto <a href=\"https:\/\/www.dr-frati.com\/tummy-tuck-before-and-after-uk\/\">prima e dopo l&#8217;addominoplastica<\/a> .<\/h4>\n<p>Il nostro team si impegna ad aiutarti a ottenere un addome pi\u00f9 armonioso, dando priorit\u00e0 assoluta alla tua sicurezza. Comprendiamo l&#8217;importanza di garantire che tutti i trattamenti siano personalizzati in base ai desideri e alle esigenze individuali di ogni paziente. Per questo motivo, collaboriamo con ogni singolo paziente per garantire che il risultato desiderato venga raggiunto in modo sicuro ed efficace.  <\/p>\n<p>Siamo orgogliosi di offrire ai nostri clienti un&#8217;assistenza di prim&#8217;ordine e di garantire che si sentano a loro agio durante l&#8217;intero processo. Il nostro team sar\u00e0 al vostro fianco in ogni fase, dalla consulenza iniziale fino a ben oltre la conclusione dell&#8217;intervento, aiutandovi a prendere decisioni consapevoli sulle opzioni pi\u00f9 adatte a voi. <\/p>\n<p>&nbsp;<\/p>\n<h2>Come pu\u00f2 il Dott. Frati fornire un servizio di cos\u00ec alta qualit\u00e0 per l&#8217;addominoplastica a Manchester?<\/h2>\n<p>Il Dott. Frati esegue interventi di chirurgia estetica da molti anni e ha maturato una preziosa esperienza in questo campo. La sua competenza va ben oltre la semplice addominoplastica: offre anche tecniche avanzate di body sculpting come la liposuzione o <a href=\"https:\/\/www.dr-frati.com\/it\/mummy-makeover-uk\/\">il Mummy Makeovers UK<\/a> per coloro che desiderano ridefinire la propria silhouette senza sottoporsi a procedure invasive. <\/p>\n<p>Il Dott. Frati utilizza esclusivamente <a href=\"https:\/\/www.fda.gov\/medical-devices\">apparecchiature approvate dalla FDA<\/a> durante le sue procedure e segue protocolli rigorosi per garantire che la vostra sicurezza sia sempre al primo posto. Collabora inoltre a stretto contatto con altri professionisti medici esperti per offrire servizi completi che includono visite di controllo post-operatorie, consulenza nutrizionale e, se necessario, supporto nutrizionale, in modo da ridurre al minimo i tempi di recupero e consentirvi di tornare rapidamente in carreggiata dopo il completamento della procedura con successo. <\/p>\n<p>Inoltre, l&#8217;impegno del Dott. Frati per un servizio clienti eccellente significa che si assicura che tutti i pazienti ricevano informazioni complete prima di sottoporsi a qualsiasi procedura, in modo che sappiano cosa ci si aspetta da loro durante tutto il percorso verso il raggiungimento dei risultati desiderati, eliminando qualsiasi stress o incertezza associati all&#8217;esecuzione di un intervento di trattamento estetico come l&#8217;addominoplastica o <a href=\"https:\/\/www.dr-frati.com\/blog\/faq-items\/mummy-makeover-faqs\/\">il mummy makeover a Manchester<\/a> presso la sua clinica.<\/p>\n<h2>Contattaci per i nostri servizi di addominoplastica a Manchester<\/h2>\n<p>Se stai cercando chirurghi estetici professionisti ed esperti a Manchester in grado di offrirti servizi di prim&#8217;ordine per l&#8217;addominoplastica, non cercare oltre: Frati Cosmetic Surgery \u00e8 la soluzione che fa per te! Il nostro team esperto pu\u00f2 offrirti una gamma di soluzioni personalizzate in base alle tue esigenze individuali: dalle semplici operazioni di addominoplastica alle tecniche pi\u00f9 avanzate di body sculpting come la liposuzione, abbiamo tutto ci\u00f2 che ti serve! <\/p>\n<p>Per fissare un appuntamento di consulenza a Manchester, o anche se desideri il nostro servizio di addominoplastica a Londra, o per saperne di pi\u00f9 sui nostri servizi in generale <a href=\"https:\/\/www.dr-frati.com\/contact\/\">, contattaci<\/a> oggi stesso o chiama lo <a href=\"tel:01613272139\">0161 327 2139<\/a><\/p>\n","protected":false},"excerpt":{"rendered":"<p>Stai pensando di sottoporti a un intervento di addominoplastica a Manchester? Il Dott. Frati \u00e8 il tuo esperto di riferimento per la chirurgia estetica. &nbsp; Cosa pu\u00f2 fare per te il nostro team di addominoplastica di Manchester? Presso Frati Cosmetic Surgery, il nostro team specializzato in addominoplastica a Manchester si impegna a fornire ai propri clienti un servizio di altissima qualit\u00e0. Il nostro chirurgo esperto e altamente qualificato, il Dott. Frati, si impegna a fornirvi i migliori risultati possibili per le vostre esigenze individuali. Siamo specializzati nell&#8217;offrire una variet\u00e0 di trattamenti di addominoplastica e il nostro team specializzato \u00e8 a vostra disposizione per aiutarvi a trovare l&#8217;opzione pi\u00f9 adatta alle vostre esigenze individuali. Visita la nostra pagina principale dedicata all&#8217;addominoplastica o dai un&#8217;occhiata ad alcune foto prima e dopo l&#8217;addominoplastica . Il nostro team si impegna ad aiutarti a ottenere un addome pi\u00f9 armonioso, dando priorit\u00e0 assoluta alla tua sicurezza. Comprendiamo l&#8217;importanza di garantire che tutti i trattamenti siano personalizzati in base ai desideri e alle esigenze individuali di ogni paziente. Per questo motivo, collaboriamo con ogni singolo paziente per garantire che il risultato desiderato venga raggiunto in modo sicuro ed efficace. Siamo orgogliosi di offrire ai nostri clienti un&#8217;assistenza di prim&#8217;ordine e di garantire che si sentano a loro agio durante l&#8217;intero processo. Il nostro team sar\u00e0 al vostro fianco in ogni fase, dalla consulenza iniziale fino a ben oltre la conclusione dell&#8217;intervento, aiutandovi a prendere decisioni consapevoli sulle opzioni pi\u00f9 adatte a voi. &nbsp; Come pu\u00f2 il Dott. Frati fornire un servizio di cos\u00ec alta qualit\u00e0 per l&#8217;addominoplastica a Manchester? Il Dott. Frati esegue interventi di chirurgia estetica da molti anni e ha maturato una preziosa esperienza in questo campo. La sua competenza va ben oltre la semplice addominoplastica: offre anche tecniche avanzate di body sculpting come la liposuzione o il Mummy Makeovers UK per coloro che desiderano ridefinire la propria silhouette senza sottoporsi a procedure invasive. Il Dott. Frati utilizza esclusivamente apparecchiature approvate dalla FDA durante le sue procedure e segue protocolli rigorosi per garantire che la vostra sicurezza sia sempre al primo posto. Collabora inoltre a stretto contatto con altri professionisti medici esperti per offrire servizi completi che includono visite di controllo post-operatorie, consulenza nutrizionale e, se necessario, supporto nutrizionale, in modo da ridurre al minimo i tempi di recupero e consentirvi di tornare rapidamente in carreggiata dopo il completamento della procedura con successo. Inoltre, l&#8217;impegno del Dott. Frati per un servizio clienti eccellente significa che si assicura che tutti i pazienti ricevano informazioni complete prima di sottoporsi a qualsiasi procedura, in modo che sappiano cosa ci si aspetta da loro durante tutto il percorso verso il raggiungimento dei risultati desiderati, eliminando qualsiasi stress o incertezza associati all&#8217;esecuzione di un intervento di trattamento estetico come l&#8217;addominoplastica o il mummy makeover a Manchester presso la sua clinica. Contattaci per i nostri servizi di addominoplastica a Manchester Se stai cercando chirurghi estetici professionisti ed esperti a Manchester in grado di offrirti servizi di prim&#8217;ordine per l&#8217;addominoplastica, non cercare oltre: Frati Cosmetic Surgery \u00e8 la soluzione che fa per te! Il nostro team esperto pu\u00f2 offrirti una gamma di soluzioni personalizzate in base alle tue esigenze individuali: dalle semplici operazioni di addominoplastica alle tecniche pi\u00f9 avanzate di body sculpting come la liposuzione, abbiamo tutto ci\u00f2 che ti serve! Per fissare un appuntamento di consulenza a Manchester, o anche se desideri il nostro servizio di addominoplastica a Londra, o per saperne di pi\u00f9 sui nostri servizi in generale , contattaci oggi stesso o chiama lo 0161 327 2139<\/p>\n","protected":false},"author":2,"featured_media":0,"parent":0,"menu_order":0,"comment_status":"closed","ping_status":"closed","template":"","meta":{"_acf_changed":false,"footnotes":""},"class_list":["post-14887","page","type-page","status-publish","hentry"],"acf":[],"yoast_head":"<!-- This site is optimized with the Yoast SEO plugin v27.3 - https:\/\/yoast.com\/product\/yoast-seo-wordpress\/ -->\n<title>Miglior addominoplastica Manchester | Dr Frati Cosmetic Surgery<\/title>\n<meta name=\"description\" content=\"I migliori servizi di addominoplastica a Manchester offerti dal famoso Dott. Frati. Scelto da molte celebrit\u00e0 e influencer. Vuoi i migliori risultati? Contattaci!\" \/>\n<meta name=\"robots\" content=\"index, follow, max-snippet:-1, max-image-preview:large, max-video-preview:-1\" \/>\n<link rel=\"canonical\" href=\"https:\/\/dr-frati.com\/it\/addominoplastica-manchester\/\" \/>\n<meta property=\"og:locale\" content=\"it_IT\" \/>\n<meta property=\"og:type\" content=\"article\" \/>\n<meta property=\"og:title\" content=\"Miglior addominoplastica Manchester | Dr Frati Cosmetic Surgery\" \/>\n<meta property=\"og:description\" content=\"I migliori servizi di addominoplastica a Manchester offerti dal famoso Dott. Frati. Scelto da molte celebrit\u00e0 e influencer. Vuoi i migliori risultati? Contattaci!\" \/>\n<meta property=\"og:url\" content=\"https:\/\/dr-frati.com\/it\/addominoplastica-manchester\/\" \/>\n<meta property=\"og:site_name\" content=\"Dr Frati Cosmetic Surgery\" \/>\n<meta property=\"article:publisher\" content=\"https:\/\/www.facebook.com\/drriccardofrati\/\" \/>\n<meta property=\"og:image\" content=\"https:\/\/dr-frati.com\/wp-content\/uploads\/2019\/09\/shutterstock_378909058.jpg\" \/>\n\t<meta property=\"og:image:width\" content=\"1000\" \/>\n\t<meta property=\"og:image:height\" content=\"667\" \/>\n\t<meta property=\"og:image:type\" content=\"image\/jpeg\" \/>\n<meta name=\"twitter:card\" content=\"summary_large_image\" \/>\n<meta name=\"twitter:site\" content=\"@drfraticosmetic\" \/>\n<meta name=\"twitter:label1\" content=\"Tempo di lettura stimato\" \/>\n\t<meta name=\"twitter:data1\" content=\"3 minuti\" \/>\n<script type=\"application\/ld+json\" class=\"yoast-schema-graph\">{\"@context\":\"https:\\\/\\\/schema.org\",\"@graph\":[{\"@type\":\"WebPage\",\"@id\":\"https:\\\/\\\/dr-frati.com\\\/it\\\/addominoplastica-manchester\\\/\",\"url\":\"https:\\\/\\\/dr-frati.com\\\/it\\\/addominoplastica-manchester\\\/\",\"name\":\"Miglior addominoplastica Manchester | Dr Frati Cosmetic Surgery\",\"isPartOf\":{\"@id\":\"https:\\\/\\\/dr-frati.com\\\/it\\\/#website\"},\"primaryImageOfPage\":{\"@id\":\"https:\\\/\\\/dr-frati.com\\\/it\\\/addominoplastica-manchester\\\/#primaryimage\"},\"image\":{\"@id\":\"https:\\\/\\\/dr-frati.com\\\/it\\\/addominoplastica-manchester\\\/#primaryimage\"},\"thumbnailUrl\":\"https:\\\/\\\/www.dr-frati.com\\\/wp-content\\\/uploads\\\/2019\\\/09\\\/shutterstock_378909058-300x200.jpg\",\"datePublished\":\"2023-01-25T22:49:06+00:00\",\"description\":\"I migliori servizi di addominoplastica a Manchester offerti dal famoso Dott. Frati. Scelto da molte celebrit\u00e0 e influencer. Vuoi i migliori risultati? Contattaci!\",\"breadcrumb\":{\"@id\":\"https:\\\/\\\/dr-frati.com\\\/it\\\/addominoplastica-manchester\\\/#breadcrumb\"},\"inLanguage\":\"it-IT\",\"potentialAction\":[{\"@type\":\"ReadAction\",\"target\":[\"https:\\\/\\\/dr-frati.com\\\/it\\\/addominoplastica-manchester\\\/\"]}]},{\"@type\":\"ImageObject\",\"inLanguage\":\"it-IT\",\"@id\":\"https:\\\/\\\/dr-frati.com\\\/it\\\/addominoplastica-manchester\\\/#primaryimage\",\"url\":\"https:\\\/\\\/www.dr-frati.com\\\/wp-content\\\/uploads\\\/2019\\\/09\\\/shutterstock_378909058-300x200.jpg\",\"contentUrl\":\"https:\\\/\\\/www.dr-frati.com\\\/wp-content\\\/uploads\\\/2019\\\/09\\\/shutterstock_378909058-300x200.jpg\"},{\"@type\":\"BreadcrumbList\",\"@id\":\"https:\\\/\\\/dr-frati.com\\\/it\\\/addominoplastica-manchester\\\/#breadcrumb\",\"itemListElement\":[{\"@type\":\"ListItem\",\"position\":1,\"name\":\"Home\",\"item\":\"https:\\\/\\\/dr-frati.com\\\/it\\\/casa\\\/\"},{\"@type\":\"ListItem\",\"position\":2,\"name\":\"Addominoplastica Manchester\"}]},{\"@type\":\"WebSite\",\"@id\":\"https:\\\/\\\/dr-frati.com\\\/it\\\/#website\",\"url\":\"https:\\\/\\\/dr-frati.com\\\/it\\\/\",\"name\":\"Dr Frati Cosmetic Surgery\",\"description\":\"Dr Frati Cosmetic Surgery\",\"publisher\":{\"@id\":\"https:\\\/\\\/dr-frati.com\\\/it\\\/#organization\"},\"potentialAction\":[{\"@type\":\"SearchAction\",\"target\":{\"@type\":\"EntryPoint\",\"urlTemplate\":\"https:\\\/\\\/dr-frati.com\\\/it\\\/?s={search_term_string}\"},\"query-input\":{\"@type\":\"PropertyValueSpecification\",\"valueRequired\":true,\"valueName\":\"search_term_string\"}}],\"inLanguage\":\"it-IT\"},{\"@type\":\"Organization\",\"@id\":\"https:\\\/\\\/dr-frati.com\\\/it\\\/#organization\",\"name\":\"Dr Frati Cosmetic Surgery\",\"url\":\"https:\\\/\\\/dr-frati.com\\\/it\\\/\",\"logo\":{\"@type\":\"ImageObject\",\"inLanguage\":\"it-IT\",\"@id\":\"https:\\\/\\\/dr-frati.com\\\/it\\\/#\\\/schema\\\/logo\\\/image\\\/\",\"url\":\"https:\\\/\\\/dr-frati.com\\\/wp-content\\\/uploads\\\/2019\\\/07\\\/frlogobw.jpg\",\"contentUrl\":\"https:\\\/\\\/dr-frati.com\\\/wp-content\\\/uploads\\\/2019\\\/07\\\/frlogobw.jpg\",\"width\":532,\"height\":201,\"caption\":\"Dr Frati Cosmetic Surgery\"},\"image\":{\"@id\":\"https:\\\/\\\/dr-frati.com\\\/it\\\/#\\\/schema\\\/logo\\\/image\\\/\"},\"sameAs\":[\"https:\\\/\\\/www.facebook.com\\\/drriccardofrati\\\/\",\"https:\\\/\\\/x.com\\\/drfraticosmetic\",\"https:\\\/\\\/www.instagram.com\\\/fraticosmeticsurgery\\\/?hl=en\"]}]}<\/script>\n<!-- \/ Yoast SEO plugin. -->","yoast_head_json":{"title":"Miglior addominoplastica Manchester | Dr Frati Cosmetic Surgery","description":"I migliori servizi di addominoplastica a Manchester offerti dal famoso Dott. Frati. Scelto da molte celebrit\u00e0 e influencer. Vuoi i migliori risultati? Contattaci!","robots":{"index":"index","follow":"follow","max-snippet":"max-snippet:-1","max-image-preview":"max-image-preview:large","max-video-preview":"max-video-preview:-1"},"canonical":"https:\/\/dr-frati.com\/it\/addominoplastica-manchester\/","og_locale":"it_IT","og_type":"article","og_title":"Miglior addominoplastica Manchester | Dr Frati Cosmetic Surgery","og_description":"I migliori servizi di addominoplastica a Manchester offerti dal famoso Dott. Frati. Scelto da molte celebrit\u00e0 e influencer. Vuoi i migliori risultati? Contattaci!","og_url":"https:\/\/dr-frati.com\/it\/addominoplastica-manchester\/","og_site_name":"Dr Frati Cosmetic Surgery","article_publisher":"https:\/\/www.facebook.com\/drriccardofrati\/","og_image":[{"width":1000,"height":667,"url":"https:\/\/dr-frati.com\/wp-content\/uploads\/2019\/09\/shutterstock_378909058.jpg","type":"image\/jpeg"}],"twitter_card":"summary_large_image","twitter_site":"@drfraticosmetic","twitter_misc":{"Tempo di lettura stimato":"3 minuti"},"schema":{"@context":"https:\/\/schema.org","@graph":[{"@type":"WebPage","@id":"https:\/\/dr-frati.com\/it\/addominoplastica-manchester\/","url":"https:\/\/dr-frati.com\/it\/addominoplastica-manchester\/","name":"Miglior addominoplastica Manchester | Dr Frati Cosmetic Surgery","isPartOf":{"@id":"https:\/\/dr-frati.com\/it\/#website"},"primaryImageOfPage":{"@id":"https:\/\/dr-frati.com\/it\/addominoplastica-manchester\/#primaryimage"},"image":{"@id":"https:\/\/dr-frati.com\/it\/addominoplastica-manchester\/#primaryimage"},"thumbnailUrl":"https:\/\/www.dr-frati.com\/wp-content\/uploads\/2019\/09\/shutterstock_378909058-300x200.jpg","datePublished":"2023-01-25T22:49:06+00:00","description":"I migliori servizi di addominoplastica a Manchester offerti dal famoso Dott. Frati. Scelto da molte celebrit\u00e0 e influencer. Vuoi i migliori risultati? Contattaci!","breadcrumb":{"@id":"https:\/\/dr-frati.com\/it\/addominoplastica-manchester\/#breadcrumb"},"inLanguage":"it-IT","potentialAction":[{"@type":"ReadAction","target":["https:\/\/dr-frati.com\/it\/addominoplastica-manchester\/"]}]},{"@type":"ImageObject","inLanguage":"it-IT","@id":"https:\/\/dr-frati.com\/it\/addominoplastica-manchester\/#primaryimage","url":"https:\/\/www.dr-frati.com\/wp-content\/uploads\/2019\/09\/shutterstock_378909058-300x200.jpg","contentUrl":"https:\/\/www.dr-frati.com\/wp-content\/uploads\/2019\/09\/shutterstock_378909058-300x200.jpg"},{"@type":"BreadcrumbList","@id":"https:\/\/dr-frati.com\/it\/addominoplastica-manchester\/#breadcrumb","itemListElement":[{"@type":"ListItem","position":1,"name":"Home","item":"https:\/\/dr-frati.com\/it\/casa\/"},{"@type":"ListItem","position":2,"name":"Addominoplastica Manchester"}]},{"@type":"WebSite","@id":"https:\/\/dr-frati.com\/it\/#website","url":"https:\/\/dr-frati.com\/it\/","name":"Dr Frati Cosmetic Surgery","description":"Dr Frati Cosmetic Surgery","publisher":{"@id":"https:\/\/dr-frati.com\/it\/#organization"},"potentialAction":[{"@type":"SearchAction","target":{"@type":"EntryPoint","urlTemplate":"https:\/\/dr-frati.com\/it\/?s={search_term_string}"},"query-input":{"@type":"PropertyValueSpecification","valueRequired":true,"valueName":"search_term_string"}}],"inLanguage":"it-IT"},{"@type":"Organization","@id":"https:\/\/dr-frati.com\/it\/#organization","name":"Dr Frati Cosmetic Surgery","url":"https:\/\/dr-frati.com\/it\/","logo":{"@type":"ImageObject","inLanguage":"it-IT","@id":"https:\/\/dr-frati.com\/it\/#\/schema\/logo\/image\/","url":"https:\/\/dr-frati.com\/wp-content\/uploads\/2019\/07\/frlogobw.jpg","contentUrl":"https:\/\/dr-frati.com\/wp-content\/uploads\/2019\/07\/frlogobw.jpg","width":532,"height":201,"caption":"Dr Frati Cosmetic Surgery"},"image":{"@id":"https:\/\/dr-frati.com\/it\/#\/schema\/logo\/image\/"},"sameAs":["https:\/\/www.facebook.com\/drriccardofrati\/","https:\/\/x.com\/drfraticosmetic","https:\/\/www.instagram.com\/fraticosmeticsurgery\/?hl=en"]}]}},"_links":{"self":[{"href":"https:\/\/dr-frati.com\/it\/wp-json\/wp\/v2\/pages\/14887","targetHints":{"allow":["GET"]}}],"collection":[{"href":"https:\/\/dr-frati.com\/it\/wp-json\/wp\/v2\/pages"}],"about":[{"href":"https:\/\/dr-frati.com\/it\/wp-json\/wp\/v2\/types\/page"}],"author":[{"embeddable":true,"href":"https:\/\/dr-frati.com\/it\/wp-json\/wp\/v2\/users\/2"}],"replies":[{"embeddable":true,"href":"https:\/\/dr-frati.com\/it\/wp-json\/wp\/v2\/comments?post=14887"}],"version-history":[{"count":0,"href":"https:\/\/dr-frati.com\/it\/wp-json\/wp\/v2\/pages\/14887\/revisions"}],"wp:attachment":[{"href":"https:\/\/dr-frati.com\/it\/wp-json\/wp\/v2\/media?parent=14887"}],"curies":[{"name":"wp","href":"https:\/\/api.w.org\/{rel}","templated":true}]}}