{"id":14888,"date":"2023-01-25T23:21:10","date_gmt":"2023-01-25T23:21:10","guid":{"rendered":"https:\/\/www.dr-frati.com\/liposuzione-vaser-manchester\/"},"modified":"2023-01-25T23:21:10","modified_gmt":"2023-01-25T23:21:10","slug":"liposuzione-vaser-manchester","status":"publish","type":"page","link":"https:\/\/dr-frati.com\/it\/liposuzione-vaser-manchester\/","title":{"rendered":"Liposuzione Vaser Manchester"},"content":{"rendered":"<p>Liposuzione Vaser Manchester: il Dott. Frati \u00e8 il tuo esperto di riferimento per la chirurgia estetica<\/p>\n<h4>Visita la nostra pagina principale <a href=\"https:\/\/www.dr-frati.com\/it\/liposuzione-vaser\/\">sulla liposuzione Vaser<\/a> .<\/h4>\n<h4><\/h4>\n<h4><img fetchpriority=\"high\" decoding=\"async\" class=\"size-medium wp-image-813 alignright\" src=\"https:\/\/www.dr-frati.com\/wp-content\/uploads\/2019\/10\/shutterstock_1030302541-300x200.jpg\" alt=\"Chirurgia di liposuzione Vaser\" width=\"300\" height=\"200\" srcset=\"https:\/\/dr-frati.com\/wp-content\/uploads\/2019\/10\/shutterstock_1030302541-300x200.jpg 300w, https:\/\/dr-frati.com\/wp-content\/uploads\/2019\/10\/shutterstock_1030302541-768x512.jpg 768w, https:\/\/dr-frati.com\/wp-content\/uploads\/2019\/10\/shutterstock_1030302541-200x133.jpg 200w, https:\/\/dr-frati.com\/wp-content\/uploads\/2019\/10\/shutterstock_1030302541-400x267.jpg 400w, https:\/\/dr-frati.com\/wp-content\/uploads\/2019\/10\/shutterstock_1030302541-600x400.jpg 600w, https:\/\/dr-frati.com\/wp-content\/uploads\/2019\/10\/shutterstock_1030302541-800x534.jpg 800w, https:\/\/dr-frati.com\/wp-content\/uploads\/2019\/10\/shutterstock_1030302541.jpg 1000w\" sizes=\"(max-width: 300px) 100vw, 300px\" \/><\/h4>\n<h2>Cosa pu\u00f2 fare per te il nostro team di Vaser Liposuction Manchester?<\/h2>\n<p>Presso Frati Cosmetic Surgery, il nostro team di professionisti altamente qualificati ed esperti offre servizi di liposuzione Vaser a Manchester di livello mondiale. Le nostre tecniche altamente specializzate ci consentono di rimuovere in modo sicuro grasso e tessuti dal corpo per modellarlo e rimodellarlo nella forma desiderata. Utilizziamo tecnologie e tecniche all&#8217;avanguardia per garantire una procedura sicura e precisa, garantendo al contempo risultati eccellenti. Con Frati Cosmetic Surgery, vi garantiamo i risultati desiderati con tempi di recupero minimi. Il nostro team si impegna a fornire un servizio clienti e un&#8217;assistenza ai pazienti di qualit\u00e0 senza pari.    <\/p>\n<p>&nbsp;<\/p>\n<h2>Come pu\u00f2 il Dott. Frati fornire un servizio di cos\u00ec alta qualit\u00e0 per la liposuzione Vaser a Manchester?<\/h2>\n<p>Il Dott. Frati \u00e8 uno dei migliori chirurghi plastici di Manchester; la sua esperienza e competenza, unite alle tecniche moderne, lo rendono uno dei migliori in termini di liposuzione a Manchester. \u00c8 apparso in diversi programmi televisivi e su pubblicazioni come il New York Times, il Guardian, ecc., rendendolo il chirurgo di riferimento per celebrit\u00e0 e influencer in cerca di una liposuzione di alta qualit\u00e0 a Manchester. Utilizza tecnologie e tecniche avanzate come la lipolisi laser, <g id=\"gid_0\">la lipolisi assistita da ultrasuoni<\/g> (UAL), <g id=\"gid_1\">la liposuzione assistita da potenza<\/g> (PAL), ecc., che combinano sicurezza e risultati superiori. Il suo team qualificato offre un&#8217;attenzione personalizzata durante ogni visita; inoltre, monitora attentamente le cure post-operatorie per garantire risultati ottimali con tempi di recupero minimi.   <\/p>\n<h2>Contattaci per i nostri servizi di liposuzione Vaser a Manchester<\/h2>\n<p>Se sei interessato a scoprire i servizi di liposuzione Vaser a Manchester presso Frati Cosmetic Surgery, non esitare a contattarci! Il nostro cordiale staff sar\u00e0 lieto di rispondere a qualsiasi domanda o dubbio tu possa avere riguardo a questa procedura o alle credenziali del Dott. Frati. Sappiamo che scegliere la clinica giusta per le tue esigenze individuali \u00e8 una decisione importante, quindi non esitare a contattarci se c&#8217;\u00e8 altro che possiamo fare per aiutarti a rendere la tua esperienza pi\u00f9 piacevole!  <\/p>\n<p>Per fissare un appuntamento per una consulenza a Manchester, o anche se desideri il nostro servizio di liposuzione Vaser a Londra, o per saperne di pi\u00f9 sui nostri servizi in generale, <a href=\"https:\/\/www.dr-frati.com\/contact\/\">contattaci<\/a> oggi stesso o chiama lo <a href=\"tel:01613272139\">0161 327 2139<\/a><\/p>\n","protected":false},"excerpt":{"rendered":"<p>Liposuzione Vaser Manchester: il Dott. Frati \u00e8 il tuo esperto di riferimento per la chirurgia estetica Visita la nostra pagina principale sulla liposuzione Vaser . Cosa pu\u00f2 fare per te il nostro team di Vaser Liposuction Manchester? Presso Frati Cosmetic Surgery, il nostro team di professionisti altamente qualificati ed esperti offre servizi di liposuzione Vaser a Manchester di livello mondiale. Le nostre tecniche altamente specializzate ci consentono di rimuovere in modo sicuro grasso e tessuti dal corpo per modellarlo e rimodellarlo nella forma desiderata. Utilizziamo tecnologie e tecniche all&#8217;avanguardia per garantire una procedura sicura e precisa, garantendo al contempo risultati eccellenti. Con Frati Cosmetic Surgery, vi garantiamo i risultati desiderati con tempi di recupero minimi. Il nostro team si impegna a fornire un servizio clienti e un&#8217;assistenza ai pazienti di qualit\u00e0 senza pari. &nbsp; Come pu\u00f2 il Dott. Frati fornire un servizio di cos\u00ec alta qualit\u00e0 per la liposuzione Vaser a Manchester? Il Dott. Frati \u00e8 uno dei migliori chirurghi plastici di Manchester; la sua esperienza e competenza, unite alle tecniche moderne, lo rendono uno dei migliori in termini di liposuzione a Manchester. \u00c8 apparso in diversi programmi televisivi e su pubblicazioni come il New York Times, il Guardian, ecc., rendendolo il chirurgo di riferimento per celebrit\u00e0 e influencer in cerca di una liposuzione di alta qualit\u00e0 a Manchester. Utilizza tecnologie e tecniche avanzate come la lipolisi laser, la lipolisi assistita da ultrasuoni (UAL), la liposuzione assistita da potenza (PAL), ecc., che combinano sicurezza e risultati superiori. Il suo team qualificato offre un&#8217;attenzione personalizzata durante ogni visita; inoltre, monitora attentamente le cure post-operatorie per garantire risultati ottimali con tempi di recupero minimi. Contattaci per i nostri servizi di liposuzione Vaser a Manchester Se sei interessato a scoprire i servizi di liposuzione Vaser a Manchester presso Frati Cosmetic Surgery, non esitare a contattarci! Il nostro cordiale staff sar\u00e0 lieto di rispondere a qualsiasi domanda o dubbio tu possa avere riguardo a questa procedura o alle credenziali del Dott. Frati. Sappiamo che scegliere la clinica giusta per le tue esigenze individuali \u00e8 una decisione importante, quindi non esitare a contattarci se c&#8217;\u00e8 altro che possiamo fare per aiutarti a rendere la tua esperienza pi\u00f9 piacevole! Per fissare un appuntamento per una consulenza a Manchester, o anche se desideri il nostro servizio di liposuzione Vaser a Londra, o per saperne di pi\u00f9 sui nostri servizi in generale, contattaci oggi stesso o chiama lo 0161 327 2139<\/p>\n","protected":false},"author":2,"featured_media":0,"parent":0,"menu_order":0,"comment_status":"closed","ping_status":"closed","template":"","meta":{"_acf_changed":false,"footnotes":""},"class_list":["post-14888","page","type-page","status-publish","hentry"],"acf":[],"yoast_head":"<!-- This site is optimized with the Yoast SEO plugin v27.5 - https:\/\/yoast.com\/product\/yoast-seo-wordpress\/ -->\n<title>Miglior liposuzione Vaser Manchester | Dr Frati Cosmetic Surgery<\/title>\n<meta name=\"description\" content=\"Le migliori procedure di liposuzione Vaser a Manchester eseguite dal rinomato e grande esperto Dott. Frati, a cui si affidano numerose celebrit\u00e0 e influencer!\" \/>\n<meta name=\"robots\" content=\"index, follow, max-snippet:-1, max-image-preview:large, max-video-preview:-1\" \/>\n<link rel=\"canonical\" href=\"https:\/\/dr-frati.com\/it\/liposuzione-vaser-manchester\/\" \/>\n<meta property=\"og:locale\" content=\"it_IT\" \/>\n<meta property=\"og:type\" content=\"article\" \/>\n<meta property=\"og:title\" content=\"Miglior liposuzione Vaser Manchester | Dr Frati Cosmetic Surgery\" \/>\n<meta property=\"og:description\" content=\"Le migliori procedure di liposuzione Vaser a Manchester eseguite dal rinomato e grande esperto Dott. Frati, a cui si affidano numerose celebrit\u00e0 e influencer!\" \/>\n<meta property=\"og:url\" content=\"https:\/\/dr-frati.com\/it\/liposuzione-vaser-manchester\/\" \/>\n<meta property=\"og:site_name\" content=\"Dr Frati Cosmetic Surgery\" \/>\n<meta property=\"article:publisher\" content=\"https:\/\/www.facebook.com\/drriccardofrati\/\" \/>\n<meta property=\"og:image\" content=\"https:\/\/dr-frati.com\/wp-content\/uploads\/2019\/10\/shutterstock_1030302541.jpg\" \/>\n\t<meta property=\"og:image:width\" content=\"1000\" \/>\n\t<meta property=\"og:image:height\" content=\"667\" \/>\n\t<meta property=\"og:image:type\" content=\"image\/jpeg\" \/>\n<meta name=\"twitter:card\" content=\"summary_large_image\" \/>\n<meta name=\"twitter:site\" content=\"@drfraticosmetic\" \/>\n<meta name=\"twitter:label1\" content=\"Tempo di lettura stimato\" \/>\n\t<meta name=\"twitter:data1\" content=\"2 minuti\" \/>\n<script type=\"application\/ld+json\" class=\"yoast-schema-graph\">{\"@context\":\"https:\\\/\\\/schema.org\",\"@graph\":[{\"@type\":\"WebPage\",\"@id\":\"https:\\\/\\\/dr-frati.com\\\/it\\\/liposuzione-vaser-manchester\\\/\",\"url\":\"https:\\\/\\\/dr-frati.com\\\/it\\\/liposuzione-vaser-manchester\\\/\",\"name\":\"Miglior liposuzione Vaser Manchester | Dr Frati Cosmetic Surgery\",\"isPartOf\":{\"@id\":\"https:\\\/\\\/dr-frati.com\\\/it\\\/#website\"},\"primaryImageOfPage\":{\"@id\":\"https:\\\/\\\/dr-frati.com\\\/it\\\/liposuzione-vaser-manchester\\\/#primaryimage\"},\"image\":{\"@id\":\"https:\\\/\\\/dr-frati.com\\\/it\\\/liposuzione-vaser-manchester\\\/#primaryimage\"},\"thumbnailUrl\":\"https:\\\/\\\/www.dr-frati.com\\\/wp-content\\\/uploads\\\/2019\\\/10\\\/shutterstock_1030302541-300x200.jpg\",\"datePublished\":\"2023-01-25T23:21:10+00:00\",\"description\":\"Le migliori procedure di liposuzione Vaser a Manchester eseguite dal rinomato e grande esperto Dott. Frati, a cui si affidano numerose celebrit\u00e0 e influencer!\",\"breadcrumb\":{\"@id\":\"https:\\\/\\\/dr-frati.com\\\/it\\\/liposuzione-vaser-manchester\\\/#breadcrumb\"},\"inLanguage\":\"it-IT\",\"potentialAction\":[{\"@type\":\"ReadAction\",\"target\":[\"https:\\\/\\\/dr-frati.com\\\/it\\\/liposuzione-vaser-manchester\\\/\"]}]},{\"@type\":\"ImageObject\",\"inLanguage\":\"it-IT\",\"@id\":\"https:\\\/\\\/dr-frati.com\\\/it\\\/liposuzione-vaser-manchester\\\/#primaryimage\",\"url\":\"https:\\\/\\\/www.dr-frati.com\\\/wp-content\\\/uploads\\\/2019\\\/10\\\/shutterstock_1030302541-300x200.jpg\",\"contentUrl\":\"https:\\\/\\\/www.dr-frati.com\\\/wp-content\\\/uploads\\\/2019\\\/10\\\/shutterstock_1030302541-300x200.jpg\"},{\"@type\":\"BreadcrumbList\",\"@id\":\"https:\\\/\\\/dr-frati.com\\\/it\\\/liposuzione-vaser-manchester\\\/#breadcrumb\",\"itemListElement\":[{\"@type\":\"ListItem\",\"position\":1,\"name\":\"Home\",\"item\":\"https:\\\/\\\/dr-frati.com\\\/it\\\/casa\\\/\"},{\"@type\":\"ListItem\",\"position\":2,\"name\":\"Liposuzione Vaser Manchester\"}]},{\"@type\":\"WebSite\",\"@id\":\"https:\\\/\\\/dr-frati.com\\\/it\\\/#website\",\"url\":\"https:\\\/\\\/dr-frati.com\\\/it\\\/\",\"name\":\"Dr Frati Cosmetic Surgery\",\"description\":\"Dr Frati Cosmetic Surgery\",\"publisher\":{\"@id\":\"https:\\\/\\\/dr-frati.com\\\/it\\\/#organization\"},\"potentialAction\":[{\"@type\":\"SearchAction\",\"target\":{\"@type\":\"EntryPoint\",\"urlTemplate\":\"https:\\\/\\\/dr-frati.com\\\/it\\\/?s={search_term_string}\"},\"query-input\":{\"@type\":\"PropertyValueSpecification\",\"valueRequired\":true,\"valueName\":\"search_term_string\"}}],\"inLanguage\":\"it-IT\"},{\"@type\":\"Organization\",\"@id\":\"https:\\\/\\\/dr-frati.com\\\/it\\\/#organization\",\"name\":\"Dr Frati Cosmetic Surgery\",\"url\":\"https:\\\/\\\/dr-frati.com\\\/it\\\/\",\"logo\":{\"@type\":\"ImageObject\",\"inLanguage\":\"it-IT\",\"@id\":\"https:\\\/\\\/dr-frati.com\\\/it\\\/#\\\/schema\\\/logo\\\/image\\\/\",\"url\":\"https:\\\/\\\/dr-frati.com\\\/wp-content\\\/uploads\\\/2019\\\/07\\\/frlogobw.jpg\",\"contentUrl\":\"https:\\\/\\\/dr-frati.com\\\/wp-content\\\/uploads\\\/2019\\\/07\\\/frlogobw.jpg\",\"width\":532,\"height\":201,\"caption\":\"Dr Frati Cosmetic Surgery\"},\"image\":{\"@id\":\"https:\\\/\\\/dr-frati.com\\\/it\\\/#\\\/schema\\\/logo\\\/image\\\/\"},\"sameAs\":[\"https:\\\/\\\/www.facebook.com\\\/drriccardofrati\\\/\",\"https:\\\/\\\/x.com\\\/drfraticosmetic\",\"https:\\\/\\\/www.instagram.com\\\/fraticosmeticsurgery\\\/?hl=en\"]}]}<\/script>\n<!-- \/ Yoast SEO plugin. -->","yoast_head_json":{"title":"Miglior liposuzione Vaser Manchester | Dr Frati Cosmetic Surgery","description":"Le migliori procedure di liposuzione Vaser a Manchester eseguite dal rinomato e grande esperto Dott. Frati, a cui si affidano numerose celebrit\u00e0 e influencer!","robots":{"index":"index","follow":"follow","max-snippet":"max-snippet:-1","max-image-preview":"max-image-preview:large","max-video-preview":"max-video-preview:-1"},"canonical":"https:\/\/dr-frati.com\/it\/liposuzione-vaser-manchester\/","og_locale":"it_IT","og_type":"article","og_title":"Miglior liposuzione Vaser Manchester | Dr Frati Cosmetic Surgery","og_description":"Le migliori procedure di liposuzione Vaser a Manchester eseguite dal rinomato e grande esperto Dott. Frati, a cui si affidano numerose celebrit\u00e0 e influencer!","og_url":"https:\/\/dr-frati.com\/it\/liposuzione-vaser-manchester\/","og_site_name":"Dr Frati Cosmetic Surgery","article_publisher":"https:\/\/www.facebook.com\/drriccardofrati\/","og_image":[{"width":1000,"height":667,"url":"https:\/\/dr-frati.com\/wp-content\/uploads\/2019\/10\/shutterstock_1030302541.jpg","type":"image\/jpeg"}],"twitter_card":"summary_large_image","twitter_site":"@drfraticosmetic","twitter_misc":{"Tempo di lettura stimato":"2 minuti"},"schema":{"@context":"https:\/\/schema.org","@graph":[{"@type":"WebPage","@id":"https:\/\/dr-frati.com\/it\/liposuzione-vaser-manchester\/","url":"https:\/\/dr-frati.com\/it\/liposuzione-vaser-manchester\/","name":"Miglior liposuzione Vaser Manchester | Dr Frati Cosmetic Surgery","isPartOf":{"@id":"https:\/\/dr-frati.com\/it\/#website"},"primaryImageOfPage":{"@id":"https:\/\/dr-frati.com\/it\/liposuzione-vaser-manchester\/#primaryimage"},"image":{"@id":"https:\/\/dr-frati.com\/it\/liposuzione-vaser-manchester\/#primaryimage"},"thumbnailUrl":"https:\/\/www.dr-frati.com\/wp-content\/uploads\/2019\/10\/shutterstock_1030302541-300x200.jpg","datePublished":"2023-01-25T23:21:10+00:00","description":"Le migliori procedure di liposuzione Vaser a Manchester eseguite dal rinomato e grande esperto Dott. Frati, a cui si affidano numerose celebrit\u00e0 e influencer!","breadcrumb":{"@id":"https:\/\/dr-frati.com\/it\/liposuzione-vaser-manchester\/#breadcrumb"},"inLanguage":"it-IT","potentialAction":[{"@type":"ReadAction","target":["https:\/\/dr-frati.com\/it\/liposuzione-vaser-manchester\/"]}]},{"@type":"ImageObject","inLanguage":"it-IT","@id":"https:\/\/dr-frati.com\/it\/liposuzione-vaser-manchester\/#primaryimage","url":"https:\/\/www.dr-frati.com\/wp-content\/uploads\/2019\/10\/shutterstock_1030302541-300x200.jpg","contentUrl":"https:\/\/www.dr-frati.com\/wp-content\/uploads\/2019\/10\/shutterstock_1030302541-300x200.jpg"},{"@type":"BreadcrumbList","@id":"https:\/\/dr-frati.com\/it\/liposuzione-vaser-manchester\/#breadcrumb","itemListElement":[{"@type":"ListItem","position":1,"name":"Home","item":"https:\/\/dr-frati.com\/it\/casa\/"},{"@type":"ListItem","position":2,"name":"Liposuzione Vaser Manchester"}]},{"@type":"WebSite","@id":"https:\/\/dr-frati.com\/it\/#website","url":"https:\/\/dr-frati.com\/it\/","name":"Dr Frati Cosmetic Surgery","description":"Dr Frati Cosmetic Surgery","publisher":{"@id":"https:\/\/dr-frati.com\/it\/#organization"},"potentialAction":[{"@type":"SearchAction","target":{"@type":"EntryPoint","urlTemplate":"https:\/\/dr-frati.com\/it\/?s={search_term_string}"},"query-input":{"@type":"PropertyValueSpecification","valueRequired":true,"valueName":"search_term_string"}}],"inLanguage":"it-IT"},{"@type":"Organization","@id":"https:\/\/dr-frati.com\/it\/#organization","name":"Dr Frati Cosmetic Surgery","url":"https:\/\/dr-frati.com\/it\/","logo":{"@type":"ImageObject","inLanguage":"it-IT","@id":"https:\/\/dr-frati.com\/it\/#\/schema\/logo\/image\/","url":"https:\/\/dr-frati.com\/wp-content\/uploads\/2019\/07\/frlogobw.jpg","contentUrl":"https:\/\/dr-frati.com\/wp-content\/uploads\/2019\/07\/frlogobw.jpg","width":532,"height":201,"caption":"Dr Frati Cosmetic Surgery"},"image":{"@id":"https:\/\/dr-frati.com\/it\/#\/schema\/logo\/image\/"},"sameAs":["https:\/\/www.facebook.com\/drriccardofrati\/","https:\/\/x.com\/drfraticosmetic","https:\/\/www.instagram.com\/fraticosmeticsurgery\/?hl=en"]}]}},"_links":{"self":[{"href":"https:\/\/dr-frati.com\/it\/wp-json\/wp\/v2\/pages\/14888","targetHints":{"allow":["GET"]}}],"collection":[{"href":"https:\/\/dr-frati.com\/it\/wp-json\/wp\/v2\/pages"}],"about":[{"href":"https:\/\/dr-frati.com\/it\/wp-json\/wp\/v2\/types\/page"}],"author":[{"embeddable":true,"href":"https:\/\/dr-frati.com\/it\/wp-json\/wp\/v2\/users\/2"}],"replies":[{"embeddable":true,"href":"https:\/\/dr-frati.com\/it\/wp-json\/wp\/v2\/comments?post=14888"}],"version-history":[{"count":0,"href":"https:\/\/dr-frati.com\/it\/wp-json\/wp\/v2\/pages\/14888\/revisions"}],"wp:attachment":[{"href":"https:\/\/dr-frati.com\/it\/wp-json\/wp\/v2\/media?parent=14888"}],"curies":[{"name":"wp","href":"https:\/\/api.w.org\/{rel}","templated":true}]}}