{"id":14891,"date":"2022-12-29T15:54:14","date_gmt":"2022-12-29T15:54:14","guid":{"rendered":"https:\/\/www.dr-frati.com\/chirurgia-del-seno\/"},"modified":"2022-12-29T15:54:14","modified_gmt":"2022-12-29T15:54:14","slug":"chirurgia-del-seno","status":"publish","type":"page","link":"https:\/\/dr-frati.com\/it\/chirurgia-del-seno\/","title":{"rendered":"Chirurgia del seno"},"content":{"rendered":"<h1>Cos&#8217;\u00e8 la chirurgia del seno?<\/h1>\n<p>La chirurgia del seno \u00e8 l&#8217;intervento di chirurgia estetica pi\u00f9 comune nel Regno Unito. Esistono molti tipi di chirurgia del seno. <\/p>\n<p><img fetchpriority=\"high\" decoding=\"async\" class=\"size-medium wp-image-1697 alignright\" src=\"https:\/\/www.dr-frati.com\/wp-content\/uploads\/2023\/02\/IMG_2541-300x291.jpg\" alt=\"informazioni sui costi dell'aumento del seno fornite da una donna seduta in piscina dopo un intervento chirurgico al seno\" width=\"300\" height=\"291\"><\/p>\n<p>Presso lo studio di chirurgia estetica del Dott. Frati, offriamo una gamma completa di interventi di chirurgia mammaria su misura per le vostre esigenze. Dall&#8217;aumento del seno al lifting e alla riduzione del seno, il nostro chirurgo estetico esperto e certificato, il Dott. Frati, vi aiuter\u00e0 a prendere la decisione giusta. <span class=\"Apple-converted-space\"> <\/span><\/p>\n<p>Il Dott. Frati \u00e8 un professionista altamente qualificato, motivato dall&#8217;eccellenza e dedito a fornire cure di qualit\u00e0. Il Dott. Frati si avvale di tecnologie all&#8217;avanguardia che gli consentono di eseguire interventi di chirurgia mammaria con precisione e accuratezza. Grazie ad anni di esperienza nel settore, il Dott. Frati ha perfezionato tecniche che garantiscono cicatrici e tempi di recupero minimi, garantendo al contempo risultati ottimali.  <span class=\"Apple-converted-space\"> <\/span><\/p>\n<h2>Tipi di chirurgia del seno<\/h2>\n<h3>Chirurgia del seno &#8211; Aumento<span class=\"Apple-converted-space\"> <\/span><\/h3>\n<p><a href=\"https:\/\/www.dr-frati.com\/breast-augmentation\/\">L&#8217;aumento del seno<\/a> \u00e8 una procedura progettata per aumentare le dimensioni del seno. Utilizzando protesi saline o in silicone, questo intervento pu\u00f2 essere utilizzato per migliorare le proporzioni generali del corpo o per valorizzare la figura dopo una perdita di peso o una gravidanza. Durante la procedura, le incisioni vengono praticate in punti poco visibili, come sotto il seno o lungo il bordo inferiore dell&#8217;areola, in modo da non essere visibili quando si indossano determinati stili di abbigliamento.  <span class=\"Apple-converted-space\"> <\/span><\/p>\n<h3>Chirurgia del seno &#8211; Sollevamento<\/h3>\n<p>Per i pazienti che desiderano un cambiamento pi\u00f9 discreto, <a href=\"https:\/\/www.dr-frati.com\/breast-augmentation\/breast-uplift-surgery\/\">il lifting del seno<\/a> pu\u00f2 essere un&#8217;opzione pi\u00f9 adatta rispetto all&#8217;aumento. Questa procedura rimodella il seno cadente rimuovendo la pelle in eccesso e rassodando i tessuti circostanti per migliorarne la tonicit\u00e0 e la forma. Se necessario, verranno praticate delle incisioni lungo i bordi dell&#8217;areola, verticalmente a partire dalla parte superiore dei capezzoli, oppure orizzontalmente lungo la piega sotto ciascun seno, a seconda dell&#8217;entit\u00e0 della correzione necessaria.  <span class=\"Apple-converted-space\"> <\/span><\/p>\n<h3>Chirurgia del seno &#8211; Riduzione<\/h3>\n<p><a href=\"https:\/\/www.dr-frati.com\/breast-reduction-surgery\/\">La riduzione del seno<\/a> \u00e8 un altro metodo popolare negli Stati Uniti<img decoding=\"async\" class=\"alignnone size-medium wp-image-1697\" src=\"https:\/\/www.dr-frati.com\/wp-content\/uploads\/2023\/02\/IMG_2541-300x291.jpg\" alt=\"informazioni sui costi dell'aumento del seno fornite da una donna seduta in piscina dopo un intervento chirurgico al seno\" width=\"300\" height=\"291\"> Per ridurre al minimo il problema del seno grande, che pu\u00f2 causare disagio a causa di sintomi fisici come <a href=\"https:\/\/www.nhsinform.scot\/illnesses-and-conditions\/muscle-bone-and-joints\/self-management-advice\/back-problems\">mal di schiena<\/a> , dolore al collo e tensione alle spalle a causa del peso extra portato in giro tutto il giorno. Rimuovendo parte del tessuto mammario e del grasso, \u00e8 possibile ridurre il peso in eccesso senza perdere troppa pienezza o femminilit\u00e0 nell&#8217;aspetto, rendendolo una scelta attraente per molte donne che desiderano un seno pi\u00f9 piccolo ma comunque attraente senza compromettere le proprie curve! <span class=\"Apple-converted-space\"> <\/span><\/p>\n<p>Presso la clinica di chirurgia estetica del Dott. Frati ci impegniamo non solo per risultati estetici eccellenti, ma anche per la sicurezza del paziente. Sappiamo che ogni paziente \u00e8 unico, per questo creiamo piani di trattamento personalizzati in base a fattori come et\u00e0 e corporatura, in modo da fornire risultati ottimali con il minimo rischio durante tutti gli interventi chirurgici offerti presso la nostra clinica! Quindi, se state pensando a un intervento di chirurgia al seno, <a href=\"https:\/\/www.dr-frati.com\/contact\/\">venite a trovarci oggi stesso<\/a> : non ve ne pentirete! <\/p>\n","protected":false},"excerpt":{"rendered":"<p>Cos&#8217;\u00e8 la chirurgia del seno? La chirurgia del seno \u00e8 l&#8217;intervento di chirurgia estetica pi\u00f9 comune nel Regno Unito. Esistono molti tipi di chirurgia del seno. Presso lo studio di chirurgia estetica del Dott. Frati, offriamo una gamma completa di interventi di chirurgia mammaria su misura per le vostre esigenze. Dall&#8217;aumento del seno al lifting e alla riduzione del seno, il nostro chirurgo estetico esperto e certificato, il Dott. Frati, vi aiuter\u00e0 a prendere la decisione giusta. Il Dott. Frati \u00e8 un professionista altamente qualificato, motivato dall&#8217;eccellenza e dedito a fornire cure di qualit\u00e0. Il Dott. Frati si avvale di tecnologie all&#8217;avanguardia che gli consentono di eseguire interventi di chirurgia mammaria con precisione e accuratezza. Grazie ad anni di esperienza nel settore, il Dott. Frati ha perfezionato tecniche che garantiscono cicatrici e tempi di recupero minimi, garantendo al contempo risultati ottimali. Tipi di chirurgia del seno Chirurgia del seno &#8211; Aumento L&#8217;aumento del seno \u00e8 una procedura progettata per aumentare le dimensioni del seno. Utilizzando protesi saline o in silicone, questo intervento pu\u00f2 essere utilizzato per migliorare le proporzioni generali del corpo o per valorizzare la figura dopo una perdita di peso o una gravidanza. Durante la procedura, le incisioni vengono praticate in punti poco visibili, come sotto il seno o lungo il bordo inferiore dell&#8217;areola, in modo da non essere visibili quando si indossano determinati stili di abbigliamento. Chirurgia del seno &#8211; Sollevamento Per i pazienti che desiderano un cambiamento pi\u00f9 discreto, il lifting del seno pu\u00f2 essere un&#8217;opzione pi\u00f9 adatta rispetto all&#8217;aumento. Questa procedura rimodella il seno cadente rimuovendo la pelle in eccesso e rassodando i tessuti circostanti per migliorarne la tonicit\u00e0 e la forma. Se necessario, verranno praticate delle incisioni lungo i bordi dell&#8217;areola, verticalmente a partire dalla parte superiore dei capezzoli, oppure orizzontalmente lungo la piega sotto ciascun seno, a seconda dell&#8217;entit\u00e0 della correzione necessaria. Chirurgia del seno &#8211; Riduzione La riduzione del seno \u00e8 un altro metodo popolare negli Stati Uniti Per ridurre al minimo il problema del seno grande, che pu\u00f2 causare disagio a causa di sintomi fisici come mal di schiena , dolore al collo e tensione alle spalle a causa del peso extra portato in giro tutto il giorno. Rimuovendo parte del tessuto mammario e del grasso, \u00e8 possibile ridurre il peso in eccesso senza perdere troppa pienezza o femminilit\u00e0 nell&#8217;aspetto, rendendolo una scelta attraente per molte donne che desiderano un seno pi\u00f9 piccolo ma comunque attraente senza compromettere le proprie curve! Presso la clinica di chirurgia estetica del Dott. Frati ci impegniamo non solo per risultati estetici eccellenti, ma anche per la sicurezza del paziente. Sappiamo che ogni paziente \u00e8 unico, per questo creiamo piani di trattamento personalizzati in base a fattori come et\u00e0 e corporatura, in modo da fornire risultati ottimali con il minimo rischio durante tutti gli interventi chirurgici offerti presso la nostra clinica! Quindi, se state pensando a un intervento di chirurgia al seno, venite a trovarci oggi stesso : non ve ne pentirete!<\/p>\n","protected":false},"author":2,"featured_media":0,"parent":0,"menu_order":0,"comment_status":"closed","ping_status":"closed","template":"","meta":{"_acf_changed":false,"footnotes":""},"class_list":["post-14891","page","type-page","status-publish","hentry"],"acf":[],"yoast_head":"<!-- This site is optimized with the Yoast SEO plugin v27.4 - https:\/\/yoast.com\/product\/yoast-seo-wordpress\/ -->\n<title>Chirurgia del seno dal famoso Dott. Frati |<\/title>\n<meta name=\"description\" content=\"Chirurgia del seno con il &quot;Dio del seno&quot;, il Dott. Frati. Con tecnologie all&#039;avanguardia e cicatrici minime, il Dott. Frati \u00e8 il chirurgo preferito dalle celebrit\u00e0.\" \/>\n<meta name=\"robots\" content=\"index, follow, max-snippet:-1, max-image-preview:large, max-video-preview:-1\" \/>\n<link rel=\"canonical\" href=\"https:\/\/dr-frati.com\/it\/chirurgia-del-seno\/\" \/>\n<meta property=\"og:locale\" content=\"it_IT\" \/>\n<meta property=\"og:type\" content=\"article\" \/>\n<meta property=\"og:title\" content=\"Chirurgia del seno dal famoso Dott. Frati |\" \/>\n<meta property=\"og:description\" content=\"Chirurgia del seno con il &quot;Dio del seno&quot;, il Dott. Frati. Con tecnologie all&#039;avanguardia e cicatrici minime, il Dott. Frati \u00e8 il chirurgo preferito dalle celebrit\u00e0.\" \/>\n<meta property=\"og:url\" content=\"https:\/\/dr-frati.com\/it\/chirurgia-del-seno\/\" \/>\n<meta property=\"og:site_name\" content=\"Dr Frati Cosmetic Surgery\" \/>\n<meta property=\"article:publisher\" content=\"https:\/\/www.facebook.com\/drriccardofrati\/\" \/>\n<meta property=\"og:image\" content=\"https:\/\/dr-frati.com\/wp-content\/uploads\/2023\/02\/IMG_2541-e1758631387478.jpg\" \/>\n\t<meta property=\"og:image:width\" content=\"491\" \/>\n\t<meta property=\"og:image:height\" content=\"593\" \/>\n\t<meta property=\"og:image:type\" content=\"image\/jpeg\" \/>\n<meta name=\"twitter:card\" content=\"summary_large_image\" \/>\n<meta name=\"twitter:site\" content=\"@drfraticosmetic\" \/>\n<meta name=\"twitter:label1\" content=\"Tempo di lettura stimato\" \/>\n\t<meta name=\"twitter:data1\" content=\"2 minuti\" \/>\n<script type=\"application\/ld+json\" class=\"yoast-schema-graph\">{\"@context\":\"https:\\\/\\\/schema.org\",\"@graph\":[{\"@type\":\"WebPage\",\"@id\":\"https:\\\/\\\/dr-frati.com\\\/it\\\/chirurgia-del-seno\\\/\",\"url\":\"https:\\\/\\\/dr-frati.com\\\/it\\\/chirurgia-del-seno\\\/\",\"name\":\"Chirurgia del seno dal famoso Dott. Frati |\",\"isPartOf\":{\"@id\":\"https:\\\/\\\/dr-frati.com\\\/it\\\/#website\"},\"primaryImageOfPage\":{\"@id\":\"https:\\\/\\\/dr-frati.com\\\/it\\\/chirurgia-del-seno\\\/#primaryimage\"},\"image\":{\"@id\":\"https:\\\/\\\/dr-frati.com\\\/it\\\/chirurgia-del-seno\\\/#primaryimage\"},\"thumbnailUrl\":\"https:\\\/\\\/www.dr-frati.com\\\/wp-content\\\/uploads\\\/2023\\\/02\\\/IMG_2541-300x291.jpg\",\"datePublished\":\"2022-12-29T15:54:14+00:00\",\"description\":\"Chirurgia del seno con il \\\"Dio del seno\\\", il Dott. Frati. Con tecnologie all'avanguardia e cicatrici minime, il Dott. Frati \u00e8 il chirurgo preferito dalle celebrit\u00e0.\",\"breadcrumb\":{\"@id\":\"https:\\\/\\\/dr-frati.com\\\/it\\\/chirurgia-del-seno\\\/#breadcrumb\"},\"inLanguage\":\"it-IT\",\"potentialAction\":[{\"@type\":\"ReadAction\",\"target\":[\"https:\\\/\\\/dr-frati.com\\\/it\\\/chirurgia-del-seno\\\/\"]}]},{\"@type\":\"ImageObject\",\"inLanguage\":\"it-IT\",\"@id\":\"https:\\\/\\\/dr-frati.com\\\/it\\\/chirurgia-del-seno\\\/#primaryimage\",\"url\":\"https:\\\/\\\/www.dr-frati.com\\\/wp-content\\\/uploads\\\/2023\\\/02\\\/IMG_2541-300x291.jpg\",\"contentUrl\":\"https:\\\/\\\/www.dr-frati.com\\\/wp-content\\\/uploads\\\/2023\\\/02\\\/IMG_2541-300x291.jpg\"},{\"@type\":\"BreadcrumbList\",\"@id\":\"https:\\\/\\\/dr-frati.com\\\/it\\\/chirurgia-del-seno\\\/#breadcrumb\",\"itemListElement\":[{\"@type\":\"ListItem\",\"position\":1,\"name\":\"Home\",\"item\":\"https:\\\/\\\/dr-frati.com\\\/it\\\/casa\\\/\"},{\"@type\":\"ListItem\",\"position\":2,\"name\":\"Chirurgia del seno\"}]},{\"@type\":\"WebSite\",\"@id\":\"https:\\\/\\\/dr-frati.com\\\/it\\\/#website\",\"url\":\"https:\\\/\\\/dr-frati.com\\\/it\\\/\",\"name\":\"Dr Frati Cosmetic Surgery\",\"description\":\"Dr Frati Cosmetic Surgery\",\"publisher\":{\"@id\":\"https:\\\/\\\/dr-frati.com\\\/it\\\/#organization\"},\"potentialAction\":[{\"@type\":\"SearchAction\",\"target\":{\"@type\":\"EntryPoint\",\"urlTemplate\":\"https:\\\/\\\/dr-frati.com\\\/it\\\/?s={search_term_string}\"},\"query-input\":{\"@type\":\"PropertyValueSpecification\",\"valueRequired\":true,\"valueName\":\"search_term_string\"}}],\"inLanguage\":\"it-IT\"},{\"@type\":\"Organization\",\"@id\":\"https:\\\/\\\/dr-frati.com\\\/it\\\/#organization\",\"name\":\"Dr Frati Cosmetic Surgery\",\"url\":\"https:\\\/\\\/dr-frati.com\\\/it\\\/\",\"logo\":{\"@type\":\"ImageObject\",\"inLanguage\":\"it-IT\",\"@id\":\"https:\\\/\\\/dr-frati.com\\\/it\\\/#\\\/schema\\\/logo\\\/image\\\/\",\"url\":\"https:\\\/\\\/dr-frati.com\\\/wp-content\\\/uploads\\\/2019\\\/07\\\/frlogobw.jpg\",\"contentUrl\":\"https:\\\/\\\/dr-frati.com\\\/wp-content\\\/uploads\\\/2019\\\/07\\\/frlogobw.jpg\",\"width\":532,\"height\":201,\"caption\":\"Dr Frati Cosmetic Surgery\"},\"image\":{\"@id\":\"https:\\\/\\\/dr-frati.com\\\/it\\\/#\\\/schema\\\/logo\\\/image\\\/\"},\"sameAs\":[\"https:\\\/\\\/www.facebook.com\\\/drriccardofrati\\\/\",\"https:\\\/\\\/x.com\\\/drfraticosmetic\",\"https:\\\/\\\/www.instagram.com\\\/fraticosmeticsurgery\\\/?hl=en\"]}]}<\/script>\n<!-- \/ Yoast SEO plugin. -->","yoast_head_json":{"title":"Chirurgia del seno dal famoso Dott. Frati |","description":"Chirurgia del seno con il \"Dio del seno\", il Dott. Frati. Con tecnologie all'avanguardia e cicatrici minime, il Dott. Frati \u00e8 il chirurgo preferito dalle celebrit\u00e0.","robots":{"index":"index","follow":"follow","max-snippet":"max-snippet:-1","max-image-preview":"max-image-preview:large","max-video-preview":"max-video-preview:-1"},"canonical":"https:\/\/dr-frati.com\/it\/chirurgia-del-seno\/","og_locale":"it_IT","og_type":"article","og_title":"Chirurgia del seno dal famoso Dott. Frati |","og_description":"Chirurgia del seno con il \"Dio del seno\", il Dott. Frati. Con tecnologie all'avanguardia e cicatrici minime, il Dott. Frati \u00e8 il chirurgo preferito dalle celebrit\u00e0.","og_url":"https:\/\/dr-frati.com\/it\/chirurgia-del-seno\/","og_site_name":"Dr Frati Cosmetic Surgery","article_publisher":"https:\/\/www.facebook.com\/drriccardofrati\/","og_image":[{"width":491,"height":593,"url":"https:\/\/dr-frati.com\/wp-content\/uploads\/2023\/02\/IMG_2541-e1758631387478.jpg","type":"image\/jpeg"}],"twitter_card":"summary_large_image","twitter_site":"@drfraticosmetic","twitter_misc":{"Tempo di lettura stimato":"2 minuti"},"schema":{"@context":"https:\/\/schema.org","@graph":[{"@type":"WebPage","@id":"https:\/\/dr-frati.com\/it\/chirurgia-del-seno\/","url":"https:\/\/dr-frati.com\/it\/chirurgia-del-seno\/","name":"Chirurgia del seno dal famoso Dott. Frati |","isPartOf":{"@id":"https:\/\/dr-frati.com\/it\/#website"},"primaryImageOfPage":{"@id":"https:\/\/dr-frati.com\/it\/chirurgia-del-seno\/#primaryimage"},"image":{"@id":"https:\/\/dr-frati.com\/it\/chirurgia-del-seno\/#primaryimage"},"thumbnailUrl":"https:\/\/www.dr-frati.com\/wp-content\/uploads\/2023\/02\/IMG_2541-300x291.jpg","datePublished":"2022-12-29T15:54:14+00:00","description":"Chirurgia del seno con il \"Dio del seno\", il Dott. Frati. Con tecnologie all'avanguardia e cicatrici minime, il Dott. Frati \u00e8 il chirurgo preferito dalle celebrit\u00e0.","breadcrumb":{"@id":"https:\/\/dr-frati.com\/it\/chirurgia-del-seno\/#breadcrumb"},"inLanguage":"it-IT","potentialAction":[{"@type":"ReadAction","target":["https:\/\/dr-frati.com\/it\/chirurgia-del-seno\/"]}]},{"@type":"ImageObject","inLanguage":"it-IT","@id":"https:\/\/dr-frati.com\/it\/chirurgia-del-seno\/#primaryimage","url":"https:\/\/www.dr-frati.com\/wp-content\/uploads\/2023\/02\/IMG_2541-300x291.jpg","contentUrl":"https:\/\/www.dr-frati.com\/wp-content\/uploads\/2023\/02\/IMG_2541-300x291.jpg"},{"@type":"BreadcrumbList","@id":"https:\/\/dr-frati.com\/it\/chirurgia-del-seno\/#breadcrumb","itemListElement":[{"@type":"ListItem","position":1,"name":"Home","item":"https:\/\/dr-frati.com\/it\/casa\/"},{"@type":"ListItem","position":2,"name":"Chirurgia del seno"}]},{"@type":"WebSite","@id":"https:\/\/dr-frati.com\/it\/#website","url":"https:\/\/dr-frati.com\/it\/","name":"Dr Frati Cosmetic Surgery","description":"Dr Frati Cosmetic Surgery","publisher":{"@id":"https:\/\/dr-frati.com\/it\/#organization"},"potentialAction":[{"@type":"SearchAction","target":{"@type":"EntryPoint","urlTemplate":"https:\/\/dr-frati.com\/it\/?s={search_term_string}"},"query-input":{"@type":"PropertyValueSpecification","valueRequired":true,"valueName":"search_term_string"}}],"inLanguage":"it-IT"},{"@type":"Organization","@id":"https:\/\/dr-frati.com\/it\/#organization","name":"Dr Frati Cosmetic Surgery","url":"https:\/\/dr-frati.com\/it\/","logo":{"@type":"ImageObject","inLanguage":"it-IT","@id":"https:\/\/dr-frati.com\/it\/#\/schema\/logo\/image\/","url":"https:\/\/dr-frati.com\/wp-content\/uploads\/2019\/07\/frlogobw.jpg","contentUrl":"https:\/\/dr-frati.com\/wp-content\/uploads\/2019\/07\/frlogobw.jpg","width":532,"height":201,"caption":"Dr Frati Cosmetic Surgery"},"image":{"@id":"https:\/\/dr-frati.com\/it\/#\/schema\/logo\/image\/"},"sameAs":["https:\/\/www.facebook.com\/drriccardofrati\/","https:\/\/x.com\/drfraticosmetic","https:\/\/www.instagram.com\/fraticosmeticsurgery\/?hl=en"]}]}},"_links":{"self":[{"href":"https:\/\/dr-frati.com\/it\/wp-json\/wp\/v2\/pages\/14891","targetHints":{"allow":["GET"]}}],"collection":[{"href":"https:\/\/dr-frati.com\/it\/wp-json\/wp\/v2\/pages"}],"about":[{"href":"https:\/\/dr-frati.com\/it\/wp-json\/wp\/v2\/types\/page"}],"author":[{"embeddable":true,"href":"https:\/\/dr-frati.com\/it\/wp-json\/wp\/v2\/users\/2"}],"replies":[{"embeddable":true,"href":"https:\/\/dr-frati.com\/it\/wp-json\/wp\/v2\/comments?post=14891"}],"version-history":[{"count":0,"href":"https:\/\/dr-frati.com\/it\/wp-json\/wp\/v2\/pages\/14891\/revisions"}],"wp:attachment":[{"href":"https:\/\/dr-frati.com\/it\/wp-json\/wp\/v2\/media?parent=14891"}],"curies":[{"name":"wp","href":"https:\/\/api.w.org\/{rel}","templated":true}]}}