{"id":14996,"date":"2023-01-26T18:40:36","date_gmt":"2023-01-26T18:40:36","guid":{"rendered":"https:\/\/www.dr-frati.com\/liposuzione-vaser-londra\/"},"modified":"2025-11-21T08:27:31","modified_gmt":"2025-11-21T08:27:31","slug":"liposuzione-vaser-londra","status":"publish","type":"page","link":"https:\/\/dr-frati.com\/it\/liposuzione-vaser-londra\/","title":{"rendered":"Liposuzione Vaser Londra"},"content":{"rendered":"<p><strong>Vaser Liposuction London: il Dott. Frati, &#8220;il chirurgo delle star&#8221;, \u00e8 il tuo esperto di riferimento per la chirurgia estetica&#8230;<\/strong><\/p>\n<h2>Cosa pu\u00f2 fare per te il nostro team Vaser Liposuction London?<\/h2>\n<p><img fetchpriority=\"high\" decoding=\"async\" class=\"size-medium wp-image-828 alignright\" src=\"https:\/\/www.dr-frati.com\/wp-content\/uploads\/2019\/10\/shutterstock_1011914557-300x200.jpg\" alt=\"Labioplastica Vaser Liposuzione Londra donna\" width=\"300\" height=\"200\" srcset=\"https:\/\/dr-frati.com\/wp-content\/uploads\/2019\/10\/shutterstock_1011914557-300x200.jpg 300w, https:\/\/dr-frati.com\/wp-content\/uploads\/2019\/10\/shutterstock_1011914557-768x513.jpg 768w, https:\/\/dr-frati.com\/wp-content\/uploads\/2019\/10\/shutterstock_1011914557-200x134.jpg 200w, https:\/\/dr-frati.com\/wp-content\/uploads\/2019\/10\/shutterstock_1011914557-400x267.jpg 400w, https:\/\/dr-frati.com\/wp-content\/uploads\/2019\/10\/shutterstock_1011914557-600x401.jpg 600w, https:\/\/dr-frati.com\/wp-content\/uploads\/2019\/10\/shutterstock_1011914557-800x534.jpg 800w, https:\/\/dr-frati.com\/wp-content\/uploads\/2019\/10\/shutterstock_1011914557.jpg 1000w\" sizes=\"(max-width: 300px) 100vw, 300px\" \/><br \/>\nPresso Frati Cosmetic Surgery, disponiamo di un team di medici e professionisti sanitari altamente qualificati, impegnati a fornire servizi di liposuzione Vaser di altissima qualit\u00e0 a Londra. Il nostro team \u00e8 guidato dal rinomato chirurgo Dott. Frati, che compare regolarmente su quotidiani nazionali e in televisione. Il Dott. Frati si \u00e8 affermato come uno dei massimi esperti nel suo campo ed \u00e8 ricercato da celebrit\u00e0 e influencer alla ricerca dei migliori servizi di liposuzione Vaser disponibili a Londra. Sappiamo che sottoporsi a qualsiasi tipo di intervento chirurgico pu\u00f2 essere un&#8217;esperienza scoraggiante, ed \u00e8 per questo che il Dott. Frati lavora a stretto contatto con ogni paziente per garantire che si senta a suo agio durante tutto il trattamento. Discuteremo dettagliatamente le vostre esigenze individuali prima di eseguire qualsiasi procedura e forniremo supporto continuo in ogni fase del percorso.    <\/p>\n<h4>Visita la nostra pagina principale <a href=\"https:\/\/www.dr-frati.com\/breast-augmentation\/\">dedicata alla liposuzione Vaser<\/a> o dai un&#8217;occhiata ad alcune foto <a href=\"https:\/\/www.dr-frati.com\/mummy-makeover-uk-before-and-after\/\">del prima e del dopo di Mummy Makeover UK<\/a> .<\/h4>\n<p>&nbsp;<\/p>\n<h2>Come pu\u00f2 il Dott. Frati fornire un servizio di cos\u00ec alta qualit\u00e0 per Vaser Liposuction London?<\/h2>\n<p>La competenza del Dott. Frati risiede nella sua capacit\u00e0 di rimanere all&#8217;avanguardia in termini di progressi nel settore della chirurgia estetica. Laureato presso una delle universit\u00e0 pi\u00f9 prestigiose d&#8217;Europa, l&#8217; <g id=\"gid_0\">Universit\u00e0 di Roma<\/g> , ha studiato numerose tecniche e ha sviluppato una tecnica avanzata di liposuzione Vaser che gli consente di ottenere risultati precisi senza compromettere la sicurezza o il comfort dei suoi pazienti. Questo, unito al suo rinomato occhio artistico, gli consente di creare risultati dall&#8217;aspetto naturale che danno ai clienti la spinta di fiducia che cercano, senza sembrare affatto sottoposti a un intervento di chirurgia estetica!  <\/p>\n<p>Il Dott. Frati utilizza esclusivamente tecnologie all&#8217;avanguardia per eseguire interventi di liposuzione Vaser a Londra, garantendo che nulla venga tralasciato per ottenere risultati ottimali ogni volta. Collabora a stretto contatto con tutto il suo staff durante ogni trattamento, assicurandosi che tutti siano aggiornati sulle ultime tendenze e tecnologie, tenendoli al corrente di eventuali cambiamenti nel settore, in modo da poter offrire il massimo al servizio dei pazienti. <\/p>\n<p>&nbsp;<\/p>\n<h2>Contattaci per i nostri servizi di liposuzione Vaser a Londra<\/h2>\n<p>Presso lo studio di chirurgia estetica Frati sappiamo quanto sia importante avere fiducia nel proprio medico quando ci si sottopone a qualsiasi tipo di intervento chirurgico, ed \u00e8 per questo che ci impegniamo a offrire un approccio personalizzato, studiato appositamente per le esigenze e i desideri individuali di ogni paziente durante tutto il percorso di trattamento. Per maggiori informazioni o per prenotare un appuntamento con il Dott. Frati, non esitate a contattarci via email o telefono: un membro del nostro staff sar\u00e0 lieto di assistervi! <\/p>\n<p>&nbsp;<\/p>\n<p>Per fissare un appuntamento per una consulenza a <a href=\"https:\/\/www.cityoflondon.gov.uk\/things-to-do\">Londra<\/a> , o anche se desideri il nostro servizio <a href=\"https:\/\/www.dr-frati.com\/it\/liposuzione-vaser-manchester\/\">di liposuzione Vaser a Manchester<\/a> , o per saperne di pi\u00f9 sui nostri servizi in generale, <a href=\"https:\/\/www.dr-frati.com\/it\/contatto\/\">contattaci<\/a> oggi stesso o chiama lo <a href=\"tel:+442036332619\">020 3633 2619<\/a> .<\/p>\n","protected":false},"excerpt":{"rendered":"<p>Vaser Liposuction London: il Dott. Frati, &#8220;il chirurgo delle star&#8221;, \u00e8 il tuo esperto di riferimento per la chirurgia estetica&#8230; Cosa pu\u00f2 fare per te il nostro team Vaser Liposuction London? Presso Frati Cosmetic Surgery, disponiamo di un team di medici e professionisti sanitari altamente qualificati, impegnati a fornire servizi di liposuzione Vaser di altissima qualit\u00e0 a Londra. Il nostro team \u00e8 guidato dal rinomato chirurgo Dott. Frati, che compare regolarmente su quotidiani nazionali e in televisione. Il Dott. Frati si \u00e8 affermato come uno dei massimi esperti nel suo campo ed \u00e8 ricercato da celebrit\u00e0 e influencer alla ricerca dei migliori servizi di liposuzione Vaser disponibili a Londra. Sappiamo che sottoporsi a qualsiasi tipo di intervento chirurgico pu\u00f2 essere un&#8217;esperienza scoraggiante, ed \u00e8 per questo che il Dott. Frati lavora a stretto contatto con ogni paziente per garantire che si senta a suo agio durante tutto il trattamento. Discuteremo dettagliatamente le vostre esigenze individuali prima di eseguire qualsiasi procedura e forniremo supporto continuo in ogni fase del percorso. Visita la nostra pagina principale dedicata alla liposuzione Vaser o dai un&#8217;occhiata ad alcune foto del prima e del dopo di Mummy Makeover UK . &nbsp; Come pu\u00f2 il Dott. Frati fornire un servizio di cos\u00ec alta qualit\u00e0 per Vaser Liposuction London? La competenza del Dott. Frati risiede nella sua capacit\u00e0 di rimanere all&#8217;avanguardia in termini di progressi nel settore della chirurgia estetica. Laureato presso una delle universit\u00e0 pi\u00f9 prestigiose d&#8217;Europa, l&#8217; Universit\u00e0 di Roma , ha studiato numerose tecniche e ha sviluppato una tecnica avanzata di liposuzione Vaser che gli consente di ottenere risultati precisi senza compromettere la sicurezza o il comfort dei suoi pazienti. Questo, unito al suo rinomato occhio artistico, gli consente di creare risultati dall&#8217;aspetto naturale che danno ai clienti la spinta di fiducia che cercano, senza sembrare affatto sottoposti a un intervento di chirurgia estetica! Il Dott. Frati utilizza esclusivamente tecnologie all&#8217;avanguardia per eseguire interventi di liposuzione Vaser a Londra, garantendo che nulla venga tralasciato per ottenere risultati ottimali ogni volta. Collabora a stretto contatto con tutto il suo staff durante ogni trattamento, assicurandosi che tutti siano aggiornati sulle ultime tendenze e tecnologie, tenendoli al corrente di eventuali cambiamenti nel settore, in modo da poter offrire il massimo al servizio dei pazienti. &nbsp; Contattaci per i nostri servizi di liposuzione Vaser a Londra Presso lo studio di chirurgia estetica Frati sappiamo quanto sia importante avere fiducia nel proprio medico quando ci si sottopone a qualsiasi tipo di intervento chirurgico, ed \u00e8 per questo che ci impegniamo a offrire un approccio personalizzato, studiato appositamente per le esigenze e i desideri individuali di ogni paziente durante tutto il percorso di trattamento. Per maggiori informazioni o per prenotare un appuntamento con il Dott. Frati, non esitate a contattarci via email o telefono: un membro del nostro staff sar\u00e0 lieto di assistervi! &nbsp; Per fissare un appuntamento per una consulenza a Londra , o anche se desideri il nostro servizio di liposuzione Vaser a Manchester , o per saperne di pi\u00f9 sui nostri servizi in generale, contattaci oggi stesso o chiama lo 020 3633 2619 .<\/p>\n","protected":false},"author":2,"featured_media":0,"parent":0,"menu_order":0,"comment_status":"closed","ping_status":"closed","template":"","meta":{"_acf_changed":false,"footnotes":""},"class_list":["post-14996","page","type-page","status-publish","hentry"],"acf":[],"yoast_head":"<!-- This site is optimized with the Yoast SEO plugin v27.4 - https:\/\/yoast.com\/product\/yoast-seo-wordpress\/ -->\n<title>La migliore liposuzione Vaser a Londra | Dr Frati Cosmetic Surgery<\/title>\n<meta name=\"description\" content=\"La migliore liposuzione Vaser a Londra, eseguita dal &quot;chirurgo delle star&quot; Dott. Frati. Il Dott. Frati offre i migliori risultati che fanno s\u00ec che le celebrit\u00e0 tornino a trovarci!\" \/>\n<meta name=\"robots\" content=\"index, follow, max-snippet:-1, max-image-preview:large, max-video-preview:-1\" \/>\n<link rel=\"canonical\" href=\"https:\/\/dr-frati.com\/it\/liposuzione-vaser-londra\/\" \/>\n<meta property=\"og:locale\" content=\"it_IT\" \/>\n<meta property=\"og:type\" content=\"article\" \/>\n<meta property=\"og:title\" content=\"La migliore liposuzione Vaser a Londra | Dr Frati Cosmetic Surgery\" \/>\n<meta property=\"og:description\" content=\"La migliore liposuzione Vaser a Londra, eseguita dal &quot;chirurgo delle star&quot; Dott. Frati. Il Dott. Frati offre i migliori risultati che fanno s\u00ec che le celebrit\u00e0 tornino a trovarci!\" \/>\n<meta property=\"og:url\" content=\"https:\/\/dr-frati.com\/it\/liposuzione-vaser-londra\/\" \/>\n<meta property=\"og:site_name\" content=\"Dr Frati Cosmetic Surgery\" \/>\n<meta property=\"article:publisher\" content=\"https:\/\/www.facebook.com\/drriccardofrati\/\" \/>\n<meta property=\"article:modified_time\" content=\"2025-11-21T08:27:31+00:00\" \/>\n<meta property=\"og:image\" content=\"https:\/\/dr-frati.com\/wp-content\/uploads\/2019\/10\/shutterstock_1011914557.jpg\" \/>\n\t<meta property=\"og:image:width\" content=\"1000\" \/>\n\t<meta property=\"og:image:height\" content=\"668\" \/>\n\t<meta property=\"og:image:type\" content=\"image\/jpeg\" \/>\n<meta name=\"twitter:card\" content=\"summary_large_image\" \/>\n<meta name=\"twitter:site\" content=\"@drfraticosmetic\" \/>\n<meta name=\"twitter:label1\" content=\"Tempo di lettura stimato\" \/>\n\t<meta name=\"twitter:data1\" content=\"3 minuti\" \/>\n<script type=\"application\/ld+json\" class=\"yoast-schema-graph\">{\"@context\":\"https:\\\/\\\/schema.org\",\"@graph\":[{\"@type\":\"WebPage\",\"@id\":\"https:\\\/\\\/dr-frati.com\\\/it\\\/liposuzione-vaser-londra\\\/\",\"url\":\"https:\\\/\\\/dr-frati.com\\\/it\\\/liposuzione-vaser-londra\\\/\",\"name\":\"La migliore liposuzione Vaser a Londra | Dr Frati Cosmetic Surgery\",\"isPartOf\":{\"@id\":\"https:\\\/\\\/dr-frati.com\\\/it\\\/#website\"},\"primaryImageOfPage\":{\"@id\":\"https:\\\/\\\/dr-frati.com\\\/it\\\/liposuzione-vaser-londra\\\/#primaryimage\"},\"image\":{\"@id\":\"https:\\\/\\\/dr-frati.com\\\/it\\\/liposuzione-vaser-londra\\\/#primaryimage\"},\"thumbnailUrl\":\"https:\\\/\\\/www.dr-frati.com\\\/wp-content\\\/uploads\\\/2019\\\/10\\\/shutterstock_1011914557-300x200.jpg\",\"datePublished\":\"2023-01-26T18:40:36+00:00\",\"dateModified\":\"2025-11-21T08:27:31+00:00\",\"description\":\"La migliore liposuzione Vaser a Londra, eseguita dal \\\"chirurgo delle star\\\" Dott. Frati. Il Dott. Frati offre i migliori risultati che fanno s\u00ec che le celebrit\u00e0 tornino a trovarci!\",\"breadcrumb\":{\"@id\":\"https:\\\/\\\/dr-frati.com\\\/it\\\/liposuzione-vaser-londra\\\/#breadcrumb\"},\"inLanguage\":\"it-IT\",\"potentialAction\":[{\"@type\":\"ReadAction\",\"target\":[\"https:\\\/\\\/dr-frati.com\\\/it\\\/liposuzione-vaser-londra\\\/\"]}]},{\"@type\":\"ImageObject\",\"inLanguage\":\"it-IT\",\"@id\":\"https:\\\/\\\/dr-frati.com\\\/it\\\/liposuzione-vaser-londra\\\/#primaryimage\",\"url\":\"https:\\\/\\\/www.dr-frati.com\\\/wp-content\\\/uploads\\\/2019\\\/10\\\/shutterstock_1011914557-300x200.jpg\",\"contentUrl\":\"https:\\\/\\\/www.dr-frati.com\\\/wp-content\\\/uploads\\\/2019\\\/10\\\/shutterstock_1011914557-300x200.jpg\"},{\"@type\":\"BreadcrumbList\",\"@id\":\"https:\\\/\\\/dr-frati.com\\\/it\\\/liposuzione-vaser-londra\\\/#breadcrumb\",\"itemListElement\":[{\"@type\":\"ListItem\",\"position\":1,\"name\":\"Home\",\"item\":\"https:\\\/\\\/dr-frati.com\\\/it\\\/casa\\\/\"},{\"@type\":\"ListItem\",\"position\":2,\"name\":\"Liposuzione Vaser Londra\"}]},{\"@type\":\"WebSite\",\"@id\":\"https:\\\/\\\/dr-frati.com\\\/it\\\/#website\",\"url\":\"https:\\\/\\\/dr-frati.com\\\/it\\\/\",\"name\":\"Dr Frati Cosmetic Surgery\",\"description\":\"Dr Frati Cosmetic Surgery\",\"publisher\":{\"@id\":\"https:\\\/\\\/dr-frati.com\\\/it\\\/#organization\"},\"potentialAction\":[{\"@type\":\"SearchAction\",\"target\":{\"@type\":\"EntryPoint\",\"urlTemplate\":\"https:\\\/\\\/dr-frati.com\\\/it\\\/?s={search_term_string}\"},\"query-input\":{\"@type\":\"PropertyValueSpecification\",\"valueRequired\":true,\"valueName\":\"search_term_string\"}}],\"inLanguage\":\"it-IT\"},{\"@type\":\"Organization\",\"@id\":\"https:\\\/\\\/dr-frati.com\\\/it\\\/#organization\",\"name\":\"Dr Frati Cosmetic Surgery\",\"url\":\"https:\\\/\\\/dr-frati.com\\\/it\\\/\",\"logo\":{\"@type\":\"ImageObject\",\"inLanguage\":\"it-IT\",\"@id\":\"https:\\\/\\\/dr-frati.com\\\/it\\\/#\\\/schema\\\/logo\\\/image\\\/\",\"url\":\"https:\\\/\\\/dr-frati.com\\\/wp-content\\\/uploads\\\/2019\\\/07\\\/frlogobw.jpg\",\"contentUrl\":\"https:\\\/\\\/dr-frati.com\\\/wp-content\\\/uploads\\\/2019\\\/07\\\/frlogobw.jpg\",\"width\":532,\"height\":201,\"caption\":\"Dr Frati Cosmetic Surgery\"},\"image\":{\"@id\":\"https:\\\/\\\/dr-frati.com\\\/it\\\/#\\\/schema\\\/logo\\\/image\\\/\"},\"sameAs\":[\"https:\\\/\\\/www.facebook.com\\\/drriccardofrati\\\/\",\"https:\\\/\\\/x.com\\\/drfraticosmetic\",\"https:\\\/\\\/www.instagram.com\\\/fraticosmeticsurgery\\\/?hl=en\"]}]}<\/script>\n<!-- \/ Yoast SEO plugin. -->","yoast_head_json":{"title":"La migliore liposuzione Vaser a Londra | Dr Frati Cosmetic Surgery","description":"La migliore liposuzione Vaser a Londra, eseguita dal \"chirurgo delle star\" Dott. Frati. Il Dott. Frati offre i migliori risultati che fanno s\u00ec che le celebrit\u00e0 tornino a trovarci!","robots":{"index":"index","follow":"follow","max-snippet":"max-snippet:-1","max-image-preview":"max-image-preview:large","max-video-preview":"max-video-preview:-1"},"canonical":"https:\/\/dr-frati.com\/it\/liposuzione-vaser-londra\/","og_locale":"it_IT","og_type":"article","og_title":"La migliore liposuzione Vaser a Londra | Dr Frati Cosmetic Surgery","og_description":"La migliore liposuzione Vaser a Londra, eseguita dal \"chirurgo delle star\" Dott. Frati. Il Dott. Frati offre i migliori risultati che fanno s\u00ec che le celebrit\u00e0 tornino a trovarci!","og_url":"https:\/\/dr-frati.com\/it\/liposuzione-vaser-londra\/","og_site_name":"Dr Frati Cosmetic Surgery","article_publisher":"https:\/\/www.facebook.com\/drriccardofrati\/","article_modified_time":"2025-11-21T08:27:31+00:00","og_image":[{"width":1000,"height":668,"url":"https:\/\/dr-frati.com\/wp-content\/uploads\/2019\/10\/shutterstock_1011914557.jpg","type":"image\/jpeg"}],"twitter_card":"summary_large_image","twitter_site":"@drfraticosmetic","twitter_misc":{"Tempo di lettura stimato":"3 minuti"},"schema":{"@context":"https:\/\/schema.org","@graph":[{"@type":"WebPage","@id":"https:\/\/dr-frati.com\/it\/liposuzione-vaser-londra\/","url":"https:\/\/dr-frati.com\/it\/liposuzione-vaser-londra\/","name":"La migliore liposuzione Vaser a Londra | Dr Frati Cosmetic Surgery","isPartOf":{"@id":"https:\/\/dr-frati.com\/it\/#website"},"primaryImageOfPage":{"@id":"https:\/\/dr-frati.com\/it\/liposuzione-vaser-londra\/#primaryimage"},"image":{"@id":"https:\/\/dr-frati.com\/it\/liposuzione-vaser-londra\/#primaryimage"},"thumbnailUrl":"https:\/\/www.dr-frati.com\/wp-content\/uploads\/2019\/10\/shutterstock_1011914557-300x200.jpg","datePublished":"2023-01-26T18:40:36+00:00","dateModified":"2025-11-21T08:27:31+00:00","description":"La migliore liposuzione Vaser a Londra, eseguita dal \"chirurgo delle star\" Dott. Frati. Il Dott. Frati offre i migliori risultati che fanno s\u00ec che le celebrit\u00e0 tornino a trovarci!","breadcrumb":{"@id":"https:\/\/dr-frati.com\/it\/liposuzione-vaser-londra\/#breadcrumb"},"inLanguage":"it-IT","potentialAction":[{"@type":"ReadAction","target":["https:\/\/dr-frati.com\/it\/liposuzione-vaser-londra\/"]}]},{"@type":"ImageObject","inLanguage":"it-IT","@id":"https:\/\/dr-frati.com\/it\/liposuzione-vaser-londra\/#primaryimage","url":"https:\/\/www.dr-frati.com\/wp-content\/uploads\/2019\/10\/shutterstock_1011914557-300x200.jpg","contentUrl":"https:\/\/www.dr-frati.com\/wp-content\/uploads\/2019\/10\/shutterstock_1011914557-300x200.jpg"},{"@type":"BreadcrumbList","@id":"https:\/\/dr-frati.com\/it\/liposuzione-vaser-londra\/#breadcrumb","itemListElement":[{"@type":"ListItem","position":1,"name":"Home","item":"https:\/\/dr-frati.com\/it\/casa\/"},{"@type":"ListItem","position":2,"name":"Liposuzione Vaser Londra"}]},{"@type":"WebSite","@id":"https:\/\/dr-frati.com\/it\/#website","url":"https:\/\/dr-frati.com\/it\/","name":"Dr Frati Cosmetic Surgery","description":"Dr Frati Cosmetic Surgery","publisher":{"@id":"https:\/\/dr-frati.com\/it\/#organization"},"potentialAction":[{"@type":"SearchAction","target":{"@type":"EntryPoint","urlTemplate":"https:\/\/dr-frati.com\/it\/?s={search_term_string}"},"query-input":{"@type":"PropertyValueSpecification","valueRequired":true,"valueName":"search_term_string"}}],"inLanguage":"it-IT"},{"@type":"Organization","@id":"https:\/\/dr-frati.com\/it\/#organization","name":"Dr Frati Cosmetic Surgery","url":"https:\/\/dr-frati.com\/it\/","logo":{"@type":"ImageObject","inLanguage":"it-IT","@id":"https:\/\/dr-frati.com\/it\/#\/schema\/logo\/image\/","url":"https:\/\/dr-frati.com\/wp-content\/uploads\/2019\/07\/frlogobw.jpg","contentUrl":"https:\/\/dr-frati.com\/wp-content\/uploads\/2019\/07\/frlogobw.jpg","width":532,"height":201,"caption":"Dr Frati Cosmetic Surgery"},"image":{"@id":"https:\/\/dr-frati.com\/it\/#\/schema\/logo\/image\/"},"sameAs":["https:\/\/www.facebook.com\/drriccardofrati\/","https:\/\/x.com\/drfraticosmetic","https:\/\/www.instagram.com\/fraticosmeticsurgery\/?hl=en"]}]}},"_links":{"self":[{"href":"https:\/\/dr-frati.com\/it\/wp-json\/wp\/v2\/pages\/14996","targetHints":{"allow":["GET"]}}],"collection":[{"href":"https:\/\/dr-frati.com\/it\/wp-json\/wp\/v2\/pages"}],"about":[{"href":"https:\/\/dr-frati.com\/it\/wp-json\/wp\/v2\/types\/page"}],"author":[{"embeddable":true,"href":"https:\/\/dr-frati.com\/it\/wp-json\/wp\/v2\/users\/2"}],"replies":[{"embeddable":true,"href":"https:\/\/dr-frati.com\/it\/wp-json\/wp\/v2\/comments?post=14996"}],"version-history":[{"count":1,"href":"https:\/\/dr-frati.com\/it\/wp-json\/wp\/v2\/pages\/14996\/revisions"}],"predecessor-version":[{"id":15054,"href":"https:\/\/dr-frati.com\/it\/wp-json\/wp\/v2\/pages\/14996\/revisions\/15054"}],"wp:attachment":[{"href":"https:\/\/dr-frati.com\/it\/wp-json\/wp\/v2\/media?parent=14996"}],"curies":[{"name":"wp","href":"https:\/\/api.w.org\/{rel}","templated":true}]}}